{"id":892,"date":"2024-08-01T13:05:54","date_gmt":"2024-08-01T16:05:54","guid":{"rendered":"https:\/\/upstardigital.com\/?page_id=892"},"modified":"2026-04-13T11:54:20","modified_gmt":"2026-04-13T14:54:20","slug":"quem-somos","status":"publish","type":"page","link":"https:\/\/upstardigital.com\/ar_eu\/quem-somos\/","title":{"rendered":"Who we are"},"content":{"rendered":"<html><body><p><\/p>\n\n\n\n<ol class=\"wp-block-list\">\n<li><strong>\u0647\u062f\u0641 Up Star \u0627\u0644\u0631\u0642\u0645\u064a:<\/strong>\u00a0\u0646\u062d\u0646 \u0645\u0646\u0635\u0629 \u0645\u062e\u0635\u0635\u0629 \u0644\u062a\u0642\u062f\u064a\u0645 \u0645\u062d\u062a\u0648\u0649 \u0648\u0645\u0639\u0631\u0641\u0629 \u0639\u0627\u0644\u064a\u0629 \u0627\u0644\u062c\u0648\u062f\u0629 \u0644\u0645\u0633\u062a\u062e\u062f\u0645\u064a\u0646\u0627. \u0645\u0647\u0645\u062a\u0646\u0627 \u0647\u064a \u0627\u0633\u062a\u062e\u062f\u0627\u0645 \u0627\u0644\u062a\u0643\u0646\u0648\u0644\u0648\u062c\u064a\u0627 \u0628\u0634\u0643\u0644 \u0641\u0639\u0627\u0644 \u0644\u062a\u0642\u062f\u064a\u0645 \u0627\u0644\u0645\u0639\u0644\u0648\u0645\u0627\u062a \u0627\u0644\u0642\u064a\u0645\u0629 \u0648\u0630\u0627\u062a \u0627\u0644\u0635\u0644\u0629 \u0625\u0644\u0649 \u062c\u0645\u064a\u0639 \u0623\u0646\u062d\u0627\u0621 \u0627\u0644\u0639\u0627\u0644\u0645.<\/li>\n\n\n\n<li><strong>\u0627\u0644\u0641\u0631\u064a\u0642 \u0627\u0644\u0645\u0624\u0647\u0644:<\/strong>\u00a0\u062a\u062a\u0645 \u0625\u062f\u0627\u0631\u0629 \u0645\u0648\u0642\u0639\u0646\u0627 \u0645\u0646 \u0642\u0628\u0644 \u0641\u0631\u064a\u0642 \u0645\u0646 \u0627\u0644\u0643\u062a\u0627\u0628 \u0630\u0648\u064a \u0627\u0644\u062e\u0628\u0631\u0629 \u0648\u0627\u0644\u0645\u0624\u0647\u0644\u064a\u0646\u060c \u0645\u0639 \u0645\u0639\u0631\u0641\u0629 \u0645\u062a\u0639\u0645\u0642\u0629 \u0628\u0627\u0644\u0645\u0648\u0636\u0648\u0639\u0627\u062a \u0648\u0627\u0644\u0641\u0626\u0627\u062a \u0627\u0644\u062a\u064a \u062a\u063a\u0637\u064a\u0647\u0627 \u0645\u0646\u0634\u0648\u0631\u0627\u062a\u0646\u0627. \u0647\u062f\u0641\u0646\u0627 \u0647\u0648 \u0627\u0644\u062a\u0623\u0643\u062f \u0645\u0646 \u0623\u0646 \u0627\u0644\u0645\u062d\u062a\u0648\u0649 \u0627\u0644\u0630\u064a \u0646\u0642\u062f\u0645\u0647 \u063a\u0646\u064a \u0628\u0627\u0644\u0645\u0639\u0644\u0648\u0645\u0627\u062a \u0648\u062f\u0642\u064a\u0642 \u0648\u0630\u0648 \u062c\u0648\u062f\u0629 \u0639\u0627\u0644\u064a\u0629.<\/li>\n\n\n\n<li><strong>\u0645\u062d\u062a\u0648\u0649 \u0645\u062a\u0646\u0648\u0639:<\/strong>\u00a0\u0645\u0646 \u062e\u0644\u0627\u0644 \u0627\u0644\u0648\u0635\u0648\u0644 \u0625\u0644\u0649 \u0645\u0648\u0642\u0639\u0646\u0627 \u0639\u0644\u0649 \u0634\u0628\u0643\u0629 \u0627\u0644\u0625\u0646\u062a\u0631\u0646\u062a\u060c \u0633\u064a\u0643\u0648\u0646 \u0644\u062f\u064a\u0643 \u0627\u0644\u0641\u0631\u0635\u0629 \u0644\u0627\u0643\u062a\u0633\u0627\u0628 \u0627\u0644\u0645\u0639\u0631\u0641\u0629 \u062d\u0648\u0644 \u0645\u062c\u0645\u0648\u0639\u0629 \u0645\u062a\u0646\u0648\u0639\u0629 \u0645\u0646 \u0627\u0644\u0645\u0648\u0627\u0636\u064a\u0639\u060c \u0639\u0644\u0649 \u0627\u0644\u0635\u0639\u064a\u062f\u064a\u0646 \u0627\u0644\u0648\u0637\u0646\u064a \u0648\u0627\u0644\u062f\u0648\u0644\u064a. \u0647\u062f\u0641\u0646\u0627 \u0647\u0648 \u062a\u0648\u0641\u064a\u0631 \u0627\u0644\u0645\u0639\u0644\u0648\u0645\u0627\u062a \u0630\u0627\u062a \u0627\u0644\u0635\u0644\u0629 \u0648\u0627\u0644\u0645\u062b\u064a\u0631\u0629 \u0644\u0644\u0627\u0647\u062a\u0645\u0627\u0645 \u0644\u0645\u0633\u062a\u062e\u062f\u0645\u064a\u0646\u0627 \u0639\u0628\u0631 \u0645\u062c\u0627\u0644\u0627\u062a \u0627\u0644\u0627\u0647\u062a\u0645\u0627\u0645 \u0627\u0644\u0645\u062e\u062a\u0644\u0641\u0629.<\/li>\n\n\n\n<li><strong>\u0645\u0633\u0624\u0648\u0644\u064a\u0629 \u0627\u0644\u0645\u0633\u062a\u062e\u062f\u0645:<\/strong>\u00a0\u0625\u0646 \u0627\u0633\u062a\u062e\u062f\u0627\u0645 \u0623\u064a \u0645\u0639\u0644\u0648\u0645\u0627\u062a \u0623\u0648 \u0645\u0648\u0627\u062f \u0645\u0648\u062c\u0648\u062f\u0629 \u0639\u0644\u0649 \u0647\u0630\u0627 \u0627\u0644\u0645\u0648\u0642\u0639 \u064a\u0643\u0648\u0646 \u0639\u0644\u0649 \u0645\u0633\u0624\u0648\u0644\u064a\u0629 \u0627\u0644\u0645\u0633\u062a\u062e\u062f\u0645 \u0627\u0644\u062e\u0627\u0635\u0629. \u0646\u062d\u0646 \u0644\u0627 \u0646\u0636\u0645\u0646 \u062f\u0642\u0629 \u0623\u0648 \u062a\u0648\u0642\u064a\u062a \u0623\u0648 \u0627\u0643\u062a\u0645\u0627\u0644 \u0623\u0648 \u0645\u0644\u0627\u0621\u0645\u0629 \u0627\u0644\u0645\u0639\u0644\u0648\u0645\u0627\u062a \u0648\u0627\u0644\u0645\u0648\u0627\u062f \u0627\u0644\u0645\u0648\u062c\u0648\u062f\u0629 \u0623\u0648 \u0627\u0644\u0645\u0642\u062f\u0645\u0629 \u0639\u0644\u0649 \u0647\u0630\u0627 \u0627\u0644\u0645\u0648\u0642\u0639 \u0644\u0623\u064a \u063a\u0631\u0636 \u0645\u0639\u064a\u0646.<\/li>\n<\/ol>\n\n\n\n<p>\u0645\u0646 \u062e\u0644\u0627\u0644 \u0627\u0644\u0648\u0635\u0648\u0644 \u0625\u0644\u0649 \u0647\u0630\u0627 \u0627\u0644\u0645\u0648\u0642\u0639 \u0623\u0648 \u0627\u0633\u062a\u062e\u062f\u0627\u0645\u0647\u060c \u0641\u0625\u0646\u0643 \u062a\u0648\u0627\u0641\u0642 \u0639\u0644\u0649 \u0634\u0631\u0648\u0637 \u0627\u0644\u0627\u0633\u062a\u062e\u062f\u0627\u0645 \u0647\u0630\u0647. \u0625\u0630\u0627 \u0643\u0627\u0646 \u0644\u062f\u064a\u0643 \u0623\u064a \u0623\u0633\u0626\u0644\u0629 \u0623\u0648 \u0627\u0633\u062a\u0641\u0633\u0627\u0631\u0627\u062a \u062d\u0648\u0644 \u0647\u0630\u0647 \u0627\u0644\u0634\u0631\u0648\u0637\u060c \u064a\u0631\u062c\u0649 \u0627\u0644\u0627\u062a\u0635\u0627\u0644 \u0628\u0646\u0627. \u0634\u0643\u0631\u0627 \u0644\u0643\u0645 \u0644\u0632\u064a\u0627\u0631\u0629 <strong>\u0627\u0628 \u0633\u062a\u0627\u0631 \u062f\u064a\u062c\u064a\u062a\u0627\u0644<\/strong>!<\/p>\n\n\n\n<p><\/p>\n<\/body><\/html>","protected":false},"excerpt":{"rendered":"<p>Ao acessar ou utilizar este site, voc\u00ea concorda com estes termos de uso. Se voc\u00ea tiver alguma d\u00favida ou preocupa\u00e7\u00e3o sobre estes termos, entre em contato conosco. Agradecemos por visitar o Up Star Digital!<\/p>","protected":false},"author":2,"featured_media":0,"parent":0,"menu_order":0,"comment_status":"closed","ping_status":"closed","template":"","meta":{"footnotes":""},"class_list":["post-892","page","type-page","status-publish","hentry"],"yoast_head":"<!-- This site is optimized with the Yoast SEO plugin v27.4 - https:\/\/yoast.com\/product\/yoast-seo-wordpress\/ -->\n<title>Quem somos -<\/title>\n<meta name=\"robots\" content=\"index, follow, max-snippet:-1, max-image-preview:large, max-video-preview:-1\" \/>\n<link rel=\"canonical\" href=\"https:\/\/upstardigital.com\/ar_eu\/quem-somos\/\" \/>\n<meta property=\"og:locale\" content=\"ar_AR\" \/>\n<meta property=\"og:type\" content=\"article\" \/>\n<meta property=\"og:title\" content=\"Quem somos -\" \/>\n<meta property=\"og:description\" content=\"Ao acessar ou utilizar este site, voc\u00ea concorda com estes termos de uso. Se voc\u00ea tiver alguma d\u00favida ou preocupa\u00e7\u00e3o sobre estes termos, entre em contato conosco. Agradecemos por visitar o Up Star Digital!\" \/>\n<meta property=\"og:url\" content=\"https:\/\/upstardigital.com\/ar_eu\/quem-somos\/\" \/>\n<meta property=\"article:modified_time\" content=\"2026-04-13T14:54:20+00:00\" \/>\n<meta name=\"twitter:card\" content=\"summary_large_image\" \/>\n<meta name=\"twitter:label1\" content=\"Est. reading time\" \/>\n\t<meta name=\"twitter:data1\" content=\"2 minutes\" \/>\n<script type=\"application\/ld+json\" class=\"yoast-schema-graph\">{\"@context\":\"https:\\\/\\\/schema.org\",\"@graph\":[{\"@type\":\"WebPage\",\"@id\":\"https:\\\/\\\/upstardigital.com\\\/quem-somos\\\/\",\"url\":\"https:\\\/\\\/upstardigital.com\\\/quem-somos\\\/\",\"name\":\"Quem somos -\",\"isPartOf\":{\"@id\":\"https:\\\/\\\/upstardigital.com\\\/#website\"},\"datePublished\":\"2024-08-01T16:05:54+00:00\",\"dateModified\":\"2026-04-13T14:54:20+00:00\",\"breadcrumb\":{\"@id\":\"https:\\\/\\\/upstardigital.com\\\/quem-somos\\\/#breadcrumb\"},\"inLanguage\":\"ar-eu\",\"potentialAction\":[{\"@type\":\"ReadAction\",\"target\":[\"https:\\\/\\\/upstardigital.com\\\/quem-somos\\\/\"]}]},{\"@type\":\"BreadcrumbList\",\"@id\":\"https:\\\/\\\/upstardigital.com\\\/quem-somos\\\/#breadcrumb\",\"itemListElement\":[{\"@type\":\"ListItem\",\"position\":1,\"name\":\"In\u00edcio\",\"item\":\"https:\\\/\\\/upstardigital.com\\\/\"},{\"@type\":\"ListItem\",\"position\":2,\"name\":\"Quem somos\"}]},{\"@type\":\"WebSite\",\"@id\":\"https:\\\/\\\/upstardigital.com\\\/#website\",\"url\":\"https:\\\/\\\/upstardigital.com\\\/\",\"name\":\"\",\"description\":\"\",\"potentialAction\":[{\"@type\":\"SearchAction\",\"target\":{\"@type\":\"EntryPoint\",\"urlTemplate\":\"https:\\\/\\\/upstardigital.com\\\/?s={search_term_string}\"},\"query-input\":{\"@type\":\"PropertyValueSpecification\",\"valueRequired\":true,\"valueName\":\"search_term_string\"}}],\"inLanguage\":\"ar-eu\"}]}<\/script>\n<!-- \/ Yoast SEO plugin. -->","yoast_head_json":{"title":"\u0645\u0646 \u0646\u062d\u0646 -","robots":{"index":"index","follow":"follow","max-snippet":"max-snippet:-1","max-image-preview":"max-image-preview:large","max-video-preview":"max-video-preview:-1"},"canonical":"https:\/\/upstardigital.com\/ar_eu\/quem-somos\/","og_locale":"ar_AR","og_type":"article","og_title":"Quem somos -","og_description":"Ao acessar ou utilizar este site, voc\u00ea concorda com estes termos de uso. Se voc\u00ea tiver alguma d\u00favida ou preocupa\u00e7\u00e3o sobre estes termos, entre em contato conosco. Agradecemos por visitar o Up Star Digital!","og_url":"https:\/\/upstardigital.com\/ar_eu\/quem-somos\/","article_modified_time":"2026-04-13T14:54:20+00:00","twitter_card":"summary_large_image","twitter_misc":{"Est. reading time":"2 minutes"},"schema":{"@context":"https:\/\/schema.org","@graph":[{"@type":"WebPage","@id":"https:\/\/upstardigital.com\/quem-somos\/","url":"https:\/\/upstardigital.com\/quem-somos\/","name":"\u0645\u0646 \u0646\u062d\u0646 -","isPartOf":{"@id":"https:\/\/upstardigital.com\/#website"},"datePublished":"2024-08-01T16:05:54+00:00","dateModified":"2026-04-13T14:54:20+00:00","breadcrumb":{"@id":"https:\/\/upstardigital.com\/quem-somos\/#breadcrumb"},"inLanguage":"ar-eu","potentialAction":[{"@type":"ReadAction","target":["https:\/\/upstardigital.com\/quem-somos\/"]}]},{"@type":"BreadcrumbList","@id":"https:\/\/upstardigital.com\/quem-somos\/#breadcrumb","itemListElement":[{"@type":"ListItem","position":1,"name":"In\u00edcio","item":"https:\/\/upstardigital.com\/"},{"@type":"ListItem","position":2,"name":"Quem somos"}]},{"@type":"WebSite","@id":"https:\/\/upstardigital.com\/#website","url":"https:\/\/upstardigital.com\/","name":"","description":"","potentialAction":[{"@type":"SearchAction","target":{"@type":"EntryPoint","urlTemplate":"https:\/\/upstardigital.com\/?s={search_term_string}"},"query-input":{"@type":"PropertyValueSpecification","valueRequired":true,"valueName":"search_term_string"}}],"inLanguage":"ar-eu"}]}},"_links":{"self":[{"href":"https:\/\/upstardigital.com\/ar_eu\/wp-json\/wp\/v2\/pages\/892","targetHints":{"allow":["GET"]}}],"collection":[{"href":"https:\/\/upstardigital.com\/ar_eu\/wp-json\/wp\/v2\/pages"}],"about":[{"href":"https:\/\/upstardigital.com\/ar_eu\/wp-json\/wp\/v2\/types\/page"}],"author":[{"embeddable":true,"href":"https:\/\/upstardigital.com\/ar_eu\/wp-json\/wp\/v2\/users\/2"}],"replies":[{"embeddable":true,"href":"https:\/\/upstardigital.com\/ar_eu\/wp-json\/wp\/v2\/comments?post=892"}],"version-history":[{"count":2,"href":"https:\/\/upstardigital.com\/ar_eu\/wp-json\/wp\/v2\/pages\/892\/revisions"}],"predecessor-version":[{"id":1652,"href":"https:\/\/upstardigital.com\/ar_eu\/wp-json\/wp\/v2\/pages\/892\/revisions\/1652"}],"wp:attachment":[{"href":"https:\/\/upstardigital.com\/ar_eu\/wp-json\/wp\/v2\/media?parent=892"}],"curies":[{"name":"wp","href":"https:\/\/api.w.org\/{rel}","templated":true}]}}