{"id":896,"date":"2024-08-01T13:11:46","date_gmt":"2024-08-01T16:11:46","guid":{"rendered":"https:\/\/upstardigital.com\/?page_id=896"},"modified":"2024-08-01T13:11:58","modified_gmt":"2024-08-01T16:11:58","slug":"disclaimer","status":"publish","type":"page","link":"https:\/\/upstardigital.com\/ar_eu\/disclaimer\/","title":{"rendered":"Disclaimer"},"content":{"rendered":"<html><body><p><strong>\u0627\u0646\u062a\u0628\u0627\u0647:<\/strong>\u00a0THE <strong>\u0627\u0628 \u0633\u062a\u0627\u0631 \u062f\u064a\u062c\u064a\u062a\u0627\u0644<\/strong> \u0644\u0627 \u064a\u0637\u0644\u0628 \u0627\u0644\u0645\u0627\u0644 \u0645\u0646 \u0645\u0633\u062a\u062e\u062f\u0645\u064a\u0647. \u0648\u0644\u0630\u0644\u0643\u060c \u0625\u0630\u0627 \u0643\u0646\u062a \u062a\u062a\u0635\u0641\u062d \u0627\u0644\u0645\u0648\u0642\u0639 \u0627\u0644\u0625\u0644\u0643\u062a\u0631\u0648\u0646\u064a \u0648\u0638\u0647\u0631\u062a \u0644\u0643 \u0646\u0627\u0641\u0630\u0629 \u062a\u0637\u0644\u0628 \u0645\u0646\u0643 \u0630\u0644\u0643\u060c \u0641\u064a\u0631\u062c\u0649 \u0625\u0628\u0644\u0627\u063a\u0646\u0627 \u0628\u0630\u0644\u0643 \u0648\u0625\u063a\u0644\u0627\u0642 \u0627\u0644\u0645\u0648\u0642\u0639 \u0639\u0644\u0649 \u0627\u0644\u0641\u0648\u0631.<\/p>\n\n\n\n<p><strong>\u0645\u0644\u062d\u0648\u0638\u0627\u062a:<\/strong>\u00a0THE <strong>\u0627\u0628 \u0633\u062a\u0627\u0631 \u062f\u064a\u062c\u064a\u062a\u0627\u0644<\/strong> \u0647\u0648 \u0645\u0648\u0642\u0639 \u0648\u064a\u0628 \u0625\u0639\u0644\u0627\u0645\u064a \u064a\u0631\u064a\u062f \u062f\u0627\u0626\u0645\u064b\u0627 \u062a\u0642\u062f\u064a\u0645 \u0645\u062d\u062a\u0648\u0649 \u0639\u0627\u0644\u064a \u0627\u0644\u062c\u0648\u062f\u0629 \u0644\u0645\u0633\u062a\u062e\u062f\u0645\u064a\u0647. \u0648\u0645\u0639 \u0630\u0644\u0643\u060c \u0645\u0639 \u0627\u0644\u0633\u0631\u0639\u0629 \u0627\u0644\u062a\u064a \u062a\u062a\u063a\u064a\u0631 \u0628\u0647\u0627 \u0627\u0644\u0645\u0639\u0644\u0648\u0645\u0627\u062a\u060c \u0642\u062f \u062a\u0635\u0628\u062d \u0628\u0639\u0636 \u0627\u0644\u0645\u0642\u0627\u0644\u0627\u062a \u0642\u062f\u064a\u0645\u0629.<\/p>\n\n\n\n<p>\u0639\u0644\u0649 \u0627\u0644\u0631\u063a\u0645 \u0645\u0646 \u0623\u0646\u0646\u0627 \u0646\u0633\u0639\u0649 \u062c\u0627\u0647\u062f\u064a\u0646 \u0644\u062a\u062d\u062f\u064a\u062b \u0645\u0648\u0642\u0639\u0646\u0627 \u0627\u0644\u0625\u0644\u0643\u062a\u0631\u0648\u0646\u064a\u060c \u0625\u0644\u0627 \u0623\u0646\u0646\u0627 \u0644\u0633\u0646\u0627 \u0645\u0633\u0624\u0648\u0644\u064a\u0646 \u0625\u0630\u0627 \u0643\u0627\u0646 \u0647\u0646\u0627\u0643 \u0634\u064a\u0621 \u064a\u062e\u062a\u0644\u0641 \u0639\u0646 \u0627\u0644\u0645\u0648\u0627\u0642\u0639 \u0627\u0644\u0623\u062e\u0631\u0649.<\/p>\n\n\n\n<p><strong>\u0627\u0644\u0634\u0631\u0643\u0627\u0621:<\/strong>\u00a0\u0627\u0644\u0645\u0635\u062f\u0631 \u0627\u0644\u0631\u0626\u064a\u0633\u064a \u0644\u0644\u062f\u062e\u0644 \u0644 <strong>\u0627\u0628 \u0633\u062a\u0627\u0631 \u062f\u064a\u062c\u064a\u062a\u0627\u0644<\/strong> \u064a\u062a\u0645 \u0645\u0646 \u062e\u0644\u0627\u0644 \u0627\u0644\u0625\u0639\u0644\u0627\u0646\u0627\u062a. \u0648\u0645\u0646 \u062e\u0644\u0627\u0644 \u0627\u0644\u0634\u0631\u0643\u0627\u0621 \u0627\u0644\u0625\u0639\u0644\u0627\u0646\u064a\u064a\u0646 \u064a\u062d\u0635\u0644 \u0627\u0644\u0645\u0648\u0642\u0639 \u0639\u0644\u0649 \u062d\u0635\u0629 \u0645\u0646 \u0627\u0644\u0623\u0631\u0628\u0627\u062d. \u0648\u0645\u0639 \u0630\u0644\u0643\u060c \u064a\u062c\u0628 \u0627\u0644\u062a\u0648\u0636\u064a\u062d \u0623\u0646\u0646\u0627 \u0644\u0633\u0646\u0627 \u0645\u0633\u0624\u0648\u0644\u064a\u0646 \u0639\u0646 \u0627\u0644\u0625\u0639\u0644\u0627\u0646\u0627\u062a \u0627\u0644\u062a\u064a \u062a\u0638\u0647\u0631 \u0639\u0644\u0649 \u0647\u0630\u0627 \u0627\u0644\u0645\u0648\u0642\u0639.<\/p>\n\n\n\n<p><strong>\u0627\u0644\u0627\u0639\u062a\u0628\u0627\u0631\u0627\u062a:<\/strong>\u00a0\u0625\u0630\u0627 \u0643\u0646\u062a \u0628\u062d\u0627\u062c\u0629 \u0625\u0644\u0649 \u0645\u0639\u0644\u0648\u0645\u0627\u062a \u0639\u0627\u0644\u064a\u0629 \u0627\u0644\u062c\u0648\u062f\u0629\u060c \u0641\u062a\u0623\u0643\u062f \u0645\u0646 \u0627\u0644\u0628\u062d\u062b \u0639\u0646\u0647\u0627 <strong>\u0627\u0628 \u0633\u062a\u0627\u0631 \u062f\u064a\u062c\u064a\u062a\u0627\u0644<\/strong> \u0644\u0630\u0644\u0643. \u0648\u0645\u0639 \u0630\u0644\u0643\u060c \u0636\u0639 \u0641\u064a \u0627\u0639\u062a\u0628\u0627\u0631\u0643 \u0645\u0631\u0629 \u0623\u062e\u0631\u0649 \u0623\u0646 \u0627\u0644\u0645\u0642\u0627\u0644\u0627\u062a \u0644\u0627 \u064a\u062a\u0645 \u062a\u062d\u062f\u064a\u062b\u0647\u0627 \u062f\u0627\u0626\u0645\u064b\u0627. \u0644\u0630\u0644\u0643\u060c \u0625\u0630\u0627 \u0643\u0646\u062a \u0628\u062d\u0627\u062c\u0629 \u0625\u0644\u0649 \u0645\u062d\u062a\u0648\u0649 \u0645\u062d\u062f\u062b\u060c \u0641\u0627\u0628\u062d\u062b \u0639\u0646 \u0627\u0644\u0645\u0648\u0642\u0639 \u0627\u0644\u0631\u0633\u0645\u064a.<\/p>\n<\/body><\/html>","protected":false},"excerpt":{"rendered":"<p>Aten\u00e7\u00e3o:\u00a0O Up Star Digital n\u00e3o solicita dinheiro para os seus usu\u00e1rios. Portanto, caso voc\u00ea esteja navegando no site e apare\u00e7a uma janela lhe solicitando isso, nos avise e feche o site imediatamente. Observa\u00e7\u00f5es:\u00a0O Up Star Digital \u00e9 um site informativo que deseja sempre fornecer conte\u00fado de qualidade aos seus usu\u00e1rios. Contudo, com a velocidade que [&hellip;]<\/p>\n","protected":false},"author":2,"featured_media":0,"parent":0,"menu_order":0,"comment_status":"closed","ping_status":"closed","template":"","meta":{"footnotes":""},"class_list":["post-896","page","type-page","status-publish","hentry"],"yoast_head":"<!-- This site is optimized with the Yoast SEO plugin v27.4 - https:\/\/yoast.com\/product\/yoast-seo-wordpress\/ -->\n<title>Disclaimer -<\/title>\n<meta name=\"robots\" content=\"index, follow, max-snippet:-1, max-image-preview:large, max-video-preview:-1\" \/>\n<link rel=\"canonical\" href=\"https:\/\/upstardigital.com\/ar_eu\/disclaimer\/\" \/>\n<meta property=\"og:locale\" content=\"ar_AR\" \/>\n<meta property=\"og:type\" content=\"article\" \/>\n<meta property=\"og:title\" content=\"Disclaimer -\" \/>\n<meta property=\"og:description\" content=\"Aten\u00e7\u00e3o:\u00a0O Up Star Digital n\u00e3o solicita dinheiro para os seus usu\u00e1rios. Portanto, caso voc\u00ea esteja navegando no site e apare\u00e7a uma janela lhe solicitando isso, nos avise e feche o site imediatamente. Observa\u00e7\u00f5es:\u00a0O Up Star Digital \u00e9 um site informativo que deseja sempre fornecer conte\u00fado de qualidade aos seus usu\u00e1rios. Contudo, com a velocidade que [&hellip;]\" \/>\n<meta property=\"og:url\" content=\"https:\/\/upstardigital.com\/ar_eu\/disclaimer\/\" \/>\n<meta property=\"article:modified_time\" content=\"2024-08-01T16:11:58+00:00\" \/>\n<meta name=\"twitter:card\" content=\"summary_large_image\" \/>\n<meta name=\"twitter:label1\" content=\"Est. reading time\" \/>\n\t<meta name=\"twitter:data1\" content=\"1 minute\" \/>\n<script type=\"application\/ld+json\" class=\"yoast-schema-graph\">{\"@context\":\"https:\\\/\\\/schema.org\",\"@graph\":[{\"@type\":\"WebPage\",\"@id\":\"https:\\\/\\\/upstardigital.com\\\/disclaimer\\\/\",\"url\":\"https:\\\/\\\/upstardigital.com\\\/disclaimer\\\/\",\"name\":\"Disclaimer -\",\"isPartOf\":{\"@id\":\"https:\\\/\\\/upstardigital.com\\\/#website\"},\"datePublished\":\"2024-08-01T16:11:46+00:00\",\"dateModified\":\"2024-08-01T16:11:58+00:00\",\"breadcrumb\":{\"@id\":\"https:\\\/\\\/upstardigital.com\\\/disclaimer\\\/#breadcrumb\"},\"inLanguage\":\"ar-eu\",\"potentialAction\":[{\"@type\":\"ReadAction\",\"target\":[\"https:\\\/\\\/upstardigital.com\\\/disclaimer\\\/\"]}]},{\"@type\":\"BreadcrumbList\",\"@id\":\"https:\\\/\\\/upstardigital.com\\\/disclaimer\\\/#breadcrumb\",\"itemListElement\":[{\"@type\":\"ListItem\",\"position\":1,\"name\":\"In\u00edcio\",\"item\":\"https:\\\/\\\/upstardigital.com\\\/\"},{\"@type\":\"ListItem\",\"position\":2,\"name\":\"Disclaimer\"}]},{\"@type\":\"WebSite\",\"@id\":\"https:\\\/\\\/upstardigital.com\\\/#website\",\"url\":\"https:\\\/\\\/upstardigital.com\\\/\",\"name\":\"\",\"description\":\"\",\"potentialAction\":[{\"@type\":\"SearchAction\",\"target\":{\"@type\":\"EntryPoint\",\"urlTemplate\":\"https:\\\/\\\/upstardigital.com\\\/?s={search_term_string}\"},\"query-input\":{\"@type\":\"PropertyValueSpecification\",\"valueRequired\":true,\"valueName\":\"search_term_string\"}}],\"inLanguage\":\"ar-eu\"}]}<\/script>\n<!-- \/ Yoast SEO plugin. -->","yoast_head_json":{"title":"\u062a\u0646\u0635\u0644 -","robots":{"index":"index","follow":"follow","max-snippet":"max-snippet:-1","max-image-preview":"max-image-preview:large","max-video-preview":"max-video-preview:-1"},"canonical":"https:\/\/upstardigital.com\/ar_eu\/disclaimer\/","og_locale":"ar_AR","og_type":"article","og_title":"Disclaimer -","og_description":"Aten\u00e7\u00e3o:\u00a0O Up Star Digital n\u00e3o solicita dinheiro para os seus usu\u00e1rios. Portanto, caso voc\u00ea esteja navegando no site e apare\u00e7a uma janela lhe solicitando isso, nos avise e feche o site imediatamente. Observa\u00e7\u00f5es:\u00a0O Up Star Digital \u00e9 um site informativo que deseja sempre fornecer conte\u00fado de qualidade aos seus usu\u00e1rios. Contudo, com a velocidade que [&hellip;]","og_url":"https:\/\/upstardigital.com\/ar_eu\/disclaimer\/","article_modified_time":"2024-08-01T16:11:58+00:00","twitter_card":"summary_large_image","twitter_misc":{"Est. reading time":"1 minute"},"schema":{"@context":"https:\/\/schema.org","@graph":[{"@type":"WebPage","@id":"https:\/\/upstardigital.com\/disclaimer\/","url":"https:\/\/upstardigital.com\/disclaimer\/","name":"\u062a\u0646\u0635\u0644 -","isPartOf":{"@id":"https:\/\/upstardigital.com\/#website"},"datePublished":"2024-08-01T16:11:46+00:00","dateModified":"2024-08-01T16:11:58+00:00","breadcrumb":{"@id":"https:\/\/upstardigital.com\/disclaimer\/#breadcrumb"},"inLanguage":"ar-eu","potentialAction":[{"@type":"ReadAction","target":["https:\/\/upstardigital.com\/disclaimer\/"]}]},{"@type":"BreadcrumbList","@id":"https:\/\/upstardigital.com\/disclaimer\/#breadcrumb","itemListElement":[{"@type":"ListItem","position":1,"name":"In\u00edcio","item":"https:\/\/upstardigital.com\/"},{"@type":"ListItem","position":2,"name":"Disclaimer"}]},{"@type":"WebSite","@id":"https:\/\/upstardigital.com\/#website","url":"https:\/\/upstardigital.com\/","name":"","description":"","potentialAction":[{"@type":"SearchAction","target":{"@type":"EntryPoint","urlTemplate":"https:\/\/upstardigital.com\/?s={search_term_string}"},"query-input":{"@type":"PropertyValueSpecification","valueRequired":true,"valueName":"search_term_string"}}],"inLanguage":"ar-eu"}]}},"_links":{"self":[{"href":"https:\/\/upstardigital.com\/ar_eu\/wp-json\/wp\/v2\/pages\/896","targetHints":{"allow":["GET"]}}],"collection":[{"href":"https:\/\/upstardigital.com\/ar_eu\/wp-json\/wp\/v2\/pages"}],"about":[{"href":"https:\/\/upstardigital.com\/ar_eu\/wp-json\/wp\/v2\/types\/page"}],"author":[{"embeddable":true,"href":"https:\/\/upstardigital.com\/ar_eu\/wp-json\/wp\/v2\/users\/2"}],"replies":[{"embeddable":true,"href":"https:\/\/upstardigital.com\/ar_eu\/wp-json\/wp\/v2\/comments?post=896"}],"version-history":[{"count":1,"href":"https:\/\/upstardigital.com\/ar_eu\/wp-json\/wp\/v2\/pages\/896\/revisions"}],"predecessor-version":[{"id":897,"href":"https:\/\/upstardigital.com\/ar_eu\/wp-json\/wp\/v2\/pages\/896\/revisions\/897"}],"wp:attachment":[{"href":"https:\/\/upstardigital.com\/ar_eu\/wp-json\/wp\/v2\/media?parent=896"}],"curies":[{"name":"wp","href":"https:\/\/api.w.org\/{rel}","templated":true}]}}