{"id":2,"date":"2023-06-19T10:34:28","date_gmt":"2023-06-19T13:34:28","guid":{"rendered":"https:\/\/upstardigital.com\/?page_id=2"},"modified":"2023-06-19T20:59:39","modified_gmt":"2023-06-19T23:59:39","slug":"sobre-nos","status":"publish","type":"page","link":"https:\/\/upstardigital.com\/ar_mu\/sobre-nos\/","title":{"rendered":"\u0645\u0639\u0644\u0648\u0645\u0627\u062a \u0639\u0646\u0627"},"content":{"rendered":"<html><body><p>\u0647\u0630\u0647 \u0635\u0641\u062d\u0629 \u0645\u062b\u0627\u0644. \u0648\u0647\u0648 \u064a\u062e\u062a\u0644\u0641 \u0639\u0646 \u0645\u0646\u0634\u0648\u0631 \u0627\u0644\u0645\u062f\u0648\u0646\u0629 \u0644\u0623\u0646\u0647 \u0633\u064a\u0628\u0642\u0649 \u0641\u064a \u0645\u0643\u0627\u0646 \u0648\u0627\u062d\u062f \u0648\u0633\u064a\u0638\u0647\u0631 \u0641\u064a \u0627\u0644\u062a\u0646\u0642\u0644 \u0628\u0645\u0648\u0642\u0639\u0643 \u0641\u064a \u0645\u0639\u0638\u0645 \u0627\u0644\u0645\u0648\u0627\u0636\u064a\u0639. \u064a\u0628\u062f\u0623 \u0627\u0644\u0639\u062f\u064a\u062f \u0645\u0646 \u0627\u0644\u0623\u0634\u062e\u0627\u0635 \u0628\u0635\u0641\u062d\u0629 \u062a\u0642\u062f\u0645\u0647\u0645 \u0644\u0632\u0648\u0627\u0631 \u0645\u0648\u0642\u0639 \u0627\u0644\u0648\u064a\u0628 \u0627\u0644\u0645\u062d\u062a\u0645\u0644\u064a\u0646. \u0631\u0628\u0645\u0627 \u062a\u0642\u0648\u0644 \u0634\u064a\u0626\u064b\u0627 \u0643\u0647\u0630\u0627:<\/p>\n\n\n\n<blockquote class=\"wp-block-quote is-layout-flow wp-block-quote-is-layout-flow\"><p>\u0645\u0631\u062d\u0628\u064b\u0627! \u0623\u0646\u0627 \u0623\u0639\u0645\u0644 \u0633\u0627\u0639\u064a \u0628\u0631\u064a\u062f \u0628\u0627\u0644\u062f\u0631\u0627\u062c\u0629 \u0646\u0647\u0627\u0631\u064b\u0627\u060c \u0648\u0645\u0645\u062b\u0644 \u0637\u0645\u0648\u062d \u0644\u064a\u0644\u064b\u0627\u060c \u0648\u0647\u0630\u0627 \u0647\u0648 \u0645\u0648\u0642\u0639 \u0627\u0644\u0648\u064a\u0628 \u0627\u0644\u062e\u0627\u0635 \u0628\u064a. \u0623\u0639\u064a\u0634 \u0641\u064a \u0633\u0627\u0648 \u0628\u0627\u0648\u0644\u0648\u060c \u0648\u0644\u062f\u064a \u0643\u0644\u0628 \u0643\u0628\u064a\u0631 \u064a\u064f\u062f\u0639\u0649 \u0631\u064a\u0643\u0633 \u0648\u0623\u062d\u0628 \u0634\u0631\u0628 \u0627\u0644\u0643\u0627\u064a\u0628\u064a\u0631\u064a\u0646\u0647\u0627 (\u0648\u0627\u0644\u0627\u0633\u062a\u062d\u0645\u0627\u0645 \u0627\u0644\u0645\u0637\u0631\u064a).<\/p><\/blockquote>\n\n\n\n<p>\u2026ou alguma coisa assim:<\/p>\n\n\n\n<blockquote class=\"wp-block-quote is-layout-flow wp-block-quote-is-layout-flow\"><p>\u062a\u0623\u0633\u0633\u062a \u0634\u0631\u0643\u0629 XYZ Miniatures \u0641\u064a \u0639\u0627\u0645 1971\u060c \u0648\u0647\u064a \u062a\u0642\u062f\u0645 \u0645\u0646\u0645\u0646\u0645\u0627\u062a \u0639\u0627\u0644\u064a\u0629 \u0627\u0644\u062c\u0648\u062f\u0629 \u0644\u0644\u062c\u0645\u0647\u0648\u0631 \u0645\u0646\u0630 \u0630\u0644\u0643 \u0627\u0644\u062d\u064a\u0646. \u062a\u0642\u0639 XYZ \u0641\u064a \u0645\u062f\u064a\u0646\u0629 \u0625\u064a\u062a\u0648\u060c \u0648\u062a\u0648\u0638\u0641 \u0623\u0643\u062b\u0631 \u0645\u0646 2000 \u0634\u062e\u0635 \u0648\u062a\u0642\u0648\u0645 \u0628\u0623\u0634\u064a\u0627\u0621 \u0639\u0638\u064a\u0645\u0629 \u0644\u0645\u062c\u062a\u0645\u0639 \u0627\u0644\u0645\u062f\u064a\u0646\u0629.<\/p><\/blockquote>\n\n\n\n<p>\u0628\u0627\u0639\u062a\u0628\u0627\u0631\u0643 \u0645\u0633\u062a\u062e\u062f\u0645 WordPress \u062c\u062f\u064a\u062f\u064b\u0627\u060c \u064a\u062c\u0628 \u0639\u0644\u064a\u0643 \u0627\u0644\u0627\u0646\u062a\u0642\u0627\u0644 \u0625\u0644\u0649 <a href=\"https:\/\/upstardigital.com\/wp-admin\/\">\u0644\u0648\u062d\u0629<\/a> \u0644\u062d\u0630\u0641 \u062a\u0644\u0643 \u0627\u0644\u0635\u0641\u062d\u0629 \u0648\u0625\u0646\u0634\u0627\u0621 \u0635\u0641\u062d\u0627\u062a \u062c\u062f\u064a\u062f\u0629 \u0644\u0644\u0645\u062d\u062a\u0648\u0649 \u0627\u0644\u062e\u0627\u0635 \u0628\u0643. \u0627\u0633\u062a\u0645\u062a\u0639!<\/p>\n<\/body><\/html>","protected":false},"excerpt":{"rendered":"<p>Esta \u00e9 uma p\u00e1gina de exemplo. \u00c9 diferente de um post no blog porque ela permanecer\u00e1 em um lugar e aparecer\u00e1 na navega\u00e7\u00e3o do seu site na maioria dos temas. Muitas pessoas come\u00e7am com uma p\u00e1gina que as apresenta a poss\u00edveis visitantes do site. Ela pode dizer algo assim: Ol\u00e1! Eu sou um mensageiro de [&hellip;]<\/p>\n","protected":false},"author":3,"featured_media":0,"parent":0,"menu_order":0,"comment_status":"closed","ping_status":"closed","template":"","meta":{"footnotes":""},"class_list":["post-2","page","type-page","status-publish","hentry"],"yoast_head":"<!-- This site is optimized with the Yoast SEO plugin v27.3 - https:\/\/yoast.com\/product\/yoast-seo-wordpress\/ -->\n<title>Sobre N\u00f3s -<\/title>\n<meta name=\"robots\" content=\"index, follow, max-snippet:-1, max-image-preview:large, max-video-preview:-1\" \/>\n<link rel=\"canonical\" href=\"https:\/\/upstardigital.com\/ar_mu\/sobre-nos\/\" \/>\n<meta property=\"og:locale\" content=\"ar_AR\" \/>\n<meta property=\"og:type\" content=\"article\" \/>\n<meta property=\"og:title\" content=\"Sobre N\u00f3s -\" \/>\n<meta property=\"og:description\" content=\"Esta \u00e9 uma p\u00e1gina de exemplo. \u00c9 diferente de um post no blog porque ela permanecer\u00e1 em um lugar e aparecer\u00e1 na navega\u00e7\u00e3o do seu site na maioria dos temas. Muitas pessoas come\u00e7am com uma p\u00e1gina que as apresenta a poss\u00edveis visitantes do site. Ela pode dizer algo assim: Ol\u00e1! Eu sou um mensageiro de [&hellip;]\" \/>\n<meta property=\"og:url\" content=\"https:\/\/upstardigital.com\/ar_mu\/sobre-nos\/\" \/>\n<meta property=\"article:modified_time\" content=\"2023-06-19T23:59:39+00:00\" \/>\n<meta name=\"twitter:card\" content=\"summary_large_image\" \/>\n<meta name=\"twitter:label1\" content=\"Est. reading time\" \/>\n\t<meta name=\"twitter:data1\" content=\"1 minute\" \/>\n<script type=\"application\/ld+json\" class=\"yoast-schema-graph\">{\"@context\":\"https:\\\/\\\/schema.org\",\"@graph\":[{\"@type\":\"WebPage\",\"@id\":\"https:\\\/\\\/upstardigital.com\\\/sobre-nos\\\/\",\"url\":\"https:\\\/\\\/upstardigital.com\\\/sobre-nos\\\/\",\"name\":\"Sobre N\u00f3s -\",\"isPartOf\":{\"@id\":\"https:\\\/\\\/upstardigital.com\\\/#website\"},\"datePublished\":\"2023-06-19T13:34:28+00:00\",\"dateModified\":\"2023-06-19T23:59:39+00:00\",\"breadcrumb\":{\"@id\":\"https:\\\/\\\/upstardigital.com\\\/sobre-nos\\\/#breadcrumb\"},\"inLanguage\":\"ar-mu\",\"potentialAction\":[{\"@type\":\"ReadAction\",\"target\":[\"https:\\\/\\\/upstardigital.com\\\/sobre-nos\\\/\"]}]},{\"@type\":\"BreadcrumbList\",\"@id\":\"https:\\\/\\\/upstardigital.com\\\/sobre-nos\\\/#breadcrumb\",\"itemListElement\":[{\"@type\":\"ListItem\",\"position\":1,\"name\":\"In\u00edcio\",\"item\":\"https:\\\/\\\/upstardigital.com\\\/\"},{\"@type\":\"ListItem\",\"position\":2,\"name\":\"Sobre N\u00f3s\"}]},{\"@type\":\"WebSite\",\"@id\":\"https:\\\/\\\/upstardigital.com\\\/#website\",\"url\":\"https:\\\/\\\/upstardigital.com\\\/\",\"name\":\"\",\"description\":\"\",\"potentialAction\":[{\"@type\":\"SearchAction\",\"target\":{\"@type\":\"EntryPoint\",\"urlTemplate\":\"https:\\\/\\\/upstardigital.com\\\/?s={search_term_string}\"},\"query-input\":{\"@type\":\"PropertyValueSpecification\",\"valueRequired\":true,\"valueName\":\"search_term_string\"}}],\"inLanguage\":\"ar-mu\"}]}<\/script>\n<!-- \/ Yoast SEO plugin. -->","yoast_head_json":{"title":"\u0645\u0639\u0644\u0648\u0645\u0627\u062a \u0639\u0646\u0627 -","robots":{"index":"index","follow":"follow","max-snippet":"max-snippet:-1","max-image-preview":"max-image-preview:large","max-video-preview":"max-video-preview:-1"},"canonical":"https:\/\/upstardigital.com\/ar_mu\/sobre-nos\/","og_locale":"ar_AR","og_type":"article","og_title":"Sobre N\u00f3s -","og_description":"Esta \u00e9 uma p\u00e1gina de exemplo. \u00c9 diferente de um post no blog porque ela permanecer\u00e1 em um lugar e aparecer\u00e1 na navega\u00e7\u00e3o do seu site na maioria dos temas. Muitas pessoas come\u00e7am com uma p\u00e1gina que as apresenta a poss\u00edveis visitantes do site. Ela pode dizer algo assim: Ol\u00e1! Eu sou um mensageiro de [&hellip;]","og_url":"https:\/\/upstardigital.com\/ar_mu\/sobre-nos\/","article_modified_time":"2023-06-19T23:59:39+00:00","twitter_card":"summary_large_image","twitter_misc":{"Est. reading time":"1 minute"},"schema":{"@context":"https:\/\/schema.org","@graph":[{"@type":"WebPage","@id":"https:\/\/upstardigital.com\/sobre-nos\/","url":"https:\/\/upstardigital.com\/sobre-nos\/","name":"\u0645\u0639\u0644\u0648\u0645\u0627\u062a \u0639\u0646\u0627 -","isPartOf":{"@id":"https:\/\/upstardigital.com\/#website"},"datePublished":"2023-06-19T13:34:28+00:00","dateModified":"2023-06-19T23:59:39+00:00","breadcrumb":{"@id":"https:\/\/upstardigital.com\/sobre-nos\/#breadcrumb"},"inLanguage":"ar-mu","potentialAction":[{"@type":"ReadAction","target":["https:\/\/upstardigital.com\/sobre-nos\/"]}]},{"@type":"BreadcrumbList","@id":"https:\/\/upstardigital.com\/sobre-nos\/#breadcrumb","itemListElement":[{"@type":"ListItem","position":1,"name":"In\u00edcio","item":"https:\/\/upstardigital.com\/"},{"@type":"ListItem","position":2,"name":"Sobre N\u00f3s"}]},{"@type":"WebSite","@id":"https:\/\/upstardigital.com\/#website","url":"https:\/\/upstardigital.com\/","name":"","description":"","potentialAction":[{"@type":"SearchAction","target":{"@type":"EntryPoint","urlTemplate":"https:\/\/upstardigital.com\/?s={search_term_string}"},"query-input":{"@type":"PropertyValueSpecification","valueRequired":true,"valueName":"search_term_string"}}],"inLanguage":"ar-mu"}]}},"_links":{"self":[{"href":"https:\/\/upstardigital.com\/ar_mu\/wp-json\/wp\/v2\/pages\/2","targetHints":{"allow":["GET"]}}],"collection":[{"href":"https:\/\/upstardigital.com\/ar_mu\/wp-json\/wp\/v2\/pages"}],"about":[{"href":"https:\/\/upstardigital.com\/ar_mu\/wp-json\/wp\/v2\/types\/page"}],"author":[{"embeddable":true,"href":"https:\/\/upstardigital.com\/ar_mu\/wp-json\/wp\/v2\/users\/3"}],"replies":[{"embeddable":true,"href":"https:\/\/upstardigital.com\/ar_mu\/wp-json\/wp\/v2\/comments?post=2"}],"version-history":[{"count":1,"href":"https:\/\/upstardigital.com\/ar_mu\/wp-json\/wp\/v2\/pages\/2\/revisions"}],"predecessor-version":[{"id":411,"href":"https:\/\/upstardigital.com\/ar_mu\/wp-json\/wp\/v2\/pages\/2\/revisions\/411"}],"wp:attachment":[{"href":"https:\/\/upstardigital.com\/ar_mu\/wp-json\/wp\/v2\/media?parent=2"}],"curies":[{"name":"wp","href":"https:\/\/api.w.org\/{rel}","templated":true}]}}