{"id":892,"date":"2024-08-01T13:05:54","date_gmt":"2024-08-01T16:05:54","guid":{"rendered":"https:\/\/upstardigital.com\/?page_id=892"},"modified":"2026-04-13T11:54:20","modified_gmt":"2026-04-13T14:54:20","slug":"quem-somos","status":"publish","type":"page","link":"https:\/\/upstardigital.com\/de\/quem-somos\/","title":{"rendered":"Wer wir sind"},"content":{"rendered":"<html><body><p><\/p>\n\n\n\n<ol class=\"wp-block-list\">\n<li><strong>Digitales Ziel von Up Star:<\/strong>\u00a0Wir sind eine Plattform, die sich der Bereitstellung hochwertiger Inhalte und Wissen f\u00fcr unsere Nutzer widmet. Unsere Mission ist es, Technologie effektiv zu nutzen, um wertvolle und relevante Informationen in alle Teile der Welt zu bringen.<\/li>\n\n\n\n<li><strong>Qualifiziertes Team:<\/strong>\u00a0Unsere Website wird von einem Team erfahrener und qualifizierter Autoren verwaltet, die \u00fcber fundierte Kenntnisse der in unseren Ver\u00f6ffentlichungen behandelten Themen und Kategorien verf\u00fcgen. Unser Ziel ist es sicherzustellen, dass die von uns bereitgestellten Inhalte informativ, korrekt und von hoher Qualit\u00e4t sind.<\/li>\n\n\n\n<li><strong>Vielf\u00e4ltiger Inhalt:<\/strong>\u00a0Durch den Zugriff auf unsere Website haben Sie die M\u00f6glichkeit, sich national und international Wissen zu unterschiedlichen Themen anzueignen. Unser Ziel ist es, Informationen bereitzustellen, die f\u00fcr unsere Benutzer in verschiedenen Interessenbereichen relevant und interessant sind.<\/li>\n\n\n\n<li><strong>Verantwortung des Benutzers:<\/strong>\u00a0Die Nutzung jeglicher Informationen oder Materialien auf dieser Website erfolgt auf eigenes Risiko des Nutzers. Wir \u00fcbernehmen keine Gew\u00e4hr f\u00fcr die Richtigkeit, Aktualit\u00e4t, Vollst\u00e4ndigkeit oder Eignung der auf dieser Website gefundenen oder angebotenen Informationen und Materialien f\u00fcr einen bestimmten Zweck.<\/li>\n<\/ol>\n\n\n\n<p>Durch den Zugriff auf oder die Nutzung dieser Website stimmen Sie diesen Nutzungsbedingungen zu. Wenn Sie Fragen oder Bedenken zu diesen Bedingungen haben, kontaktieren Sie uns bitte. Vielen Dank f\u00fcr Ihren Besuch <strong>Up Star Digital<\/strong>!<\/p>\n\n\n\n<p><\/p>\n<\/body><\/html>","protected":false},"excerpt":{"rendered":"<p>Ao acessar ou utilizar este site, voc\u00ea concorda com estes termos de uso. Se voc\u00ea tiver alguma d\u00favida ou preocupa\u00e7\u00e3o sobre estes termos, entre em contato conosco. Agradecemos por visitar o Up Star Digital!<\/p>","protected":false},"author":2,"featured_media":0,"parent":0,"menu_order":0,"comment_status":"closed","ping_status":"closed","template":"","meta":{"footnotes":""},"class_list":["post-892","page","type-page","status-publish","hentry"],"yoast_head":"<!-- This site is optimized with the Yoast SEO plugin v27.4 - https:\/\/yoast.com\/product\/yoast-seo-wordpress\/ -->\n<title>Quem somos -<\/title>\n<meta name=\"robots\" content=\"index, follow, max-snippet:-1, max-image-preview:large, max-video-preview:-1\" \/>\n<link rel=\"canonical\" href=\"https:\/\/upstardigital.com\/de\/quem-somos\/\" \/>\n<meta property=\"og:locale\" content=\"de_DE\" \/>\n<meta property=\"og:type\" content=\"article\" \/>\n<meta property=\"og:title\" content=\"Quem somos -\" \/>\n<meta property=\"og:description\" content=\"Ao acessar ou utilizar este site, voc\u00ea concorda com estes termos de uso. Se voc\u00ea tiver alguma d\u00favida ou preocupa\u00e7\u00e3o sobre estes termos, entre em contato conosco. Agradecemos por visitar o Up Star Digital!\" \/>\n<meta property=\"og:url\" content=\"https:\/\/upstardigital.com\/de\/quem-somos\/\" \/>\n<meta property=\"article:modified_time\" content=\"2026-04-13T14:54:20+00:00\" \/>\n<meta name=\"twitter:card\" content=\"summary_large_image\" \/>\n<meta name=\"twitter:label1\" content=\"Est. reading time\" \/>\n\t<meta name=\"twitter:data1\" content=\"2 minutes\" \/>\n<script type=\"application\/ld+json\" class=\"yoast-schema-graph\">{\"@context\":\"https:\\\/\\\/schema.org\",\"@graph\":[{\"@type\":\"WebPage\",\"@id\":\"https:\\\/\\\/upstardigital.com\\\/quem-somos\\\/\",\"url\":\"https:\\\/\\\/upstardigital.com\\\/quem-somos\\\/\",\"name\":\"Quem somos -\",\"isPartOf\":{\"@id\":\"https:\\\/\\\/upstardigital.com\\\/#website\"},\"datePublished\":\"2024-08-01T16:05:54+00:00\",\"dateModified\":\"2026-04-13T14:54:20+00:00\",\"breadcrumb\":{\"@id\":\"https:\\\/\\\/upstardigital.com\\\/quem-somos\\\/#breadcrumb\"},\"inLanguage\":\"de-DE\",\"potentialAction\":[{\"@type\":\"ReadAction\",\"target\":[\"https:\\\/\\\/upstardigital.com\\\/quem-somos\\\/\"]}]},{\"@type\":\"BreadcrumbList\",\"@id\":\"https:\\\/\\\/upstardigital.com\\\/quem-somos\\\/#breadcrumb\",\"itemListElement\":[{\"@type\":\"ListItem\",\"position\":1,\"name\":\"In\u00edcio\",\"item\":\"https:\\\/\\\/upstardigital.com\\\/\"},{\"@type\":\"ListItem\",\"position\":2,\"name\":\"Quem somos\"}]},{\"@type\":\"WebSite\",\"@id\":\"https:\\\/\\\/upstardigital.com\\\/#website\",\"url\":\"https:\\\/\\\/upstardigital.com\\\/\",\"name\":\"\",\"description\":\"\",\"potentialAction\":[{\"@type\":\"SearchAction\",\"target\":{\"@type\":\"EntryPoint\",\"urlTemplate\":\"https:\\\/\\\/upstardigital.com\\\/?s={search_term_string}\"},\"query-input\":{\"@type\":\"PropertyValueSpecification\",\"valueRequired\":true,\"valueName\":\"search_term_string\"}}],\"inLanguage\":\"de-DE\"}]}<\/script>\n<!-- \/ Yoast SEO plugin. -->","yoast_head_json":{"title":"Wer wir sind -","robots":{"index":"index","follow":"follow","max-snippet":"max-snippet:-1","max-image-preview":"max-image-preview:large","max-video-preview":"max-video-preview:-1"},"canonical":"https:\/\/upstardigital.com\/de\/quem-somos\/","og_locale":"de_DE","og_type":"article","og_title":"Quem somos -","og_description":"Ao acessar ou utilizar este site, voc\u00ea concorda com estes termos de uso. Se voc\u00ea tiver alguma d\u00favida ou preocupa\u00e7\u00e3o sobre estes termos, entre em contato conosco. Agradecemos por visitar o Up Star Digital!","og_url":"https:\/\/upstardigital.com\/de\/quem-somos\/","article_modified_time":"2026-04-13T14:54:20+00:00","twitter_card":"summary_large_image","twitter_misc":{"Est. reading time":"2 minutes"},"schema":{"@context":"https:\/\/schema.org","@graph":[{"@type":"WebPage","@id":"https:\/\/upstardigital.com\/quem-somos\/","url":"https:\/\/upstardigital.com\/quem-somos\/","name":"Wer wir sind -","isPartOf":{"@id":"https:\/\/upstardigital.com\/#website"},"datePublished":"2024-08-01T16:05:54+00:00","dateModified":"2026-04-13T14:54:20+00:00","breadcrumb":{"@id":"https:\/\/upstardigital.com\/quem-somos\/#breadcrumb"},"inLanguage":"de-DE","potentialAction":[{"@type":"ReadAction","target":["https:\/\/upstardigital.com\/quem-somos\/"]}]},{"@type":"BreadcrumbList","@id":"https:\/\/upstardigital.com\/quem-somos\/#breadcrumb","itemListElement":[{"@type":"ListItem","position":1,"name":"In\u00edcio","item":"https:\/\/upstardigital.com\/"},{"@type":"ListItem","position":2,"name":"Quem somos"}]},{"@type":"WebSite","@id":"https:\/\/upstardigital.com\/#website","url":"https:\/\/upstardigital.com\/","name":"","description":"","potentialAction":[{"@type":"SearchAction","target":{"@type":"EntryPoint","urlTemplate":"https:\/\/upstardigital.com\/?s={search_term_string}"},"query-input":{"@type":"PropertyValueSpecification","valueRequired":true,"valueName":"search_term_string"}}],"inLanguage":"de-DE"}]}},"_links":{"self":[{"href":"https:\/\/upstardigital.com\/de\/wp-json\/wp\/v2\/pages\/892","targetHints":{"allow":["GET"]}}],"collection":[{"href":"https:\/\/upstardigital.com\/de\/wp-json\/wp\/v2\/pages"}],"about":[{"href":"https:\/\/upstardigital.com\/de\/wp-json\/wp\/v2\/types\/page"}],"author":[{"embeddable":true,"href":"https:\/\/upstardigital.com\/de\/wp-json\/wp\/v2\/users\/2"}],"replies":[{"embeddable":true,"href":"https:\/\/upstardigital.com\/de\/wp-json\/wp\/v2\/comments?post=892"}],"version-history":[{"count":2,"href":"https:\/\/upstardigital.com\/de\/wp-json\/wp\/v2\/pages\/892\/revisions"}],"predecessor-version":[{"id":1652,"href":"https:\/\/upstardigital.com\/de\/wp-json\/wp\/v2\/pages\/892\/revisions\/1652"}],"wp:attachment":[{"href":"https:\/\/upstardigital.com\/de\/wp-json\/wp\/v2\/media?parent=892"}],"curies":[{"name":"wp","href":"https:\/\/api.w.org\/{rel}","templated":true}]}}