{"id":3,"date":"2023-06-19T10:34:28","date_gmt":"2023-06-19T13:34:28","guid":{"rendered":"https:\/\/upstardigital.com\/?page_id=3"},"modified":"2026-04-13T12:06:46","modified_gmt":"2026-04-13T15:06:46","slug":"politica-de-privacidade","status":"publish","type":"page","link":"https:\/\/upstardigital.com\/de_eu\/politica-de-privacidade\/","title":{"rendered":"Datenschutzrichtlinie"},"content":{"rendered":"<html><body><p>Die Privatsph\u00e4re unserer Nutzer hat f\u00fcr uns Priorit\u00e4t <strong>Up Star Digital<\/strong>. Diese Datenschutzrichtlinie beschreibt, wie wir die von Benutzern bei der Nutzung unserer Website bereitgestellten Informationen verwenden und sch\u00fctzen.<br><br>Os usu\u00e1rios podem desativar as publicidade personalizada acessando as configura\u00e7\u00e3o de an\u00fancios. Como alternativa pode orientar aos usu\u00e1rios o site <a href=\"http:\/\/www.aboutads.info\">www.aboutads.info<\/a> para desativar o uso do cookies de publicidade personalizada de terceiros.<\/p>\n\n\n\n<ol class=\"wp-block-list\">\n<li><strong>Verpflichtung zur Datensicherheit:<\/strong>\u00a0Dieses Unternehmen ist der Sicherheit der Daten seiner Benutzer verpflichtet. Wir verwenden fortschrittliche Sicherheitsma\u00dfnahmen, um Informationen vor unbefugtem Zugriff oder Offenlegung zu sch\u00fctzen.<\/li>\n\n\n\n<li><strong>Aktualisierungen der Datenschutzrichtlinien:<\/strong>\u00a0Diese Datenschutzrichtlinie kann von Zeit zu Zeit aktualisiert oder ge\u00e4ndert werden. Wir empfehlen Benutzern, diese Seite regelm\u00e4\u00dfig zu \u00fcberpr\u00fcfen, um \u00fcber etwaige \u00c4nderungen informiert zu sein. Wenn Sie die Website nach solchen \u00c4nderungen weiterhin nutzen, stimmen Sie den aktualisierten Bedingungen zu.<\/li>\n\n\n\n<li><strong>Gesammelte Informationen:<\/strong>\u00a0Auf unserer Website k\u00f6nnen personenbezogene Daten wie Name, Kontaktinformationen, E-Mail-Adresse und demografische Informationen erfasst werden. Diese Informationen werden nur dann erfasst, wenn dies zur Bearbeitung von Anfragen oder zur Bereitstellung personalisierter Dienste f\u00fcr Benutzer erforderlich ist.<\/li>\n\n\n\n<li><strong>Verwendung von Informationen:<\/strong>\u00a0Die gesammelten Informationen werden verwendet, um unseren Benutzern den bestm\u00f6glichen Service zu bieten, einschlie\u00dflich der Pflege von Benutzerdatens\u00e4tzen, der Verbesserung von Produkten und Dienstleistungen und der Personalisierung des Surferlebnisses.<\/li>\n\n\n\n<li><strong>Cookies:<\/strong>\u00a0Wir verwenden Cookies, um die Benutzererfahrung zu verbessern und Website-Inhalte entsprechend den Benutzerpr\u00e4ferenzen zu personalisieren. Cookies sind kleine Textdateien, die auf dem Computer des Benutzers gespeichert werden und es ihm erm\u00f6glichen, wichtige Informationen zu erkennen und zu speichern. Benutzer k\u00f6nnen \u00fcber ihre Browsereinstellungen w\u00e4hlen, ob sie Cookies akzeptieren oder ablehnen m\u00f6chten. Dies kann jedoch Auswirkungen auf die Funktionalit\u00e4t der Website haben.<\/li>\n\n\n\n<li><strong>Links zu Dritten:<\/strong>\u00a0Unsere Website kann Links zu anderen interessanten Websites enthalten. Sobald ein Nutzer jedoch auf einen dieser Links klickt und unsere Website verl\u00e4sst, haben wir keine Kontrolle mehr \u00fcber die Website, zu der er weitergeleitet wird. Daher sind wir nicht f\u00fcr die Datenschutzbestimmungen dieser Websites Dritter verantwortlich und empfehlen Benutzern, die Datenschutzrichtlinien dieser Websites zu lesen, bevor sie personenbezogene Daten angeben.<\/li>\n<\/ol>\n\n\n\n<h2 class=\"wp-block-heading\"><strong>Direitos do Usu\u00e1rio<\/strong><\/h2>\n\n\n\n<p>Nos termos da legisla\u00e7\u00e3o aplic\u00e1vel, especialmente a Lei Geral de Prote\u00e7\u00e3o de Dados (LGPD \u2013 Lei n\u00ba 13.709\/2018), garantimos aos usu\u00e1rios do nosso site os seguintes direitos relacionados aos seus dados pessoais:<\/p>\n\n\n\n<h3 class=\"wp-block-heading\"><strong>1. Confirma\u00e7\u00e3o e Acesso aos Dados<\/strong><\/h3>\n\n\n\n<p>O usu\u00e1rio pode solicitar a confirma\u00e7\u00e3o da exist\u00eancia de tratamento de seus dados pessoais, bem como acessar todas as informa\u00e7\u00f5es que mantemos sobre ele.<\/p>\n\n\n\n<h3 class=\"wp-block-heading\"><strong>2. Corre\u00e7\u00e3o de Dados Incompletos, Inexatos ou Desatualizados<\/strong><\/h3>\n\n\n\n<p>O usu\u00e1rio tem o direito de solicitar a corre\u00e7\u00e3o ou atualiza\u00e7\u00e3o de seus dados pessoais sempre que identificar inconsist\u00eancias.<\/p>\n\n\n\n<h3 class=\"wp-block-heading\"><strong>3. Anonimiza\u00e7\u00e3o, Bloqueio ou Elimina\u00e7\u00e3o de Dados<\/strong><\/h3>\n\n\n\n<p>O usu\u00e1rio pode solicitar a anonimiza\u00e7\u00e3o, bloqueio ou exclus\u00e3o de dados que sejam desnecess\u00e1rios, excessivos ou tratados em desconformidade com a legisla\u00e7\u00e3o vigente.<\/p>\n\n\n\n<h3 class=\"wp-block-heading\"><strong>4. Portabilidade dos Dados<\/strong><\/h3>\n\n\n\n<p>Mediante requisi\u00e7\u00e3o expressa, o usu\u00e1rio poder\u00e1 solicitar a portabilidade dos seus dados pessoais para outro fornecedor de servi\u00e7o ou produto, conforme regulamenta\u00e7\u00e3o da autoridade competente.<\/p>\n\n\n\n<h3 class=\"wp-block-heading\"><strong>5. Elimina\u00e7\u00e3o dos Dados Pessoais Tratados com Consentimento<\/strong><\/h3>\n\n\n\n<p>O usu\u00e1rio pode solicitar a exclus\u00e3o dos dados pessoais tratados com base no seu consentimento, exceto nos casos em que a reten\u00e7\u00e3o seja obrigat\u00f3ria por lei.<\/p>\n\n\n\n<h3 class=\"wp-block-heading\"><strong>6. Informa\u00e7\u00e3o sobre Compartilhamento de Dados<\/strong><\/h3>\n\n\n\n<p>O usu\u00e1rio tem o direito de ser informado sobre as entidades p\u00fablicas e privadas com as quais seus dados pessoais foram compartilhados.<\/p>\n\n\n\n<h3 class=\"wp-block-heading\"><strong>7. Revoga\u00e7\u00e3o do Consentimento<\/strong><\/h3>\n\n\n\n<p>O usu\u00e1rio pode, a qualquer momento, revogar o consentimento previamente concedido para o tratamento de seus dados, mediante solicita\u00e7\u00e3o simples e gratuita.<\/p>\n\n\n\n<h3 class=\"wp-block-heading\"><strong>8. Oposi\u00e7\u00e3o ao Tratamento de Dados<\/strong><\/h3>\n\n\n\n<p>O usu\u00e1rio pode se opor ao tratamento de seus dados pessoais quando houver descumprimento da legisla\u00e7\u00e3o aplic\u00e1vel.<\/p>\n\n\n\n<h3 class=\"wp-block-heading\"><strong>9. Solicita\u00e7\u00e3o de Revis\u00e3o de Decis\u00f5es Automatizadas<\/strong><\/h3>\n\n\n\n<p>O usu\u00e1rio tem o direito de solicitar a revis\u00e3o de decis\u00f5es tomadas exclusivamente com base em tratamento automatizado de dados pessoais, quando tais decis\u00f5es afetarem seus interesses.<\/p>\n<\/body><\/html>","protected":false},"excerpt":{"rendered":"<p>A privacidade dos nossos usu\u00e1rios \u00e9 uma prioridade para o Up Star Digital. Esta Pol\u00edtica de Privacidade descreve como utilizamos e protegemos as informa\u00e7\u00f5es fornecidas pelos usu\u00e1rios ao utilizar nosso site. Os usu\u00e1rios podem desativar as publicidade personalizada acessando as configura\u00e7\u00e3o de an\u00fancios. Como alternativa pode orientar aos usu\u00e1rios o site www.aboutads.info para desativar o [&hellip;]<\/p>\n","protected":false},"author":3,"featured_media":0,"parent":0,"menu_order":0,"comment_status":"closed","ping_status":"closed","template":"","meta":{"footnotes":""},"class_list":["post-3","page","type-page","status-publish","hentry"],"yoast_head":"<!-- This site is optimized with the Yoast SEO plugin v27.4 - https:\/\/yoast.com\/product\/yoast-seo-wordpress\/ -->\n<title>Pol\u00edtica de Privacidade -<\/title>\n<meta name=\"robots\" content=\"index, follow, max-snippet:-1, max-image-preview:large, max-video-preview:-1\" \/>\n<link rel=\"canonical\" href=\"https:\/\/upstardigital.com\/de_eu\/politica-de-privacidade\/\" \/>\n<meta property=\"og:locale\" content=\"de_DE\" \/>\n<meta property=\"og:type\" content=\"article\" \/>\n<meta property=\"og:title\" content=\"Pol\u00edtica de Privacidade -\" \/>\n<meta property=\"og:description\" content=\"A privacidade dos nossos usu\u00e1rios \u00e9 uma prioridade para o Up Star Digital. Esta Pol\u00edtica de Privacidade descreve como utilizamos e protegemos as informa\u00e7\u00f5es fornecidas pelos usu\u00e1rios ao utilizar nosso site. Os usu\u00e1rios podem desativar as publicidade personalizada acessando as configura\u00e7\u00e3o de an\u00fancios. Como alternativa pode orientar aos usu\u00e1rios o site www.aboutads.info para desativar o [&hellip;]\" \/>\n<meta property=\"og:url\" content=\"https:\/\/upstardigital.com\/de_eu\/politica-de-privacidade\/\" \/>\n<meta property=\"article:modified_time\" content=\"2026-04-13T15:06:46+00:00\" \/>\n<meta name=\"twitter:card\" content=\"summary_large_image\" \/>\n<meta name=\"twitter:label1\" content=\"Est. reading time\" \/>\n\t<meta name=\"twitter:data1\" content=\"4 minutes\" \/>\n<script type=\"application\/ld+json\" class=\"yoast-schema-graph\">{\"@context\":\"https:\\\/\\\/schema.org\",\"@graph\":[{\"@type\":\"WebPage\",\"@id\":\"https:\\\/\\\/upstardigital.com\\\/politica-de-privacidade\\\/\",\"url\":\"https:\\\/\\\/upstardigital.com\\\/politica-de-privacidade\\\/\",\"name\":\"Pol\u00edtica de Privacidade -\",\"isPartOf\":{\"@id\":\"https:\\\/\\\/upstardigital.com\\\/#website\"},\"datePublished\":\"2023-06-19T13:34:28+00:00\",\"dateModified\":\"2026-04-13T15:06:46+00:00\",\"breadcrumb\":{\"@id\":\"https:\\\/\\\/upstardigital.com\\\/politica-de-privacidade\\\/#breadcrumb\"},\"inLanguage\":\"de-eu\",\"potentialAction\":[{\"@type\":\"ReadAction\",\"target\":[\"https:\\\/\\\/upstardigital.com\\\/politica-de-privacidade\\\/\"]}]},{\"@type\":\"BreadcrumbList\",\"@id\":\"https:\\\/\\\/upstardigital.com\\\/politica-de-privacidade\\\/#breadcrumb\",\"itemListElement\":[{\"@type\":\"ListItem\",\"position\":1,\"name\":\"In\u00edcio\",\"item\":\"https:\\\/\\\/upstardigital.com\\\/\"},{\"@type\":\"ListItem\",\"position\":2,\"name\":\"Pol\u00edtica de Privacidade\"}]},{\"@type\":\"WebSite\",\"@id\":\"https:\\\/\\\/upstardigital.com\\\/#website\",\"url\":\"https:\\\/\\\/upstardigital.com\\\/\",\"name\":\"\",\"description\":\"\",\"potentialAction\":[{\"@type\":\"SearchAction\",\"target\":{\"@type\":\"EntryPoint\",\"urlTemplate\":\"https:\\\/\\\/upstardigital.com\\\/?s={search_term_string}\"},\"query-input\":{\"@type\":\"PropertyValueSpecification\",\"valueRequired\":true,\"valueName\":\"search_term_string\"}}],\"inLanguage\":\"de-eu\"}]}<\/script>\n<!-- \/ Yoast SEO plugin. -->","yoast_head_json":{"title":"Datenschutzrichtlinie -","robots":{"index":"index","follow":"follow","max-snippet":"max-snippet:-1","max-image-preview":"max-image-preview:large","max-video-preview":"max-video-preview:-1"},"canonical":"https:\/\/upstardigital.com\/de_eu\/politica-de-privacidade\/","og_locale":"de_DE","og_type":"article","og_title":"Pol\u00edtica de Privacidade -","og_description":"A privacidade dos nossos usu\u00e1rios \u00e9 uma prioridade para o Up Star Digital. Esta Pol\u00edtica de Privacidade descreve como utilizamos e protegemos as informa\u00e7\u00f5es fornecidas pelos usu\u00e1rios ao utilizar nosso site. Os usu\u00e1rios podem desativar as publicidade personalizada acessando as configura\u00e7\u00e3o de an\u00fancios. Como alternativa pode orientar aos usu\u00e1rios o site www.aboutads.info para desativar o [&hellip;]","og_url":"https:\/\/upstardigital.com\/de_eu\/politica-de-privacidade\/","article_modified_time":"2026-04-13T15:06:46+00:00","twitter_card":"summary_large_image","twitter_misc":{"Est. reading time":"4 minutes"},"schema":{"@context":"https:\/\/schema.org","@graph":[{"@type":"WebPage","@id":"https:\/\/upstardigital.com\/politica-de-privacidade\/","url":"https:\/\/upstardigital.com\/politica-de-privacidade\/","name":"Datenschutzrichtlinie -","isPartOf":{"@id":"https:\/\/upstardigital.com\/#website"},"datePublished":"2023-06-19T13:34:28+00:00","dateModified":"2026-04-13T15:06:46+00:00","breadcrumb":{"@id":"https:\/\/upstardigital.com\/politica-de-privacidade\/#breadcrumb"},"inLanguage":"de-eu","potentialAction":[{"@type":"ReadAction","target":["https:\/\/upstardigital.com\/politica-de-privacidade\/"]}]},{"@type":"BreadcrumbList","@id":"https:\/\/upstardigital.com\/politica-de-privacidade\/#breadcrumb","itemListElement":[{"@type":"ListItem","position":1,"name":"In\u00edcio","item":"https:\/\/upstardigital.com\/"},{"@type":"ListItem","position":2,"name":"Pol\u00edtica de Privacidade"}]},{"@type":"WebSite","@id":"https:\/\/upstardigital.com\/#website","url":"https:\/\/upstardigital.com\/","name":"","description":"","potentialAction":[{"@type":"SearchAction","target":{"@type":"EntryPoint","urlTemplate":"https:\/\/upstardigital.com\/?s={search_term_string}"},"query-input":{"@type":"PropertyValueSpecification","valueRequired":true,"valueName":"search_term_string"}}],"inLanguage":"de-eu"}]}},"_links":{"self":[{"href":"https:\/\/upstardigital.com\/de_eu\/wp-json\/wp\/v2\/pages\/3","targetHints":{"allow":["GET"]}}],"collection":[{"href":"https:\/\/upstardigital.com\/de_eu\/wp-json\/wp\/v2\/pages"}],"about":[{"href":"https:\/\/upstardigital.com\/de_eu\/wp-json\/wp\/v2\/types\/page"}],"author":[{"embeddable":true,"href":"https:\/\/upstardigital.com\/de_eu\/wp-json\/wp\/v2\/users\/3"}],"replies":[{"embeddable":true,"href":"https:\/\/upstardigital.com\/de_eu\/wp-json\/wp\/v2\/comments?post=3"}],"version-history":[{"count":6,"href":"https:\/\/upstardigital.com\/de_eu\/wp-json\/wp\/v2\/pages\/3\/revisions"}],"predecessor-version":[{"id":1657,"href":"https:\/\/upstardigital.com\/de_eu\/wp-json\/wp\/v2\/pages\/3\/revisions\/1657"}],"wp:attachment":[{"href":"https:\/\/upstardigital.com\/de_eu\/wp-json\/wp\/v2\/media?parent=3"}],"curies":[{"name":"wp","href":"https:\/\/api.w.org\/{rel}","templated":true}]}}