{"id":896,"date":"2024-08-01T13:11:46","date_gmt":"2024-08-01T16:11:46","guid":{"rendered":"https:\/\/upstardigital.com\/?page_id=896"},"modified":"2024-08-01T13:11:58","modified_gmt":"2024-08-01T16:11:58","slug":"disclaimer","status":"publish","type":"page","link":"https:\/\/upstardigital.com\/de_eu\/disclaimer\/","title":{"rendered":"Haftungsausschluss"},"content":{"rendered":"<html><body><p><strong>Aufmerksamkeit:<\/strong>\u00a0DER <strong>Up Star Digital<\/strong> verlangt von seinen Nutzern kein Geld. Wenn Sie also auf der Website surfen und ein Fenster erscheint, in dem Sie dazu aufgefordert werden, teilen Sie uns dies bitte mit und schlie\u00dfen Sie die Website sofort.<\/p>\n\n\n\n<p><strong>Hinweise:<\/strong>\u00a0DER <strong>Up Star Digital<\/strong> ist eine informative Website, die ihren Nutzern stets qualitativ hochwertige Inhalte bieten m\u00f6chte. Aufgrund der Geschwindigkeit, mit der sich Informationen \u00e4ndern, kann es jedoch sein, dass einige Artikel veraltet sind.<\/p>\n\n\n\n<p>Obwohl wir uns bem\u00fchen, unsere Website auf dem neuesten Stand zu halten, \u00fcbernehmen wir keine Verantwortung f\u00fcr Abweichungen von anderen Websites.<\/p>\n\n\n\n<p><strong>Partner:<\/strong>\u00a0Die Haupteinnahmequelle f\u00fcr <strong>Up Star Digital<\/strong> Es geschieht durch Werbung. \u00dcber Werbepartner wird die Seite am Gewinn beteiligt. Es muss jedoch klargestellt werden, dass wir nicht f\u00fcr die Werbung verantwortlich sind, die auf dieser Website erscheint.<\/p>\n\n\n\n<p><strong>\u00dcberlegungen:<\/strong>\u00a0Wenn Sie qualitativ hochwertige Informationen ben\u00f6tigen, suchen Sie unbedingt nach <strong>Up Star Digital<\/strong> daf\u00fcr. Bedenken Sie jedoch auch hier, dass Artikel nicht immer aktualisiert werden. Wenn Sie aktualisierte Inhalte ben\u00f6tigen, suchen Sie daher nach der offiziellen Website.<\/p>\n<\/body><\/html>","protected":false},"excerpt":{"rendered":"<p>Aten\u00e7\u00e3o:\u00a0O Up Star Digital n\u00e3o solicita dinheiro para os seus usu\u00e1rios. Portanto, caso voc\u00ea esteja navegando no site e apare\u00e7a uma janela lhe solicitando isso, nos avise e feche o site imediatamente. Observa\u00e7\u00f5es:\u00a0O Up Star Digital \u00e9 um site informativo que deseja sempre fornecer conte\u00fado de qualidade aos seus usu\u00e1rios. Contudo, com a velocidade que [&hellip;]<\/p>\n","protected":false},"author":2,"featured_media":0,"parent":0,"menu_order":0,"comment_status":"closed","ping_status":"closed","template":"","meta":{"footnotes":""},"class_list":["post-896","page","type-page","status-publish","hentry"],"yoast_head":"<!-- This site is optimized with the Yoast SEO plugin v27.4 - https:\/\/yoast.com\/product\/yoast-seo-wordpress\/ -->\n<title>Disclaimer -<\/title>\n<meta name=\"robots\" content=\"index, follow, max-snippet:-1, max-image-preview:large, max-video-preview:-1\" \/>\n<link rel=\"canonical\" href=\"https:\/\/upstardigital.com\/de_eu\/disclaimer\/\" \/>\n<meta property=\"og:locale\" content=\"de_DE\" \/>\n<meta property=\"og:type\" content=\"article\" \/>\n<meta property=\"og:title\" content=\"Disclaimer -\" \/>\n<meta property=\"og:description\" content=\"Aten\u00e7\u00e3o:\u00a0O Up Star Digital n\u00e3o solicita dinheiro para os seus usu\u00e1rios. Portanto, caso voc\u00ea esteja navegando no site e apare\u00e7a uma janela lhe solicitando isso, nos avise e feche o site imediatamente. Observa\u00e7\u00f5es:\u00a0O Up Star Digital \u00e9 um site informativo que deseja sempre fornecer conte\u00fado de qualidade aos seus usu\u00e1rios. Contudo, com a velocidade que [&hellip;]\" \/>\n<meta property=\"og:url\" content=\"https:\/\/upstardigital.com\/de_eu\/disclaimer\/\" \/>\n<meta property=\"article:modified_time\" content=\"2024-08-01T16:11:58+00:00\" \/>\n<meta name=\"twitter:card\" content=\"summary_large_image\" \/>\n<meta name=\"twitter:label1\" content=\"Est. reading time\" \/>\n\t<meta name=\"twitter:data1\" content=\"1 minute\" \/>\n<script type=\"application\/ld+json\" class=\"yoast-schema-graph\">{\"@context\":\"https:\\\/\\\/schema.org\",\"@graph\":[{\"@type\":\"WebPage\",\"@id\":\"https:\\\/\\\/upstardigital.com\\\/disclaimer\\\/\",\"url\":\"https:\\\/\\\/upstardigital.com\\\/disclaimer\\\/\",\"name\":\"Disclaimer -\",\"isPartOf\":{\"@id\":\"https:\\\/\\\/upstardigital.com\\\/#website\"},\"datePublished\":\"2024-08-01T16:11:46+00:00\",\"dateModified\":\"2024-08-01T16:11:58+00:00\",\"breadcrumb\":{\"@id\":\"https:\\\/\\\/upstardigital.com\\\/disclaimer\\\/#breadcrumb\"},\"inLanguage\":\"de-eu\",\"potentialAction\":[{\"@type\":\"ReadAction\",\"target\":[\"https:\\\/\\\/upstardigital.com\\\/disclaimer\\\/\"]}]},{\"@type\":\"BreadcrumbList\",\"@id\":\"https:\\\/\\\/upstardigital.com\\\/disclaimer\\\/#breadcrumb\",\"itemListElement\":[{\"@type\":\"ListItem\",\"position\":1,\"name\":\"In\u00edcio\",\"item\":\"https:\\\/\\\/upstardigital.com\\\/\"},{\"@type\":\"ListItem\",\"position\":2,\"name\":\"Disclaimer\"}]},{\"@type\":\"WebSite\",\"@id\":\"https:\\\/\\\/upstardigital.com\\\/#website\",\"url\":\"https:\\\/\\\/upstardigital.com\\\/\",\"name\":\"\",\"description\":\"\",\"potentialAction\":[{\"@type\":\"SearchAction\",\"target\":{\"@type\":\"EntryPoint\",\"urlTemplate\":\"https:\\\/\\\/upstardigital.com\\\/?s={search_term_string}\"},\"query-input\":{\"@type\":\"PropertyValueSpecification\",\"valueRequired\":true,\"valueName\":\"search_term_string\"}}],\"inLanguage\":\"de-eu\"}]}<\/script>\n<!-- \/ Yoast SEO plugin. -->","yoast_head_json":{"title":"Haftungsausschluss -","robots":{"index":"index","follow":"follow","max-snippet":"max-snippet:-1","max-image-preview":"max-image-preview:large","max-video-preview":"max-video-preview:-1"},"canonical":"https:\/\/upstardigital.com\/de_eu\/disclaimer\/","og_locale":"de_DE","og_type":"article","og_title":"Disclaimer -","og_description":"Aten\u00e7\u00e3o:\u00a0O Up Star Digital n\u00e3o solicita dinheiro para os seus usu\u00e1rios. Portanto, caso voc\u00ea esteja navegando no site e apare\u00e7a uma janela lhe solicitando isso, nos avise e feche o site imediatamente. Observa\u00e7\u00f5es:\u00a0O Up Star Digital \u00e9 um site informativo que deseja sempre fornecer conte\u00fado de qualidade aos seus usu\u00e1rios. Contudo, com a velocidade que [&hellip;]","og_url":"https:\/\/upstardigital.com\/de_eu\/disclaimer\/","article_modified_time":"2024-08-01T16:11:58+00:00","twitter_card":"summary_large_image","twitter_misc":{"Est. reading time":"1 minute"},"schema":{"@context":"https:\/\/schema.org","@graph":[{"@type":"WebPage","@id":"https:\/\/upstardigital.com\/disclaimer\/","url":"https:\/\/upstardigital.com\/disclaimer\/","name":"Haftungsausschluss -","isPartOf":{"@id":"https:\/\/upstardigital.com\/#website"},"datePublished":"2024-08-01T16:11:46+00:00","dateModified":"2024-08-01T16:11:58+00:00","breadcrumb":{"@id":"https:\/\/upstardigital.com\/disclaimer\/#breadcrumb"},"inLanguage":"de-eu","potentialAction":[{"@type":"ReadAction","target":["https:\/\/upstardigital.com\/disclaimer\/"]}]},{"@type":"BreadcrumbList","@id":"https:\/\/upstardigital.com\/disclaimer\/#breadcrumb","itemListElement":[{"@type":"ListItem","position":1,"name":"In\u00edcio","item":"https:\/\/upstardigital.com\/"},{"@type":"ListItem","position":2,"name":"Disclaimer"}]},{"@type":"WebSite","@id":"https:\/\/upstardigital.com\/#website","url":"https:\/\/upstardigital.com\/","name":"","description":"","potentialAction":[{"@type":"SearchAction","target":{"@type":"EntryPoint","urlTemplate":"https:\/\/upstardigital.com\/?s={search_term_string}"},"query-input":{"@type":"PropertyValueSpecification","valueRequired":true,"valueName":"search_term_string"}}],"inLanguage":"de-eu"}]}},"_links":{"self":[{"href":"https:\/\/upstardigital.com\/de_eu\/wp-json\/wp\/v2\/pages\/896","targetHints":{"allow":["GET"]}}],"collection":[{"href":"https:\/\/upstardigital.com\/de_eu\/wp-json\/wp\/v2\/pages"}],"about":[{"href":"https:\/\/upstardigital.com\/de_eu\/wp-json\/wp\/v2\/types\/page"}],"author":[{"embeddable":true,"href":"https:\/\/upstardigital.com\/de_eu\/wp-json\/wp\/v2\/users\/2"}],"replies":[{"embeddable":true,"href":"https:\/\/upstardigital.com\/de_eu\/wp-json\/wp\/v2\/comments?post=896"}],"version-history":[{"count":1,"href":"https:\/\/upstardigital.com\/de_eu\/wp-json\/wp\/v2\/pages\/896\/revisions"}],"predecessor-version":[{"id":897,"href":"https:\/\/upstardigital.com\/de_eu\/wp-json\/wp\/v2\/pages\/896\/revisions\/897"}],"wp:attachment":[{"href":"https:\/\/upstardigital.com\/de_eu\/wp-json\/wp\/v2\/media?parent=896"}],"curies":[{"name":"wp","href":"https:\/\/api.w.org\/{rel}","templated":true}]}}