{"id":3,"date":"2023-06-19T10:34:28","date_gmt":"2023-06-19T13:34:28","guid":{"rendered":"https:\/\/upstardigital.com\/?page_id=3"},"modified":"2026-04-13T12:06:46","modified_gmt":"2026-04-13T15:06:46","slug":"politica-de-privacidade","status":"publish","type":"page","link":"https:\/\/upstardigital.com\/el\/politica-de-privacidade\/","title":{"rendered":"\u03a0\u03bf\u03bb\u03b9\u03c4\u03b9\u03ba\u03ae \u0391\u03c0\u03bf\u03c1\u03c1\u03ae\u03c4\u03bf\u03c5"},"content":{"rendered":"<html><body><p>\u03a4\u03bf \u03b1\u03c0\u03cc\u03c1\u03c1\u03b7\u03c4\u03bf \u03c4\u03c9\u03bd \u03c7\u03c1\u03b7\u03c3\u03c4\u03ce\u03bd \u03bc\u03b1\u03c2 \u03b1\u03c0\u03bf\u03c4\u03b5\u03bb\u03b5\u03af \u03c0\u03c1\u03bf\u03c4\u03b5\u03c1\u03b1\u03b9\u03cc\u03c4\u03b7\u03c4\u03b1 \u03b3\u03b9\u03b1 \u03b5\u03bc\u03ac\u03c2 <strong>Up Star Digital<\/strong>. \u0391\u03c5\u03c4\u03ae \u03b7 \u03a0\u03bf\u03bb\u03b9\u03c4\u03b9\u03ba\u03ae \u0391\u03c0\u03bf\u03c1\u03c1\u03ae\u03c4\u03bf\u03c5 \u03c0\u03b5\u03c1\u03b9\u03b3\u03c1\u03ac\u03c6\u03b5\u03b9 \u03c4\u03bf\u03bd \u03c4\u03c1\u03cc\u03c0\u03bf \u03bc\u03b5 \u03c4\u03bf\u03bd \u03bf\u03c0\u03bf\u03af\u03bf \u03c7\u03c1\u03b7\u03c3\u03b9\u03bc\u03bf\u03c0\u03bf\u03b9\u03bf\u03cd\u03bc\u03b5 \u03ba\u03b1\u03b9 \u03c0\u03c1\u03bf\u03c3\u03c4\u03b1\u03c4\u03b5\u03cd\u03bf\u03c5\u03bc\u03b5 \u03c4\u03b9\u03c2 \u03c0\u03bb\u03b7\u03c1\u03bf\u03c6\u03bf\u03c1\u03af\u03b5\u03c2 \u03c0\u03bf\u03c5 \u03c0\u03b1\u03c1\u03ad\u03c7\u03bf\u03bd\u03c4\u03b1\u03b9 \u03b1\u03c0\u03cc \u03c4\u03bf\u03c5\u03c2 \u03c7\u03c1\u03ae\u03c3\u03c4\u03b5\u03c2 \u03cc\u03c4\u03b1\u03bd \u03c7\u03c1\u03b7\u03c3\u03b9\u03bc\u03bf\u03c0\u03bf\u03b9\u03bf\u03cd\u03bc\u03b5 \u03c4\u03bf\u03bd \u03b9\u03c3\u03c4\u03cc\u03c4\u03bf\u03c0\u03cc \u03bc\u03b1\u03c2.<br><br>Os usu\u00e1rios podem desativar as publicidade personalizada acessando as configura\u00e7\u00e3o de an\u00fancios. Como alternativa pode orientar aos usu\u00e1rios o site <a href=\"http:\/\/www.aboutads.info\">www.aboutads.info<\/a> para desativar o uso do cookies de publicidade personalizada de terceiros.<\/p>\n\n\n\n<ol class=\"wp-block-list\">\n<li><strong>\u0394\u03ad\u03c3\u03bc\u03b5\u03c5\u03c3\u03b7 \u03b3\u03b9\u03b1 \u03c4\u03b7\u03bd \u03b1\u03c3\u03c6\u03ac\u03bb\u03b5\u03b9\u03b1 \u03b4\u03b5\u03b4\u03bf\u03bc\u03ad\u03bd\u03c9\u03bd:<\/strong>\u00a0\u0391\u03c5\u03c4\u03ae \u03b7 \u03b5\u03c4\u03b1\u03b9\u03c1\u03b5\u03af\u03b1 \u03b4\u03b5\u03c3\u03bc\u03b5\u03cd\u03b5\u03c4\u03b1\u03b9 \u03b3\u03b9\u03b1 \u03c4\u03b7\u03bd \u03b1\u03c3\u03c6\u03ac\u03bb\u03b5\u03b9\u03b1 \u03c4\u03c9\u03bd \u03b4\u03b5\u03b4\u03bf\u03bc\u03ad\u03bd\u03c9\u03bd \u03c4\u03c9\u03bd \u03c7\u03c1\u03b7\u03c3\u03c4\u03ce\u03bd \u03c4\u03b7\u03c2. \u03a7\u03c1\u03b7\u03c3\u03b9\u03bc\u03bf\u03c0\u03bf\u03b9\u03bf\u03cd\u03bc\u03b5 \u03c0\u03c1\u03bf\u03b7\u03b3\u03bc\u03ad\u03bd\u03b1 \u03bc\u03ad\u03c4\u03c1\u03b1 \u03b1\u03c3\u03c6\u03b1\u03bb\u03b5\u03af\u03b1\u03c2 \u03b3\u03b9\u03b1 \u03c4\u03b7\u03bd \u03c0\u03c1\u03bf\u03c3\u03c4\u03b1\u03c3\u03af\u03b1 \u03c4\u03c9\u03bd \u03c0\u03bb\u03b7\u03c1\u03bf\u03c6\u03bf\u03c1\u03b9\u03ce\u03bd \u03b1\u03c0\u03cc \u03bc\u03b7 \u03b5\u03be\u03bf\u03c5\u03c3\u03b9\u03bf\u03b4\u03bf\u03c4\u03b7\u03bc\u03ad\u03bd\u03b7 \u03c0\u03c1\u03cc\u03c3\u03b2\u03b1\u03c3\u03b7 \u03ae \u03b1\u03c0\u03bf\u03ba\u03ac\u03bb\u03c5\u03c8\u03b7.<\/li>\n\n\n\n<li><strong>\u0395\u03bd\u03b7\u03bc\u03b5\u03c1\u03ce\u03c3\u03b5\u03b9\u03c2 \u03a0\u03bf\u03bb\u03b9\u03c4\u03b9\u03ba\u03ae\u03c2 \u0391\u03c0\u03bf\u03c1\u03c1\u03ae\u03c4\u03bf\u03c5:<\/strong>\u00a0\u0391\u03c5\u03c4\u03ae \u03b7 \u03a0\u03bf\u03bb\u03b9\u03c4\u03b9\u03ba\u03ae \u0391\u03c0\u03bf\u03c1\u03c1\u03ae\u03c4\u03bf\u03c5 \u03b5\u03bd\u03b4\u03ad\u03c7\u03b5\u03c4\u03b1\u03b9 \u03bd\u03b1 \u03b5\u03bd\u03b7\u03bc\u03b5\u03c1\u03ce\u03bd\u03b5\u03c4\u03b1\u03b9 \u03ae \u03bd\u03b1 \u03c4\u03c1\u03bf\u03c0\u03bf\u03c0\u03bf\u03b9\u03b5\u03af\u03c4\u03b1\u03b9 \u03b1\u03c0\u03cc \u03ba\u03b1\u03b9\u03c1\u03cc \u03c3\u03b5 \u03ba\u03b1\u03b9\u03c1\u03cc. \u03a3\u03c5\u03bd\u03b9\u03c3\u03c4\u03bf\u03cd\u03bc\u03b5 \u03c3\u03c4\u03bf\u03c5\u03c2 \u03c7\u03c1\u03ae\u03c3\u03c4\u03b5\u03c2 \u03bd\u03b1 \u03b5\u03bb\u03ad\u03b3\u03c7\u03bf\u03c5\u03bd \u03c0\u03b5\u03c1\u03b9\u03bf\u03b4\u03b9\u03ba\u03ac \u03b1\u03c5\u03c4\u03ae\u03bd \u03c4\u03b7 \u03c3\u03b5\u03bb\u03af\u03b4\u03b1 \u03b3\u03b9\u03b1 \u03bd\u03b1 \u03b3\u03bd\u03c9\u03c1\u03af\u03b6\u03bf\u03c5\u03bd \u03c4\u03c5\u03c7\u03cc\u03bd \u03b1\u03bb\u03bb\u03b1\u03b3\u03ad\u03c2. \u03a3\u03c5\u03bd\u03b5\u03c7\u03af\u03b6\u03bf\u03bd\u03c4\u03b1\u03c2 \u03bd\u03b1 \u03c7\u03c1\u03b7\u03c3\u03b9\u03bc\u03bf\u03c0\u03bf\u03b9\u03b5\u03af\u03c4\u03b5 \u03c4\u03bf\u03bd \u03b9\u03c3\u03c4\u03cc\u03c4\u03bf\u03c0\u03bf \u03bc\u03b5\u03c4\u03ac \u03b1\u03c0\u03cc \u03c4\u03ad\u03c4\u03bf\u03b9\u03b5\u03c2 \u03c4\u03c1\u03bf\u03c0\u03bf\u03c0\u03bf\u03b9\u03ae\u03c3\u03b5\u03b9\u03c2, \u03b8\u03b1 \u03c3\u03c5\u03bc\u03c6\u03c9\u03bd\u03b5\u03af\u03c4\u03b5 \u03bc\u03b5 \u03c4\u03bf\u03c5\u03c2 \u03b5\u03bd\u03b7\u03bc\u03b5\u03c1\u03c9\u03bc\u03ad\u03bd\u03bf\u03c5\u03c2 \u03cc\u03c1\u03bf\u03c5\u03c2.<\/li>\n\n\n\n<li><strong>\u03a0\u03bb\u03b7\u03c1\u03bf\u03c6\u03bf\u03c1\u03af\u03b5\u03c2 \u03c0\u03bf\u03c5 \u03c3\u03c5\u03bb\u03bb\u03ad\u03b3\u03bf\u03bd\u03c4\u03b1\u03b9:<\/strong>\u00a0\u039f \u03b9\u03c3\u03c4\u03cc\u03c4\u03bf\u03c0\u03cc\u03c2 \u03bc\u03b1\u03c2 \u03bc\u03c0\u03bf\u03c1\u03b5\u03af \u03bd\u03b1 \u03c3\u03c5\u03bb\u03bb\u03ad\u03b3\u03b5\u03b9 \u03c0\u03c1\u03bf\u03c3\u03c9\u03c0\u03b9\u03ba\u03ac \u03c3\u03c4\u03bf\u03b9\u03c7\u03b5\u03af\u03b1 \u03cc\u03c0\u03c9\u03c2 \u03cc\u03bd\u03bf\u03bc\u03b1, \u03c3\u03c4\u03bf\u03b9\u03c7\u03b5\u03af\u03b1 \u03b5\u03c0\u03b9\u03ba\u03bf\u03b9\u03bd\u03c9\u03bd\u03af\u03b1\u03c2, \u03b4\u03b9\u03b5\u03cd\u03b8\u03c5\u03bd\u03c3\u03b7 email \u03ba\u03b1\u03b9 \u03b4\u03b7\u03bc\u03bf\u03b3\u03c1\u03b1\u03c6\u03b9\u03ba\u03ac \u03c3\u03c4\u03bf\u03b9\u03c7\u03b5\u03af\u03b1. \u0391\u03c5\u03c4\u03ad\u03c2 \u03bf\u03b9 \u03c0\u03bb\u03b7\u03c1\u03bf\u03c6\u03bf\u03c1\u03af\u03b5\u03c2 \u03c3\u03c5\u03bb\u03bb\u03ad\u03b3\u03bf\u03bd\u03c4\u03b1\u03b9 \u03bc\u03cc\u03bd\u03bf \u03cc\u03c4\u03b1\u03bd \u03b5\u03af\u03bd\u03b1\u03b9 \u03b1\u03c0\u03b1\u03c1\u03b1\u03af\u03c4\u03b7\u03c4\u03bf \u03b3\u03b9\u03b1 \u03c4\u03b7\u03bd \u03b5\u03c0\u03b5\u03be\u03b5\u03c1\u03b3\u03b1\u03c3\u03af\u03b1 \u03b1\u03b9\u03c4\u03b7\u03bc\u03ac\u03c4\u03c9\u03bd \u03ae \u03c4\u03b7\u03bd \u03c0\u03b1\u03c1\u03bf\u03c7\u03ae \u03b5\u03be\u03b1\u03c4\u03bf\u03bc\u03b9\u03ba\u03b5\u03c5\u03bc\u03ad\u03bd\u03c9\u03bd \u03c5\u03c0\u03b7\u03c1\u03b5\u03c3\u03b9\u03ce\u03bd \u03c3\u03c4\u03bf\u03c5\u03c2 \u03c7\u03c1\u03ae\u03c3\u03c4\u03b5\u03c2.<\/li>\n\n\n\n<li><strong>\u03a7\u03c1\u03ae\u03c3\u03b7 \u03c0\u03bb\u03b7\u03c1\u03bf\u03c6\u03bf\u03c1\u03b9\u03ce\u03bd:<\/strong>\u00a0\u039f\u03b9 \u03c0\u03bb\u03b7\u03c1\u03bf\u03c6\u03bf\u03c1\u03af\u03b5\u03c2 \u03c0\u03bf\u03c5 \u03c3\u03c5\u03bb\u03bb\u03ad\u03b3\u03bf\u03bd\u03c4\u03b1\u03b9 \u03c7\u03c1\u03b7\u03c3\u03b9\u03bc\u03bf\u03c0\u03bf\u03b9\u03bf\u03cd\u03bd\u03c4\u03b1\u03b9 \u03b3\u03b9\u03b1 \u03c4\u03b7\u03bd \u03c0\u03b1\u03c1\u03bf\u03c7\u03ae \u03c4\u03b7\u03c2 \u03ba\u03b1\u03bb\u03cd\u03c4\u03b5\u03c1\u03b7\u03c2 \u03b4\u03c5\u03bd\u03b1\u03c4\u03ae\u03c2 \u03b5\u03be\u03c5\u03c0\u03b7\u03c1\u03ad\u03c4\u03b7\u03c3\u03b7\u03c2 \u03c3\u03c4\u03bf\u03c5\u03c2 \u03c7\u03c1\u03ae\u03c3\u03c4\u03b5\u03c2 \u03bc\u03b1\u03c2, \u03c3\u03c5\u03bc\u03c0\u03b5\u03c1\u03b9\u03bb\u03b1\u03bc\u03b2\u03b1\u03bd\u03bf\u03bc\u03ad\u03bd\u03b7\u03c2 \u03c4\u03b7\u03c2 \u03b4\u03b9\u03b1\u03c4\u03ae\u03c1\u03b7\u03c3\u03b7\u03c2 \u03b1\u03c1\u03c7\u03b5\u03af\u03c9\u03bd \u03c7\u03c1\u03b7\u03c3\u03c4\u03ce\u03bd, \u03c4\u03b7\u03c2 \u03b2\u03b5\u03bb\u03c4\u03af\u03c9\u03c3\u03b7\u03c2 \u03c0\u03c1\u03bf\u03ca\u03cc\u03bd\u03c4\u03c9\u03bd \u03ba\u03b1\u03b9 \u03c5\u03c0\u03b7\u03c1\u03b5\u03c3\u03b9\u03ce\u03bd \u03ba\u03b1\u03b9 \u03c4\u03b7\u03c2 \u03b5\u03be\u03b1\u03c4\u03bf\u03bc\u03af\u03ba\u03b5\u03c5\u03c3\u03b7\u03c2 \u03c4\u03b7\u03c2 \u03b5\u03bc\u03c0\u03b5\u03b9\u03c1\u03af\u03b1\u03c2 \u03c0\u03b5\u03c1\u03b9\u03ae\u03b3\u03b7\u03c3\u03b7\u03c2.<\/li>\n\n\n\n<li><strong>\u039c\u03c0\u03b9\u03c3\u03ba\u03cc\u03c4\u03b1:<\/strong>\u00a0\u03a7\u03c1\u03b7\u03c3\u03b9\u03bc\u03bf\u03c0\u03bf\u03b9\u03bf\u03cd\u03bc\u03b5 cookies \u03b3\u03b9\u03b1 \u03bd\u03b1 \u03b2\u03b5\u03bb\u03c4\u03b9\u03ce\u03c3\u03bf\u03c5\u03bc\u03b5 \u03c4\u03b7\u03bd \u03b5\u03bc\u03c0\u03b5\u03b9\u03c1\u03af\u03b1 \u03c4\u03bf\u03c5 \u03c7\u03c1\u03ae\u03c3\u03c4\u03b7 \u03ba\u03b1\u03b9 \u03bd\u03b1 \u03b5\u03be\u03b1\u03c4\u03bf\u03bc\u03b9\u03ba\u03b5\u03cd\u03c3\u03bf\u03c5\u03bc\u03b5 \u03c4\u03bf \u03c0\u03b5\u03c1\u03b9\u03b5\u03c7\u03cc\u03bc\u03b5\u03bd\u03bf \u03c4\u03bf\u03c5 \u03b9\u03c3\u03c4\u03cc\u03c4\u03bf\u03c0\u03bf\u03c5 \u03c3\u03cd\u03bc\u03c6\u03c9\u03bd\u03b1 \u03bc\u03b5 \u03c4\u03b9\u03c2 \u03c0\u03c1\u03bf\u03c4\u03b9\u03bc\u03ae\u03c3\u03b5\u03b9\u03c2 \u03c4\u03c9\u03bd \u03c7\u03c1\u03b7\u03c3\u03c4\u03ce\u03bd. \u03a4\u03b1 cookies \u03b5\u03af\u03bd\u03b1\u03b9 \u03bc\u03b9\u03ba\u03c1\u03ac \u03b1\u03c1\u03c7\u03b5\u03af\u03b1 \u03ba\u03b5\u03b9\u03bc\u03ad\u03bd\u03bf\u03c5 \u03c0\u03bf\u03c5 \u03b1\u03c0\u03bf\u03b8\u03b7\u03ba\u03b5\u03cd\u03bf\u03bd\u03c4\u03b1\u03b9 \u03c3\u03c4\u03bf\u03bd \u03c5\u03c0\u03bf\u03bb\u03bf\u03b3\u03b9\u03c3\u03c4\u03ae \u03c4\u03bf\u03c5 \u03c7\u03c1\u03ae\u03c3\u03c4\u03b7 \u03ba\u03b1\u03b9 \u03c4\u03bf\u03c5 \u03b5\u03c0\u03b9\u03c4\u03c1\u03ad\u03c0\u03bf\u03c5\u03bd \u03bd\u03b1 \u03b1\u03bd\u03b1\u03b3\u03bd\u03c9\u03c1\u03af\u03b6\u03b5\u03b9 \u03ba\u03b1\u03b9 \u03bd\u03b1 \u03b8\u03c5\u03bc\u03ac\u03c4\u03b1\u03b9 \u03c3\u03b7\u03bc\u03b1\u03bd\u03c4\u03b9\u03ba\u03ad\u03c2 \u03c0\u03bb\u03b7\u03c1\u03bf\u03c6\u03bf\u03c1\u03af\u03b5\u03c2. \u039f\u03b9 \u03c7\u03c1\u03ae\u03c3\u03c4\u03b5\u03c2 \u03bc\u03c0\u03bf\u03c1\u03bf\u03cd\u03bd \u03bd\u03b1 \u03b5\u03c0\u03b9\u03bb\u03ad\u03be\u03bf\u03c5\u03bd \u03bd\u03b1 \u03b1\u03c0\u03bf\u03b4\u03b5\u03c7\u03c4\u03bf\u03cd\u03bd \u03ae \u03bd\u03b1 \u03b1\u03c1\u03bd\u03b7\u03b8\u03bf\u03cd\u03bd \u03c4\u03b1 cookies \u03bc\u03ad\u03c3\u03c9 \u03c4\u03c9\u03bd \u03c1\u03c5\u03b8\u03bc\u03af\u03c3\u03b5\u03c9\u03bd \u03c4\u03bf\u03c5 \u03c0\u03c1\u03bf\u03b3\u03c1\u03ac\u03bc\u03bc\u03b1\u03c4\u03bf\u03c2 \u03c0\u03b5\u03c1\u03b9\u03ae\u03b3\u03b7\u03c3\u03ae\u03c2 \u03c4\u03bf\u03c5\u03c2, \u03b1\u03bb\u03bb\u03ac \u03b1\u03c5\u03c4\u03cc \u03bc\u03c0\u03bf\u03c1\u03b5\u03af \u03bd\u03b1 \u03b5\u03c0\u03b7\u03c1\u03b5\u03ac\u03c3\u03b5\u03b9 \u03c4\u03b7 \u03bb\u03b5\u03b9\u03c4\u03bf\u03c5\u03c1\u03b3\u03b9\u03ba\u03cc\u03c4\u03b7\u03c4\u03b1 \u03c4\u03bf\u03c5 \u03b9\u03c3\u03c4\u03cc\u03c4\u03bf\u03c0\u03bf\u03c5.<\/li>\n\n\n\n<li><strong>\u03a3\u03cd\u03bd\u03b4\u03b5\u03c3\u03bc\u03bf\u03b9 \u03c0\u03c1\u03bf\u03c2 \u03c4\u03c1\u03af\u03c4\u03b1 \u03bc\u03ad\u03c1\u03b7:<\/strong>\u00a0\u039f \u03b9\u03c3\u03c4\u03cc\u03c4\u03bf\u03c0\u03cc\u03c2 \u03bc\u03b1\u03c2 \u03bc\u03c0\u03bf\u03c1\u03b5\u03af \u03bd\u03b1 \u03c0\u03b5\u03c1\u03b9\u03ad\u03c7\u03b5\u03b9 \u03c3\u03c5\u03bd\u03b4\u03ad\u03c3\u03bc\u03bf\u03c5\u03c2 \u03c0\u03c1\u03bf\u03c2 \u03ac\u03bb\u03bb\u03bf\u03c5\u03c2 \u03b9\u03c3\u03c4\u03cc\u03c4\u03bf\u03c0\u03bf\u03c5\u03c2 \u03b5\u03bd\u03b4\u03b9\u03b1\u03c6\u03ad\u03c1\u03bf\u03bd\u03c4\u03bf\u03c2. \u03a9\u03c3\u03c4\u03cc\u03c3\u03bf, \u03bc\u03cc\u03bb\u03b9\u03c2 \u03ad\u03bd\u03b1\u03c2 \u03c7\u03c1\u03ae\u03c3\u03c4\u03b7\u03c2 \u03ba\u03ac\u03bd\u03b5\u03b9 \u03ba\u03bb\u03b9\u03ba \u03c3\u03b5 \u03ad\u03bd\u03b1\u03bd \u03b1\u03c0\u03cc \u03b1\u03c5\u03c4\u03bf\u03cd\u03c2 \u03c4\u03bf\u03c5\u03c2 \u03c3\u03c5\u03bd\u03b4\u03ad\u03c3\u03bc\u03bf\u03c5\u03c2 \u03ba\u03b1\u03b9 \u03b1\u03c0\u03bf\u03c7\u03c9\u03c1\u03ae\u03c3\u03b5\u03b9 \u03b1\u03c0\u03cc \u03c4\u03bf\u03bd \u03b9\u03c3\u03c4\u03cc\u03c4\u03bf\u03c0\u03cc \u03bc\u03b1\u03c2, \u03b4\u03b5\u03bd \u03ad\u03c7\u03bf\u03c5\u03bc\u03b5 \u03c0\u03bb\u03ad\u03bf\u03bd \u03ad\u03bb\u03b5\u03b3\u03c7\u03bf \u03c3\u03c4\u03bf\u03bd \u03b9\u03c3\u03c4\u03cc\u03c4\u03bf\u03c0\u03bf \u03c3\u03c4\u03bf\u03bd \u03bf\u03c0\u03bf\u03af\u03bf \u03b1\u03bd\u03b1\u03ba\u03b1\u03c4\u03b5\u03c5\u03b8\u03cd\u03bd\u03b5\u03c4\u03b1\u03b9. \u0395\u03c0\u03bf\u03bc\u03ad\u03bd\u03c9\u03c2, \u03b4\u03b5\u03bd \u03b5\u03af\u03bc\u03b1\u03c3\u03c4\u03b5 \u03c5\u03c0\u03b5\u03cd\u03b8\u03c5\u03bd\u03bf\u03b9 \u03b3\u03b9\u03b1 \u03c4\u03bf\u03c5\u03c2 \u03cc\u03c1\u03bf\u03c5\u03c2 \u03b1\u03c0\u03bf\u03c1\u03c1\u03ae\u03c4\u03bf\u03c5 \u03ae \u03c0\u03c1\u03bf\u03c3\u03c4\u03b1\u03c3\u03af\u03b1\u03c2 \u03b4\u03b5\u03b4\u03bf\u03bc\u03ad\u03bd\u03c9\u03bd \u03b1\u03c5\u03c4\u03ce\u03bd \u03c4\u03c9\u03bd \u03b9\u03c3\u03c4\u03cc\u03c4\u03bf\u03c0\u03c9\u03bd \u03c4\u03c1\u03af\u03c4\u03c9\u03bd \u03ba\u03b1\u03b9 \u03c3\u03c5\u03bd\u03b9\u03c3\u03c4\u03bf\u03cd\u03bc\u03b5 \u03c3\u03c4\u03bf\u03c5\u03c2 \u03c7\u03c1\u03ae\u03c3\u03c4\u03b5\u03c2 \u03bd\u03b1 \u03c3\u03c5\u03bc\u03b2\u03bf\u03c5\u03bb\u03b5\u03cd\u03bf\u03bd\u03c4\u03b1\u03b9 \u03c4\u03b9\u03c2 \u03c0\u03bf\u03bb\u03b9\u03c4\u03b9\u03ba\u03ad\u03c2 \u03b1\u03c0\u03bf\u03c1\u03c1\u03ae\u03c4\u03bf\u03c5 \u03b1\u03c5\u03c4\u03ce\u03bd \u03c4\u03c9\u03bd \u03b9\u03c3\u03c4\u03cc\u03c4\u03bf\u03c0\u03c9\u03bd \u03c0\u03c1\u03bf\u03c4\u03bf\u03cd \u03c0\u03b1\u03c1\u03ac\u03c3\u03c7\u03bf\u03c5\u03bd \u03c0\u03c1\u03bf\u03c3\u03c9\u03c0\u03b9\u03ba\u03ad\u03c2 \u03c0\u03bb\u03b7\u03c1\u03bf\u03c6\u03bf\u03c1\u03af\u03b5\u03c2.<\/li>\n<\/ol>\n\n\n\n<h2 class=\"wp-block-heading\"><strong>Direitos do Usu\u00e1rio<\/strong><\/h2>\n\n\n\n<p>Nos termos da legisla\u00e7\u00e3o aplic\u00e1vel, especialmente a Lei Geral de Prote\u00e7\u00e3o de Dados (LGPD \u2013 Lei n\u00ba 13.709\/2018), garantimos aos usu\u00e1rios do nosso site os seguintes direitos relacionados aos seus dados pessoais:<\/p>\n\n\n\n<h3 class=\"wp-block-heading\"><strong>1. Confirma\u00e7\u00e3o e Acesso aos Dados<\/strong><\/h3>\n\n\n\n<p>O usu\u00e1rio pode solicitar a confirma\u00e7\u00e3o da exist\u00eancia de tratamento de seus dados pessoais, bem como acessar todas as informa\u00e7\u00f5es que mantemos sobre ele.<\/p>\n\n\n\n<h3 class=\"wp-block-heading\"><strong>2. Corre\u00e7\u00e3o de Dados Incompletos, Inexatos ou Desatualizados<\/strong><\/h3>\n\n\n\n<p>O usu\u00e1rio tem o direito de solicitar a corre\u00e7\u00e3o ou atualiza\u00e7\u00e3o de seus dados pessoais sempre que identificar inconsist\u00eancias.<\/p>\n\n\n\n<h3 class=\"wp-block-heading\"><strong>3. Anonimiza\u00e7\u00e3o, Bloqueio ou Elimina\u00e7\u00e3o de Dados<\/strong><\/h3>\n\n\n\n<p>O usu\u00e1rio pode solicitar a anonimiza\u00e7\u00e3o, bloqueio ou exclus\u00e3o de dados que sejam desnecess\u00e1rios, excessivos ou tratados em desconformidade com a legisla\u00e7\u00e3o vigente.<\/p>\n\n\n\n<h3 class=\"wp-block-heading\"><strong>4. Portabilidade dos Dados<\/strong><\/h3>\n\n\n\n<p>Mediante requisi\u00e7\u00e3o expressa, o usu\u00e1rio poder\u00e1 solicitar a portabilidade dos seus dados pessoais para outro fornecedor de servi\u00e7o ou produto, conforme regulamenta\u00e7\u00e3o da autoridade competente.<\/p>\n\n\n\n<h3 class=\"wp-block-heading\"><strong>5. Elimina\u00e7\u00e3o dos Dados Pessoais Tratados com Consentimento<\/strong><\/h3>\n\n\n\n<p>O usu\u00e1rio pode solicitar a exclus\u00e3o dos dados pessoais tratados com base no seu consentimento, exceto nos casos em que a reten\u00e7\u00e3o seja obrigat\u00f3ria por lei.<\/p>\n\n\n\n<h3 class=\"wp-block-heading\"><strong>6. Informa\u00e7\u00e3o sobre Compartilhamento de Dados<\/strong><\/h3>\n\n\n\n<p>O usu\u00e1rio tem o direito de ser informado sobre as entidades p\u00fablicas e privadas com as quais seus dados pessoais foram compartilhados.<\/p>\n\n\n\n<h3 class=\"wp-block-heading\"><strong>7. Revoga\u00e7\u00e3o do Consentimento<\/strong><\/h3>\n\n\n\n<p>O usu\u00e1rio pode, a qualquer momento, revogar o consentimento previamente concedido para o tratamento de seus dados, mediante solicita\u00e7\u00e3o simples e gratuita.<\/p>\n\n\n\n<h3 class=\"wp-block-heading\"><strong>8. Oposi\u00e7\u00e3o ao Tratamento de Dados<\/strong><\/h3>\n\n\n\n<p>O usu\u00e1rio pode se opor ao tratamento de seus dados pessoais quando houver descumprimento da legisla\u00e7\u00e3o aplic\u00e1vel.<\/p>\n\n\n\n<h3 class=\"wp-block-heading\"><strong>9. Solicita\u00e7\u00e3o de Revis\u00e3o de Decis\u00f5es Automatizadas<\/strong><\/h3>\n\n\n\n<p>O usu\u00e1rio tem o direito de solicitar a revis\u00e3o de decis\u00f5es tomadas exclusivamente com base em tratamento automatizado de dados pessoais, quando tais decis\u00f5es afetarem seus interesses.<\/p>\n<\/body><\/html>","protected":false},"excerpt":{"rendered":"<p>A privacidade dos nossos usu\u00e1rios \u00e9 uma prioridade para o Up Star Digital. Esta Pol\u00edtica de Privacidade descreve como utilizamos e protegemos as informa\u00e7\u00f5es fornecidas pelos usu\u00e1rios ao utilizar nosso site. Os usu\u00e1rios podem desativar as publicidade personalizada acessando as configura\u00e7\u00e3o de an\u00fancios. Como alternativa pode orientar aos usu\u00e1rios o site www.aboutads.info para desativar o [&hellip;]<\/p>\n","protected":false},"author":3,"featured_media":0,"parent":0,"menu_order":0,"comment_status":"closed","ping_status":"closed","template":"","meta":{"footnotes":""},"class_list":["post-3","page","type-page","status-publish","hentry"],"yoast_head":"<!-- This site is optimized with the Yoast SEO plugin v27.4 - https:\/\/yoast.com\/product\/yoast-seo-wordpress\/ -->\n<title>Pol\u00edtica de Privacidade -<\/title>\n<meta name=\"robots\" content=\"index, follow, max-snippet:-1, max-image-preview:large, max-video-preview:-1\" \/>\n<link rel=\"canonical\" href=\"https:\/\/upstardigital.com\/el\/politica-de-privacidade\/\" \/>\n<meta property=\"og:locale\" content=\"el_GR\" \/>\n<meta property=\"og:type\" content=\"article\" \/>\n<meta property=\"og:title\" content=\"Pol\u00edtica de Privacidade -\" \/>\n<meta property=\"og:description\" content=\"A privacidade dos nossos usu\u00e1rios \u00e9 uma prioridade para o Up Star Digital. Esta Pol\u00edtica de Privacidade descreve como utilizamos e protegemos as informa\u00e7\u00f5es fornecidas pelos usu\u00e1rios ao utilizar nosso site. Os usu\u00e1rios podem desativar as publicidade personalizada acessando as configura\u00e7\u00e3o de an\u00fancios. Como alternativa pode orientar aos usu\u00e1rios o site www.aboutads.info para desativar o [&hellip;]\" \/>\n<meta property=\"og:url\" content=\"https:\/\/upstardigital.com\/el\/politica-de-privacidade\/\" \/>\n<meta property=\"article:modified_time\" content=\"2026-04-13T15:06:46+00:00\" \/>\n<meta name=\"twitter:card\" content=\"summary_large_image\" \/>\n<meta name=\"twitter:label1\" content=\"Est. reading time\" \/>\n\t<meta name=\"twitter:data1\" content=\"4 minutes\" \/>\n<script type=\"application\/ld+json\" class=\"yoast-schema-graph\">{\"@context\":\"https:\\\/\\\/schema.org\",\"@graph\":[{\"@type\":\"WebPage\",\"@id\":\"https:\\\/\\\/upstardigital.com\\\/politica-de-privacidade\\\/\",\"url\":\"https:\\\/\\\/upstardigital.com\\\/politica-de-privacidade\\\/\",\"name\":\"Pol\u00edtica de Privacidade -\",\"isPartOf\":{\"@id\":\"https:\\\/\\\/upstardigital.com\\\/#website\"},\"datePublished\":\"2023-06-19T13:34:28+00:00\",\"dateModified\":\"2026-04-13T15:06:46+00:00\",\"breadcrumb\":{\"@id\":\"https:\\\/\\\/upstardigital.com\\\/politica-de-privacidade\\\/#breadcrumb\"},\"inLanguage\":\"el\",\"potentialAction\":[{\"@type\":\"ReadAction\",\"target\":[\"https:\\\/\\\/upstardigital.com\\\/politica-de-privacidade\\\/\"]}]},{\"@type\":\"BreadcrumbList\",\"@id\":\"https:\\\/\\\/upstardigital.com\\\/politica-de-privacidade\\\/#breadcrumb\",\"itemListElement\":[{\"@type\":\"ListItem\",\"position\":1,\"name\":\"In\u00edcio\",\"item\":\"https:\\\/\\\/upstardigital.com\\\/\"},{\"@type\":\"ListItem\",\"position\":2,\"name\":\"Pol\u00edtica de Privacidade\"}]},{\"@type\":\"WebSite\",\"@id\":\"https:\\\/\\\/upstardigital.com\\\/#website\",\"url\":\"https:\\\/\\\/upstardigital.com\\\/\",\"name\":\"\",\"description\":\"\",\"potentialAction\":[{\"@type\":\"SearchAction\",\"target\":{\"@type\":\"EntryPoint\",\"urlTemplate\":\"https:\\\/\\\/upstardigital.com\\\/?s={search_term_string}\"},\"query-input\":{\"@type\":\"PropertyValueSpecification\",\"valueRequired\":true,\"valueName\":\"search_term_string\"}}],\"inLanguage\":\"el\"}]}<\/script>\n<!-- \/ Yoast SEO plugin. -->","yoast_head_json":{"title":"\u03a0\u03bf\u03bb\u03b9\u03c4\u03b9\u03ba\u03ae \u0391\u03c0\u03bf\u03c1\u03c1\u03ae\u03c4\u03bf\u03c5 -","robots":{"index":"index","follow":"follow","max-snippet":"max-snippet:-1","max-image-preview":"max-image-preview:large","max-video-preview":"max-video-preview:-1"},"canonical":"https:\/\/upstardigital.com\/el\/politica-de-privacidade\/","og_locale":"el_GR","og_type":"article","og_title":"Pol\u00edtica de Privacidade -","og_description":"A privacidade dos nossos usu\u00e1rios \u00e9 uma prioridade para o Up Star Digital. Esta Pol\u00edtica de Privacidade descreve como utilizamos e protegemos as informa\u00e7\u00f5es fornecidas pelos usu\u00e1rios ao utilizar nosso site. Os usu\u00e1rios podem desativar as publicidade personalizada acessando as configura\u00e7\u00e3o de an\u00fancios. Como alternativa pode orientar aos usu\u00e1rios o site www.aboutads.info para desativar o [&hellip;]","og_url":"https:\/\/upstardigital.com\/el\/politica-de-privacidade\/","article_modified_time":"2026-04-13T15:06:46+00:00","twitter_card":"summary_large_image","twitter_misc":{"Est. reading time":"4 minutes"},"schema":{"@context":"https:\/\/schema.org","@graph":[{"@type":"WebPage","@id":"https:\/\/upstardigital.com\/politica-de-privacidade\/","url":"https:\/\/upstardigital.com\/politica-de-privacidade\/","name":"\u03a0\u03bf\u03bb\u03b9\u03c4\u03b9\u03ba\u03ae \u0391\u03c0\u03bf\u03c1\u03c1\u03ae\u03c4\u03bf\u03c5 -","isPartOf":{"@id":"https:\/\/upstardigital.com\/#website"},"datePublished":"2023-06-19T13:34:28+00:00","dateModified":"2026-04-13T15:06:46+00:00","breadcrumb":{"@id":"https:\/\/upstardigital.com\/politica-de-privacidade\/#breadcrumb"},"inLanguage":"el","potentialAction":[{"@type":"ReadAction","target":["https:\/\/upstardigital.com\/politica-de-privacidade\/"]}]},{"@type":"BreadcrumbList","@id":"https:\/\/upstardigital.com\/politica-de-privacidade\/#breadcrumb","itemListElement":[{"@type":"ListItem","position":1,"name":"In\u00edcio","item":"https:\/\/upstardigital.com\/"},{"@type":"ListItem","position":2,"name":"Pol\u00edtica de Privacidade"}]},{"@type":"WebSite","@id":"https:\/\/upstardigital.com\/#website","url":"https:\/\/upstardigital.com\/","name":"","description":"","potentialAction":[{"@type":"SearchAction","target":{"@type":"EntryPoint","urlTemplate":"https:\/\/upstardigital.com\/?s={search_term_string}"},"query-input":{"@type":"PropertyValueSpecification","valueRequired":true,"valueName":"search_term_string"}}],"inLanguage":"el"}]}},"_links":{"self":[{"href":"https:\/\/upstardigital.com\/el\/wp-json\/wp\/v2\/pages\/3","targetHints":{"allow":["GET"]}}],"collection":[{"href":"https:\/\/upstardigital.com\/el\/wp-json\/wp\/v2\/pages"}],"about":[{"href":"https:\/\/upstardigital.com\/el\/wp-json\/wp\/v2\/types\/page"}],"author":[{"embeddable":true,"href":"https:\/\/upstardigital.com\/el\/wp-json\/wp\/v2\/users\/3"}],"replies":[{"embeddable":true,"href":"https:\/\/upstardigital.com\/el\/wp-json\/wp\/v2\/comments?post=3"}],"version-history":[{"count":6,"href":"https:\/\/upstardigital.com\/el\/wp-json\/wp\/v2\/pages\/3\/revisions"}],"predecessor-version":[{"id":1657,"href":"https:\/\/upstardigital.com\/el\/wp-json\/wp\/v2\/pages\/3\/revisions\/1657"}],"wp:attachment":[{"href":"https:\/\/upstardigital.com\/el\/wp-json\/wp\/v2\/media?parent=3"}],"curies":[{"name":"wp","href":"https:\/\/api.w.org\/{rel}","templated":true}]}}