{"id":892,"date":"2024-08-01T13:05:54","date_gmt":"2024-08-01T16:05:54","guid":{"rendered":"https:\/\/upstardigital.com\/?page_id=892"},"modified":"2024-08-01T13:05:54","modified_gmt":"2024-08-01T16:05:54","slug":"quem-somos","status":"publish","type":"page","link":"https:\/\/upstardigital.com\/en_eu\/quem-somos\/","title":{"rendered":"Who we are"},"content":{"rendered":"<html><body><p>Welcome to <strong>Up Star Digital<\/strong>! Before proceeding to use this website, it is important that you carefully read the terms of use below. By accessing or using this website, you agree to comply with and be bound by these terms. If you do not agree to these terms, please do not use the website.<\/p>\n\n\n\n<ol class=\"wp-block-list\">\n<li><strong>Up Star Digital Objective:<\/strong>\u00a0We are a platform dedicated to providing quality content and knowledge to our users. Our mission is to effectively use technology to bring valuable and relevant information to all parts of the world.<\/li>\n\n\n\n<li><strong>Qualified Team:<\/strong>\u00a0Our website is managed by a team of experienced and qualified writers with in-depth knowledge of the topics and categories covered in our publications. Our goal is to ensure that the content we provide is informative, accurate and of high quality.<\/li>\n\n\n\n<li><strong>Diverse Content:<\/strong>\u00a0By accessing our website, you will have the opportunity to acquire knowledge on a variety of topics, both nationally and internationally. Our goal is to provide information that is relevant and interesting to our users in different areas of interest.<\/li>\n\n\n\n<li><strong>User Responsibility:<\/strong>\u00a0Use of any information or materials on this website is at your own risk. We do not warrant the accuracy, timeliness, completeness or suitability of the information and materials found or offered on this website for any particular purpose.<\/li>\n\n\n\n<li><strong>Modifications to the Terms of Use:<\/strong>\u00a0We may revise these terms of use at any time without notice. By using this website you are agreeing to be bound by the then current version of the terms of use.<\/li>\n<\/ol>\n\n\n\n<p>By accessing or using this site, you agree to these terms of use. If you have any questions or concerns about these terms, please contact us. Thank you for visiting the <strong>Up Star Digital<\/strong>!<\/p>\n<\/body><\/html>","protected":false},"excerpt":{"rendered":"<p>Bem-vindo ao Up Star Digital! Antes de prosseguir com a utiliza\u00e7\u00e3o deste site, \u00e9 importante que voc\u00ea leia atentamente os termos de uso abaixo. Ao acessar ou utilizar este site, voc\u00ea concorda em respeitar e estar vinculado a estes termos. Se voc\u00ea n\u00e3o concorda com estes termos, por favor, n\u00e3o utilize o site. Ao acessar [&hellip;]<\/p>\n","protected":false},"author":2,"featured_media":0,"parent":0,"menu_order":0,"comment_status":"closed","ping_status":"closed","template":"","meta":{"footnotes":""},"class_list":["post-892","page","type-page","status-publish","hentry"],"yoast_head":"<!-- This site is optimized with the Yoast SEO plugin v27.3 - https:\/\/yoast.com\/product\/yoast-seo-wordpress\/ -->\n<title>Quem somos -<\/title>\n<meta name=\"robots\" content=\"index, follow, max-snippet:-1, max-image-preview:large, max-video-preview:-1\" \/>\n<link rel=\"canonical\" href=\"https:\/\/upstardigital.com\/en_eu\/quem-somos\/\" \/>\n<meta property=\"og:locale\" content=\"en_US\" \/>\n<meta property=\"og:type\" content=\"article\" \/>\n<meta property=\"og:title\" content=\"Quem somos -\" \/>\n<meta property=\"og:description\" content=\"Bem-vindo ao Up Star Digital! Antes de prosseguir com a utiliza\u00e7\u00e3o deste site, \u00e9 importante que voc\u00ea leia atentamente os termos de uso abaixo. Ao acessar ou utilizar este site, voc\u00ea concorda em respeitar e estar vinculado a estes termos. Se voc\u00ea n\u00e3o concorda com estes termos, por favor, n\u00e3o utilize o site. Ao acessar [&hellip;]\" \/>\n<meta property=\"og:url\" content=\"https:\/\/upstardigital.com\/en_eu\/quem-somos\/\" \/>\n<meta name=\"twitter:card\" content=\"summary_large_image\" \/>\n<meta name=\"twitter:label1\" content=\"Est. reading time\" \/>\n\t<meta name=\"twitter:data1\" content=\"2 minutes\" \/>\n<script type=\"application\/ld+json\" class=\"yoast-schema-graph\">{\"@context\":\"https:\\\/\\\/schema.org\",\"@graph\":[{\"@type\":\"WebPage\",\"@id\":\"https:\\\/\\\/upstardigital.com\\\/quem-somos\\\/\",\"url\":\"https:\\\/\\\/upstardigital.com\\\/quem-somos\\\/\",\"name\":\"Quem somos -\",\"isPartOf\":{\"@id\":\"https:\\\/\\\/upstardigital.com\\\/#website\"},\"datePublished\":\"2024-08-01T16:05:54+00:00\",\"breadcrumb\":{\"@id\":\"https:\\\/\\\/upstardigital.com\\\/quem-somos\\\/#breadcrumb\"},\"inLanguage\":\"en-eu\",\"potentialAction\":[{\"@type\":\"ReadAction\",\"target\":[\"https:\\\/\\\/upstardigital.com\\\/quem-somos\\\/\"]}]},{\"@type\":\"BreadcrumbList\",\"@id\":\"https:\\\/\\\/upstardigital.com\\\/quem-somos\\\/#breadcrumb\",\"itemListElement\":[{\"@type\":\"ListItem\",\"position\":1,\"name\":\"In\u00edcio\",\"item\":\"https:\\\/\\\/upstardigital.com\\\/\"},{\"@type\":\"ListItem\",\"position\":2,\"name\":\"Quem somos\"}]},{\"@type\":\"WebSite\",\"@id\":\"https:\\\/\\\/upstardigital.com\\\/#website\",\"url\":\"https:\\\/\\\/upstardigital.com\\\/\",\"name\":\"\",\"description\":\"\",\"potentialAction\":[{\"@type\":\"SearchAction\",\"target\":{\"@type\":\"EntryPoint\",\"urlTemplate\":\"https:\\\/\\\/upstardigital.com\\\/?s={search_term_string}\"},\"query-input\":{\"@type\":\"PropertyValueSpecification\",\"valueRequired\":true,\"valueName\":\"search_term_string\"}}],\"inLanguage\":\"en-eu\"}]}<\/script>\n<!-- \/ Yoast SEO plugin. -->","yoast_head_json":{"title":"Who we are -","robots":{"index":"index","follow":"follow","max-snippet":"max-snippet:-1","max-image-preview":"max-image-preview:large","max-video-preview":"max-video-preview:-1"},"canonical":"https:\/\/upstardigital.com\/en_eu\/quem-somos\/","og_locale":"en_US","og_type":"article","og_title":"Quem somos -","og_description":"Bem-vindo ao Up Star Digital! Antes de prosseguir com a utiliza\u00e7\u00e3o deste site, \u00e9 importante que voc\u00ea leia atentamente os termos de uso abaixo. Ao acessar ou utilizar este site, voc\u00ea concorda em respeitar e estar vinculado a estes termos. Se voc\u00ea n\u00e3o concorda com estes termos, por favor, n\u00e3o utilize o site. Ao acessar [&hellip;]","og_url":"https:\/\/upstardigital.com\/en_eu\/quem-somos\/","twitter_card":"summary_large_image","twitter_misc":{"Est. reading time":"2 minutes"},"schema":{"@context":"https:\/\/schema.org","@graph":[{"@type":"WebPage","@id":"https:\/\/upstardigital.com\/quem-somos\/","url":"https:\/\/upstardigital.com\/quem-somos\/","name":"Who we are -","isPartOf":{"@id":"https:\/\/upstardigital.com\/#website"},"datePublished":"2024-08-01T16:05:54+00:00","breadcrumb":{"@id":"https:\/\/upstardigital.com\/quem-somos\/#breadcrumb"},"inLanguage":"en-eu","potentialAction":[{"@type":"ReadAction","target":["https:\/\/upstardigital.com\/quem-somos\/"]}]},{"@type":"BreadcrumbList","@id":"https:\/\/upstardigital.com\/quem-somos\/#breadcrumb","itemListElement":[{"@type":"ListItem","position":1,"name":"In\u00edcio","item":"https:\/\/upstardigital.com\/"},{"@type":"ListItem","position":2,"name":"Quem somos"}]},{"@type":"WebSite","@id":"https:\/\/upstardigital.com\/#website","url":"https:\/\/upstardigital.com\/","name":"","description":"","potentialAction":[{"@type":"SearchAction","target":{"@type":"EntryPoint","urlTemplate":"https:\/\/upstardigital.com\/?s={search_term_string}"},"query-input":{"@type":"PropertyValueSpecification","valueRequired":true,"valueName":"search_term_string"}}],"inLanguage":"en-eu"}]}},"_links":{"self":[{"href":"https:\/\/upstardigital.com\/en_eu\/wp-json\/wp\/v2\/pages\/892","targetHints":{"allow":["GET"]}}],"collection":[{"href":"https:\/\/upstardigital.com\/en_eu\/wp-json\/wp\/v2\/pages"}],"about":[{"href":"https:\/\/upstardigital.com\/en_eu\/wp-json\/wp\/v2\/types\/page"}],"author":[{"embeddable":true,"href":"https:\/\/upstardigital.com\/en_eu\/wp-json\/wp\/v2\/users\/2"}],"replies":[{"embeddable":true,"href":"https:\/\/upstardigital.com\/en_eu\/wp-json\/wp\/v2\/comments?post=892"}],"version-history":[{"count":1,"href":"https:\/\/upstardigital.com\/en_eu\/wp-json\/wp\/v2\/pages\/892\/revisions"}],"predecessor-version":[{"id":893,"href":"https:\/\/upstardigital.com\/en_eu\/wp-json\/wp\/v2\/pages\/892\/revisions\/893"}],"wp:attachment":[{"href":"https:\/\/upstardigital.com\/en_eu\/wp-json\/wp\/v2\/media?parent=892"}],"curies":[{"name":"wp","href":"https:\/\/api.w.org\/{rel}","templated":true}]}}