{"id":892,"date":"2024-08-01T13:05:54","date_gmt":"2024-08-01T16:05:54","guid":{"rendered":"https:\/\/upstardigital.com\/?page_id=892"},"modified":"2024-08-01T13:05:54","modified_gmt":"2024-08-01T16:05:54","slug":"quem-somos","status":"publish","type":"page","link":"https:\/\/upstardigital.com\/fr_af\/quem-somos\/","title":{"rendered":"Qui nous sommes"},"content":{"rendered":"<html><body><p>Bienvenue \u00e0 <strong>Up Star num\u00e9rique<\/strong>! Avant de proc\u00e9der \u00e0 l&#039;utilisation de ce site Web, il est important que vous lisiez attentivement les conditions d&#039;utilisation ci-dessous. En acc\u00e9dant ou en utilisant ce site, vous acceptez de respecter et d&#039;\u00eatre li\u00e9 par ces conditions. Si vous n&#039;acceptez pas ces conditions, veuillez ne pas utiliser le site.<\/p>\n\n\n\n<ol class=\"wp-block-list\">\n<li><strong>Objectif num\u00e9rique Up Star\u00a0:<\/strong>\u00a0Nous sommes une plateforme d\u00e9di\u00e9e \u00e0 fournir du contenu et des connaissances de qualit\u00e9 \u00e0 nos utilisateurs. Notre mission est d&#039;utiliser efficacement la technologie pour apporter des informations pr\u00e9cieuses et pertinentes dans toutes les r\u00e9gions du monde.<\/li>\n\n\n\n<li><strong>\u00c9quipe qualifi\u00e9e :<\/strong>\u00a0Notre site Web est g\u00e9r\u00e9 par une \u00e9quipe de r\u00e9dacteurs exp\u00e9riment\u00e9s et qualifi\u00e9s, poss\u00e9dant une connaissance approfondie des sujets et des cat\u00e9gories abord\u00e9s dans nos publications. Notre objectif est de garantir que le contenu que nous fournissons est informatif, pr\u00e9cis et de haute qualit\u00e9.<\/li>\n\n\n\n<li><strong>Contenu diversifi\u00e9\u00a0:<\/strong>\u00a0En acc\u00e9dant \u00e0 notre site Web, vous aurez l\u2019occasion d\u2019acqu\u00e9rir des connaissances sur une vari\u00e9t\u00e9 de sujets, tant au niveau national qu\u2019international. Notre objectif est de fournir des informations pertinentes et int\u00e9ressantes \u00e0 nos utilisateurs dans diff\u00e9rents domaines d&#039;int\u00e9r\u00eat.<\/li>\n\n\n\n<li><strong>Responsabilit\u00e9 de l&#039;utilisateur\u00a0:<\/strong>\u00a0L&#039;utilisation de toute information ou mat\u00e9riel pr\u00e9sent sur ce site Web se fait aux propres risques de l&#039;utilisateur. Nous ne garantissons pas l&#039;exactitude, l&#039;actualit\u00e9, l&#039;exhaustivit\u00e9 ou l&#039;ad\u00e9quation des informations et des documents trouv\u00e9s ou propos\u00e9s sur ce site Web \u00e0 des fins particuli\u00e8res.<\/li>\n\n\n\n<li><strong>Modifications des conditions d&#039;utilisation\u00a0:<\/strong>\u00a0Nous pouvons r\u00e9viser ces conditions d&#039;utilisation \u00e0 tout moment et sans pr\u00e9avis. En utilisant ce site Web, vous acceptez d&#039;\u00eatre li\u00e9 par la version alors en vigueur des conditions d&#039;utilisation.<\/li>\n<\/ol>\n\n\n\n<p>En acc\u00e9dant ou en utilisant ce site Web, vous acceptez ces conditions d&#039;utilisation. Si vous avez des questions ou des pr\u00e9occupations concernant ces conditions, veuillez nous contacter. Merci d&#039;avoir visit\u00e9 le <strong>Up Star num\u00e9rique<\/strong>!<\/p>\n<\/body><\/html>","protected":false},"excerpt":{"rendered":"<p>Bem-vindo ao Up Star Digital! Antes de prosseguir com a utiliza\u00e7\u00e3o deste site, \u00e9 importante que voc\u00ea leia atentamente os termos de uso abaixo. Ao acessar ou utilizar este site, voc\u00ea concorda em respeitar e estar vinculado a estes termos. Se voc\u00ea n\u00e3o concorda com estes termos, por favor, n\u00e3o utilize o site. Ao acessar [&hellip;]<\/p>\n","protected":false},"author":2,"featured_media":0,"parent":0,"menu_order":0,"comment_status":"closed","ping_status":"closed","template":"","meta":{"footnotes":""},"class_list":["post-892","page","type-page","status-publish","hentry"],"yoast_head":"<!-- This site is optimized with the Yoast SEO plugin v27.3 - https:\/\/yoast.com\/product\/yoast-seo-wordpress\/ -->\n<title>Quem somos -<\/title>\n<meta name=\"robots\" content=\"index, follow, max-snippet:-1, max-image-preview:large, max-video-preview:-1\" \/>\n<link rel=\"canonical\" href=\"https:\/\/upstardigital.com\/fr_af\/quem-somos\/\" \/>\n<meta property=\"og:locale\" content=\"fr_FR\" \/>\n<meta property=\"og:type\" content=\"article\" \/>\n<meta property=\"og:title\" content=\"Quem somos -\" \/>\n<meta property=\"og:description\" content=\"Bem-vindo ao Up Star Digital! Antes de prosseguir com a utiliza\u00e7\u00e3o deste site, \u00e9 importante que voc\u00ea leia atentamente os termos de uso abaixo. Ao acessar ou utilizar este site, voc\u00ea concorda em respeitar e estar vinculado a estes termos. Se voc\u00ea n\u00e3o concorda com estes termos, por favor, n\u00e3o utilize o site. Ao acessar [&hellip;]\" \/>\n<meta property=\"og:url\" content=\"https:\/\/upstardigital.com\/fr_af\/quem-somos\/\" \/>\n<meta name=\"twitter:card\" content=\"summary_large_image\" \/>\n<meta name=\"twitter:label1\" content=\"Est. reading time\" \/>\n\t<meta name=\"twitter:data1\" content=\"2 minutes\" \/>\n<script type=\"application\/ld+json\" class=\"yoast-schema-graph\">{\"@context\":\"https:\\\/\\\/schema.org\",\"@graph\":[{\"@type\":\"WebPage\",\"@id\":\"https:\\\/\\\/upstardigital.com\\\/quem-somos\\\/\",\"url\":\"https:\\\/\\\/upstardigital.com\\\/quem-somos\\\/\",\"name\":\"Quem somos -\",\"isPartOf\":{\"@id\":\"https:\\\/\\\/upstardigital.com\\\/#website\"},\"datePublished\":\"2024-08-01T16:05:54+00:00\",\"breadcrumb\":{\"@id\":\"https:\\\/\\\/upstardigital.com\\\/quem-somos\\\/#breadcrumb\"},\"inLanguage\":\"fr-af\",\"potentialAction\":[{\"@type\":\"ReadAction\",\"target\":[\"https:\\\/\\\/upstardigital.com\\\/quem-somos\\\/\"]}]},{\"@type\":\"BreadcrumbList\",\"@id\":\"https:\\\/\\\/upstardigital.com\\\/quem-somos\\\/#breadcrumb\",\"itemListElement\":[{\"@type\":\"ListItem\",\"position\":1,\"name\":\"In\u00edcio\",\"item\":\"https:\\\/\\\/upstardigital.com\\\/\"},{\"@type\":\"ListItem\",\"position\":2,\"name\":\"Quem somos\"}]},{\"@type\":\"WebSite\",\"@id\":\"https:\\\/\\\/upstardigital.com\\\/#website\",\"url\":\"https:\\\/\\\/upstardigital.com\\\/\",\"name\":\"\",\"description\":\"\",\"potentialAction\":[{\"@type\":\"SearchAction\",\"target\":{\"@type\":\"EntryPoint\",\"urlTemplate\":\"https:\\\/\\\/upstardigital.com\\\/?s={search_term_string}\"},\"query-input\":{\"@type\":\"PropertyValueSpecification\",\"valueRequired\":true,\"valueName\":\"search_term_string\"}}],\"inLanguage\":\"fr-af\"}]}<\/script>\n<!-- \/ Yoast SEO plugin. -->","yoast_head_json":{"title":"Qui nous sommes -","robots":{"index":"index","follow":"follow","max-snippet":"max-snippet:-1","max-image-preview":"max-image-preview:large","max-video-preview":"max-video-preview:-1"},"canonical":"https:\/\/upstardigital.com\/fr_af\/quem-somos\/","og_locale":"fr_FR","og_type":"article","og_title":"Quem somos -","og_description":"Bem-vindo ao Up Star Digital! Antes de prosseguir com a utiliza\u00e7\u00e3o deste site, \u00e9 importante que voc\u00ea leia atentamente os termos de uso abaixo. Ao acessar ou utilizar este site, voc\u00ea concorda em respeitar e estar vinculado a estes termos. Se voc\u00ea n\u00e3o concorda com estes termos, por favor, n\u00e3o utilize o site. Ao acessar [&hellip;]","og_url":"https:\/\/upstardigital.com\/fr_af\/quem-somos\/","twitter_card":"summary_large_image","twitter_misc":{"Est. reading time":"2 minutes"},"schema":{"@context":"https:\/\/schema.org","@graph":[{"@type":"WebPage","@id":"https:\/\/upstardigital.com\/quem-somos\/","url":"https:\/\/upstardigital.com\/quem-somos\/","name":"Qui nous sommes -","isPartOf":{"@id":"https:\/\/upstardigital.com\/#website"},"datePublished":"2024-08-01T16:05:54+00:00","breadcrumb":{"@id":"https:\/\/upstardigital.com\/quem-somos\/#breadcrumb"},"inLanguage":"fr-af","potentialAction":[{"@type":"ReadAction","target":["https:\/\/upstardigital.com\/quem-somos\/"]}]},{"@type":"BreadcrumbList","@id":"https:\/\/upstardigital.com\/quem-somos\/#breadcrumb","itemListElement":[{"@type":"ListItem","position":1,"name":"In\u00edcio","item":"https:\/\/upstardigital.com\/"},{"@type":"ListItem","position":2,"name":"Quem somos"}]},{"@type":"WebSite","@id":"https:\/\/upstardigital.com\/#website","url":"https:\/\/upstardigital.com\/","name":"","description":"","potentialAction":[{"@type":"SearchAction","target":{"@type":"EntryPoint","urlTemplate":"https:\/\/upstardigital.com\/?s={search_term_string}"},"query-input":{"@type":"PropertyValueSpecification","valueRequired":true,"valueName":"search_term_string"}}],"inLanguage":"fr-af"}]}},"_links":{"self":[{"href":"https:\/\/upstardigital.com\/fr_af\/wp-json\/wp\/v2\/pages\/892","targetHints":{"allow":["GET"]}}],"collection":[{"href":"https:\/\/upstardigital.com\/fr_af\/wp-json\/wp\/v2\/pages"}],"about":[{"href":"https:\/\/upstardigital.com\/fr_af\/wp-json\/wp\/v2\/types\/page"}],"author":[{"embeddable":true,"href":"https:\/\/upstardigital.com\/fr_af\/wp-json\/wp\/v2\/users\/2"}],"replies":[{"embeddable":true,"href":"https:\/\/upstardigital.com\/fr_af\/wp-json\/wp\/v2\/comments?post=892"}],"version-history":[{"count":1,"href":"https:\/\/upstardigital.com\/fr_af\/wp-json\/wp\/v2\/pages\/892\/revisions"}],"predecessor-version":[{"id":893,"href":"https:\/\/upstardigital.com\/fr_af\/wp-json\/wp\/v2\/pages\/892\/revisions\/893"}],"wp:attachment":[{"href":"https:\/\/upstardigital.com\/fr_af\/wp-json\/wp\/v2\/media?parent=892"}],"curies":[{"name":"wp","href":"https:\/\/api.w.org\/{rel}","templated":true}]}}