{"id":892,"date":"2024-08-01T13:05:54","date_gmt":"2024-08-01T16:05:54","guid":{"rendered":"https:\/\/upstardigital.com\/?page_id=892"},"modified":"2026-04-13T11:54:20","modified_gmt":"2026-04-13T14:54:20","slug":"quem-somos","status":"publish","type":"page","link":"https:\/\/upstardigital.com\/he\/quem-somos\/","title":{"rendered":"\u05de\u05d9 \u05d0\u05e0\u05d7\u05e0\u05d5"},"content":{"rendered":"<html><body><p><\/p>\n\n\n\n<ol class=\"wp-block-list\">\n<li><strong>\u05d9\u05e2\u05d3 \u05d3\u05d9\u05d2\u05d9\u05d8\u05dc\u05d9 \u05e9\u05dc Up Star:<\/strong>\u00a0\u05d0\u05e0\u05d7\u05e0\u05d5 \u05e4\u05dc\u05d8\u05e4\u05d5\u05e8\u05de\u05d4 \u05d4\u05de\u05d5\u05e7\u05d3\u05e9\u05ea \u05dc\u05e1\u05e4\u05e7 \u05ea\u05d5\u05db\u05df \u05d5\u05d9\u05d3\u05e2 \u05d0\u05d9\u05db\u05d5\u05ea\u05d9\u05d9\u05dd \u05dc\u05de\u05e9\u05ea\u05de\u05e9\u05d9\u05dd \u05e9\u05dc\u05e0\u05d5. \u05d4\u05de\u05e9\u05d9\u05de\u05d4 \u05e9\u05dc\u05e0\u05d5 \u05d4\u05d9\u05d0 \u05dc\u05d4\u05e9\u05ea\u05de\u05e9 \u05d1\u05d8\u05db\u05e0\u05d5\u05dc\u05d5\u05d2\u05d9\u05d4 \u05d1\u05d9\u05e2\u05d9\u05dc\u05d5\u05ea \u05db\u05d3\u05d9 \u05dc\u05d4\u05d1\u05d9\u05d0 \u05de\u05d9\u05d3\u05e2 \u05d1\u05e2\u05dc \u05e2\u05e8\u05da \u05d5\u05e8\u05dc\u05d5\u05d5\u05e0\u05d8\u05d9 \u05dc\u05db\u05dc \u05d7\u05dc\u05e7\u05d9 \u05d4\u05e2\u05d5\u05dc\u05dd.<\/li>\n\n\n\n<li><strong>\u05e6\u05d5\u05d5\u05ea \u05de\u05d5\u05e1\u05de\u05da:<\/strong>\u00a0\u05d4\u05d0\u05ea\u05e8 \u05e9\u05dc\u05e0\u05d5 \u05de\u05e0\u05d5\u05d4\u05dc \u05e2\u05dc \u05d9\u05d3\u05d9 \u05e6\u05d5\u05d5\u05ea \u05db\u05d5\u05ea\u05d1\u05d9\u05dd \u05de\u05e0\u05d5\u05e1\u05d9\u05dd \u05d5\u05de\u05d5\u05e1\u05de\u05db\u05d9\u05dd, \u05e2\u05dd \u05d4\u05d9\u05db\u05e8\u05d5\u05ea \u05de\u05e2\u05de\u05d9\u05e7\u05d4 \u05e2\u05dd \u05d4\u05e0\u05d5\u05e9\u05d0\u05d9\u05dd \u05d5\u05d4\u05e7\u05d8\u05d2\u05d5\u05e8\u05d9\u05d5\u05ea \u05d4\u05de\u05db\u05d5\u05e1\u05d5\u05ea \u05d1\u05e4\u05e8\u05e1\u05d5\u05de\u05d9\u05dd \u05e9\u05dc\u05e0\u05d5. \u05d4\u05de\u05d8\u05e8\u05d4 \u05e9\u05dc\u05e0\u05d5 \u05d4\u05d9\u05d0 \u05dc\u05d4\u05d1\u05d8\u05d9\u05d7 \u05e9\u05d4\u05ea\u05d5\u05db\u05df \u05e9\u05d0\u05e0\u05d5 \u05de\u05e1\u05e4\u05e7\u05d9\u05dd \u05d9\u05d4\u05d9\u05d4 \u05d0\u05d9\u05e0\u05e4\u05d5\u05e8\u05de\u05d8\u05d9\u05d1\u05d9, \u05de\u05d3\u05d5\u05d9\u05e7 \u05d5\u05d0\u05d9\u05db\u05d5\u05ea\u05d9.<\/li>\n\n\n\n<li><strong>\u05ea\u05d5\u05db\u05df \u05de\u05d2\u05d5\u05d5\u05df:<\/strong>\u00a0\u05e2\u05dc \u05d9\u05d3\u05d9 \u05d2\u05d9\u05e9\u05d4 \u05dc\u05d0\u05ea\u05e8 \u05e9\u05dc\u05e0\u05d5, \u05ea\u05d4\u05d9\u05d4 \u05dc\u05da \u05d4\u05d6\u05d3\u05de\u05e0\u05d5\u05ea \u05dc\u05e8\u05db\u05d5\u05e9 \u05d9\u05d3\u05e2 \u05d1\u05de\u05d2\u05d5\u05d5\u05df \u05e0\u05d5\u05e9\u05d0\u05d9\u05dd, \u05d4\u05df \u05d1\u05e8\u05de\u05d4 \u05d4\u05dc\u05d0\u05d5\u05de\u05d9\u05ea \u05d5\u05d4\u05df \u05d4\u05d1\u05d9\u05e0\u05dc\u05d0\u05d5\u05de\u05d9\u05ea. \u05d4\u05de\u05d8\u05e8\u05d4 \u05e9\u05dc\u05e0\u05d5 \u05d4\u05d9\u05d0 \u05dc\u05e1\u05e4\u05e7 \u05de\u05d9\u05d3\u05e2 \u05e8\u05dc\u05d5\u05d5\u05e0\u05d8\u05d9 \u05d5\u05de\u05e2\u05e0\u05d9\u05d9\u05df \u05dc\u05de\u05e9\u05ea\u05de\u05e9\u05d9\u05dd \u05e9\u05dc\u05e0\u05d5 \u05d1\u05ea\u05d7\u05d5\u05de\u05d9 \u05e2\u05e0\u05d9\u05d9\u05df \u05e9\u05d5\u05e0\u05d9\u05dd.<\/li>\n\n\n\n<li><strong>\u05d0\u05d7\u05e8\u05d9\u05d5\u05ea \u05de\u05e9\u05ea\u05de\u05e9:<\/strong>\u00a0\u05d4\u05e9\u05d9\u05de\u05d5\u05e9 \u05d1\u05db\u05dc \u05de\u05d9\u05d3\u05e2 \u05d0\u05d5 \u05d7\u05d5\u05de\u05e8\u05d9\u05dd \u05d1\u05d0\u05ea\u05e8 \u05d6\u05d4 \u05d4\u05d5\u05d0 \u05e2\u05dc \u05d0\u05d7\u05e8\u05d9\u05d5\u05ea \u05d4\u05de\u05e9\u05ea\u05de\u05e9 \u05d1\u05dc\u05d1\u05d3. \u05d0\u05d9\u05e0\u05e0\u05d5 \u05de\u05d1\u05d8\u05d9\u05d7\u05d9\u05dd \u05d0\u05ea \u05d4\u05d3\u05d9\u05d5\u05e7, \u05d4\u05e2\u05d3\u05db\u05e0\u05d9\u05d5\u05ea, \u05d4\u05e9\u05dc\u05de\u05d5\u05ea \u05d0\u05d5 \u05d4\u05d4\u05ea\u05d0\u05de\u05d4 \u05e9\u05dc \u05d4\u05de\u05d9\u05d3\u05e2 \u05d5\u05d4\u05d7\u05d5\u05de\u05e8\u05d9\u05dd \u05e9\u05e0\u05de\u05e6\u05d0\u05d9\u05dd \u05d0\u05d5 \u05de\u05d5\u05e6\u05e2\u05d9\u05dd \u05d1\u05d0\u05ea\u05e8 \u05d6\u05d4 \u05dc\u05db\u05dc \u05de\u05d8\u05e8\u05d4 \u05de\u05e1\u05d5\u05d9\u05de\u05ea.<\/li>\n<\/ol>\n\n\n\n<p>\u05e2\u05dc \u05d9\u05d3\u05d9 \u05d2\u05d9\u05e9\u05d4 \u05d0\u05d5 \u05e9\u05d9\u05de\u05d5\u05e9 \u05d1\u05d0\u05ea\u05e8 \u05d6\u05d4, \u05d0\u05ea\u05d4 \u05de\u05e1\u05db\u05d9\u05dd \u05dc\u05ea\u05e0\u05d0\u05d9 \u05e9\u05d9\u05de\u05d5\u05e9 \u05d0\u05dc\u05d4. \u05d0\u05dd \u05d9\u05e9 \u05dc\u05da \u05e9\u05d0\u05dc\u05d5\u05ea \u05d0\u05d5 \u05d7\u05e9\u05e9\u05d5\u05ea \u05dc\u05d2\u05d1\u05d9 \u05ea\u05e0\u05d0\u05d9\u05dd \u05d0\u05dc\u05d4, \u05d0\u05e0\u05d0 \u05e6\u05d5\u05e8 \u05d0\u05d9\u05ea\u05e0\u05d5 \u05e7\u05e9\u05e8. \u05ea\u05d5\u05d3\u05d4 \u05e9\u05d1\u05d9\u05e7\u05e8\u05ea \u05d1- <strong>Up Star Digital<\/strong>!<\/p>\n\n\n\n<p><\/p>\n<\/body><\/html>","protected":false},"excerpt":{"rendered":"<p>Ao acessar ou utilizar este site, voc\u00ea concorda com estes termos de uso. Se voc\u00ea tiver alguma d\u00favida ou preocupa\u00e7\u00e3o sobre estes termos, entre em contato conosco. Agradecemos por visitar o Up Star Digital!<\/p>","protected":false},"author":2,"featured_media":0,"parent":0,"menu_order":0,"comment_status":"closed","ping_status":"closed","template":"","meta":{"footnotes":""},"class_list":["post-892","page","type-page","status-publish","hentry"],"yoast_head":"<!-- This site is optimized with the Yoast SEO plugin v27.4 - https:\/\/yoast.com\/product\/yoast-seo-wordpress\/ -->\n<title>Quem somos -<\/title>\n<meta name=\"robots\" content=\"index, follow, max-snippet:-1, max-image-preview:large, max-video-preview:-1\" \/>\n<link rel=\"canonical\" href=\"https:\/\/upstardigital.com\/he\/quem-somos\/\" \/>\n<meta property=\"og:locale\" content=\"he_IL\" \/>\n<meta property=\"og:type\" content=\"article\" \/>\n<meta property=\"og:title\" content=\"Quem somos -\" \/>\n<meta property=\"og:description\" content=\"Ao acessar ou utilizar este site, voc\u00ea concorda com estes termos de uso. Se voc\u00ea tiver alguma d\u00favida ou preocupa\u00e7\u00e3o sobre estes termos, entre em contato conosco. Agradecemos por visitar o Up Star Digital!\" \/>\n<meta property=\"og:url\" content=\"https:\/\/upstardigital.com\/he\/quem-somos\/\" \/>\n<meta property=\"article:modified_time\" content=\"2026-04-13T14:54:20+00:00\" \/>\n<meta name=\"twitter:card\" content=\"summary_large_image\" \/>\n<meta name=\"twitter:label1\" content=\"Est. reading time\" \/>\n\t<meta name=\"twitter:data1\" content=\"2 minutes\" \/>\n<script type=\"application\/ld+json\" class=\"yoast-schema-graph\">{\"@context\":\"https:\\\/\\\/schema.org\",\"@graph\":[{\"@type\":\"WebPage\",\"@id\":\"https:\\\/\\\/upstardigital.com\\\/quem-somos\\\/\",\"url\":\"https:\\\/\\\/upstardigital.com\\\/quem-somos\\\/\",\"name\":\"Quem somos -\",\"isPartOf\":{\"@id\":\"https:\\\/\\\/upstardigital.com\\\/#website\"},\"datePublished\":\"2024-08-01T16:05:54+00:00\",\"dateModified\":\"2026-04-13T14:54:20+00:00\",\"breadcrumb\":{\"@id\":\"https:\\\/\\\/upstardigital.com\\\/quem-somos\\\/#breadcrumb\"},\"inLanguage\":\"he-IL\",\"potentialAction\":[{\"@type\":\"ReadAction\",\"target\":[\"https:\\\/\\\/upstardigital.com\\\/quem-somos\\\/\"]}]},{\"@type\":\"BreadcrumbList\",\"@id\":\"https:\\\/\\\/upstardigital.com\\\/quem-somos\\\/#breadcrumb\",\"itemListElement\":[{\"@type\":\"ListItem\",\"position\":1,\"name\":\"In\u00edcio\",\"item\":\"https:\\\/\\\/upstardigital.com\\\/\"},{\"@type\":\"ListItem\",\"position\":2,\"name\":\"Quem somos\"}]},{\"@type\":\"WebSite\",\"@id\":\"https:\\\/\\\/upstardigital.com\\\/#website\",\"url\":\"https:\\\/\\\/upstardigital.com\\\/\",\"name\":\"\",\"description\":\"\",\"potentialAction\":[{\"@type\":\"SearchAction\",\"target\":{\"@type\":\"EntryPoint\",\"urlTemplate\":\"https:\\\/\\\/upstardigital.com\\\/?s={search_term_string}\"},\"query-input\":{\"@type\":\"PropertyValueSpecification\",\"valueRequired\":true,\"valueName\":\"search_term_string\"}}],\"inLanguage\":\"he-IL\"}]}<\/script>\n<!-- \/ Yoast SEO plugin. -->","yoast_head_json":{"title":"\u05de\u05d9 \u05d0\u05e0\u05d7\u05e0\u05d5 -","robots":{"index":"index","follow":"follow","max-snippet":"max-snippet:-1","max-image-preview":"max-image-preview:large","max-video-preview":"max-video-preview:-1"},"canonical":"https:\/\/upstardigital.com\/he\/quem-somos\/","og_locale":"he_IL","og_type":"article","og_title":"Quem somos -","og_description":"Ao acessar ou utilizar este site, voc\u00ea concorda com estes termos de uso. Se voc\u00ea tiver alguma d\u00favida ou preocupa\u00e7\u00e3o sobre estes termos, entre em contato conosco. Agradecemos por visitar o Up Star Digital!","og_url":"https:\/\/upstardigital.com\/he\/quem-somos\/","article_modified_time":"2026-04-13T14:54:20+00:00","twitter_card":"summary_large_image","twitter_misc":{"Est. reading time":"2 minutes"},"schema":{"@context":"https:\/\/schema.org","@graph":[{"@type":"WebPage","@id":"https:\/\/upstardigital.com\/quem-somos\/","url":"https:\/\/upstardigital.com\/quem-somos\/","name":"\u05de\u05d9 \u05d0\u05e0\u05d7\u05e0\u05d5 -","isPartOf":{"@id":"https:\/\/upstardigital.com\/#website"},"datePublished":"2024-08-01T16:05:54+00:00","dateModified":"2026-04-13T14:54:20+00:00","breadcrumb":{"@id":"https:\/\/upstardigital.com\/quem-somos\/#breadcrumb"},"inLanguage":"he-IL","potentialAction":[{"@type":"ReadAction","target":["https:\/\/upstardigital.com\/quem-somos\/"]}]},{"@type":"BreadcrumbList","@id":"https:\/\/upstardigital.com\/quem-somos\/#breadcrumb","itemListElement":[{"@type":"ListItem","position":1,"name":"In\u00edcio","item":"https:\/\/upstardigital.com\/"},{"@type":"ListItem","position":2,"name":"Quem somos"}]},{"@type":"WebSite","@id":"https:\/\/upstardigital.com\/#website","url":"https:\/\/upstardigital.com\/","name":"","description":"","potentialAction":[{"@type":"SearchAction","target":{"@type":"EntryPoint","urlTemplate":"https:\/\/upstardigital.com\/?s={search_term_string}"},"query-input":{"@type":"PropertyValueSpecification","valueRequired":true,"valueName":"search_term_string"}}],"inLanguage":"he-IL"}]}},"_links":{"self":[{"href":"https:\/\/upstardigital.com\/he\/wp-json\/wp\/v2\/pages\/892","targetHints":{"allow":["GET"]}}],"collection":[{"href":"https:\/\/upstardigital.com\/he\/wp-json\/wp\/v2\/pages"}],"about":[{"href":"https:\/\/upstardigital.com\/he\/wp-json\/wp\/v2\/types\/page"}],"author":[{"embeddable":true,"href":"https:\/\/upstardigital.com\/he\/wp-json\/wp\/v2\/users\/2"}],"replies":[{"embeddable":true,"href":"https:\/\/upstardigital.com\/he\/wp-json\/wp\/v2\/comments?post=892"}],"version-history":[{"count":2,"href":"https:\/\/upstardigital.com\/he\/wp-json\/wp\/v2\/pages\/892\/revisions"}],"predecessor-version":[{"id":1652,"href":"https:\/\/upstardigital.com\/he\/wp-json\/wp\/v2\/pages\/892\/revisions\/1652"}],"wp:attachment":[{"href":"https:\/\/upstardigital.com\/he\/wp-json\/wp\/v2\/media?parent=892"}],"curies":[{"name":"wp","href":"https:\/\/api.w.org\/{rel}","templated":true}]}}