{"id":896,"date":"2024-08-01T13:11:46","date_gmt":"2024-08-01T16:11:46","guid":{"rendered":"https:\/\/upstardigital.com\/?page_id=896"},"modified":"2024-08-01T13:11:58","modified_gmt":"2024-08-01T16:11:58","slug":"disclaimer","status":"publish","type":"page","link":"https:\/\/upstardigital.com\/he\/disclaimer\/","title":{"rendered":"\u05db\u05ea\u05d1 \u05d5\u05d9\u05ea\u05d5\u05e8"},"content":{"rendered":"<html><body><p><strong>\u05ea\u05b0\u05e9\u05c1\u05d5\u05bc\u05de\u05b7\u05ea \u05dc\u05b5\u05d1:<\/strong>\u00a0THE <strong>Up Star Digital<\/strong> \u05d0\u05d9\u05e0\u05d5 \u05de\u05d1\u05e7\u05e9 \u05db\u05e1\u05e3 \u05de\u05d4\u05de\u05e9\u05ea\u05de\u05e9\u05d9\u05dd \u05e9\u05dc\u05d5. \u05dc\u05db\u05df, \u05d0\u05dd \u05d0\u05ea\u05d4 \u05d2\u05d5\u05dc\u05e9 \u05d1\u05d0\u05ea\u05e8 \u05d5\u05de\u05d5\u05e4\u05d9\u05e2 \u05d7\u05dc\u05d5\u05df \u05d4\u05de\u05d1\u05e7\u05e9 \u05de\u05de\u05da \u05dc\u05e2\u05e9\u05d5\u05ea \u05d6\u05d0\u05ea, \u05d0\u05e0\u05d0 \u05d4\u05d5\u05d3\u05e2 \u05dc\u05e0\u05d5 \u05d5\u05e1\u05d2\u05d5\u05e8 \u05d0\u05ea \u05d4\u05d0\u05ea\u05e8 \u05dc\u05d0\u05dc\u05ea\u05e8.<\/p>\n\n\n\n<p><strong>\u05d4\u05e2\u05e8\u05d5\u05ea:<\/strong>\u00a0THE <strong>Up Star Digital<\/strong> \u05d4\u05d5\u05d0 \u05d0\u05ea\u05e8 \u05d0\u05d9\u05e0\u05e4\u05d5\u05e8\u05de\u05d8\u05d9\u05d1\u05d9 \u05e9\u05ea\u05de\u05d9\u05d3 \u05e8\u05d5\u05e6\u05d4 \u05dc\u05e1\u05e4\u05e7 \u05ea\u05d5\u05db\u05df \u05d0\u05d9\u05db\u05d5\u05ea\u05d9 \u05dc\u05de\u05e9\u05ea\u05de\u05e9\u05d9\u05dd \u05e9\u05dc\u05d5. \u05e2\u05dd \u05d6\u05d0\u05ea, \u05e2\u05dd \u05d4\u05de\u05d4\u05d9\u05e8\u05d5\u05ea \u05e9\u05d1\u05d4 \u05d4\u05de\u05d9\u05d3\u05e2 \u05de\u05e9\u05ea\u05e0\u05d4, \u05d7\u05dc\u05e7 \u05de\u05d4\u05db\u05ea\u05d1\u05d5\u05ea \u05e2\u05e9\u05d5\u05d9\u05d5\u05ea \u05dc\u05d4\u05d9\u05d5\u05ea \u05dc\u05d0 \u05de\u05e2\u05d5\u05d3\u05db\u05e0\u05d5\u05ea.<\/p>\n\n\n\n<p>\u05dc\u05de\u05e8\u05d5\u05ea \u05e9\u05d0\u05e0\u05d5 \u05e9\u05d5\u05d0\u05e4\u05d9\u05dd \u05dc\u05e2\u05d3\u05db\u05df \u05d0\u05ea \u05d4\u05d0\u05ea\u05e8 \u05e9\u05dc\u05e0\u05d5, \u05d0\u05d9\u05e0\u05e0\u05d5 \u05d0\u05d7\u05e8\u05d0\u05d9\u05dd \u05d0\u05dd \u05de\u05e9\u05d4\u05d5 \u05e9\u05d5\u05e0\u05d4 \u05de\u05d0\u05ea\u05e8\u05d9\u05dd \u05d0\u05d7\u05e8\u05d9\u05dd.<\/p>\n\n\n\n<p><strong>\u05e9\u05d5\u05ea\u05e4\u05d9\u05dd:<\/strong>\u00a0\u05de\u05e7\u05d5\u05e8 \u05d4\u05d4\u05db\u05e0\u05e1\u05d4 \u05d4\u05e2\u05d9\u05e7\u05e8\u05d9 \u05e2\u05d1\u05d5\u05e8 <strong>Up Star Digital<\/strong> \u05d6\u05d4 \u05d3\u05e8\u05da \u05e4\u05e8\u05e1\u05d5\u05dd. \u05d1\u05d0\u05de\u05e6\u05e2\u05d5\u05ea \u05e9\u05d5\u05ea\u05e4\u05d9 \u05e4\u05e8\u05e1\u05d5\u05dd \u05de\u05e8\u05d5\u05d5\u05d9\u05d7 \u05d4\u05d0\u05ea\u05e8 \u05e0\u05ea\u05d7 \u05de\u05d4\u05e8\u05d5\u05d5\u05d7\u05d9\u05dd. \u05e2\u05dd \u05d6\u05d0\u05ea, \u05d9\u05e9 \u05dc\u05d4\u05d1\u05d4\u05d9\u05e8 \u05db\u05d9 \u05d0\u05d9\u05e0\u05e0\u05d5 \u05d0\u05d7\u05e8\u05d0\u05d9\u05dd \u05dc\u05e4\u05e8\u05e1\u05d5\u05de\u05d5\u05ea \u05d4\u05de\u05d5\u05e4\u05d9\u05e2\u05d5\u05ea \u05d1\u05d0\u05ea\u05e8 \u05d6\u05d4.<\/p>\n\n\n\n<p><strong>\u05e9\u05d9\u05e7\u05d5\u05dc\u05d9\u05dd:<\/strong>\u00a0\u05d0\u05dd \u05d0\u05ea\u05d4 \u05e6\u05e8\u05d9\u05da \u05de\u05d9\u05d3\u05e2 \u05d0\u05d9\u05db\u05d5\u05ea\u05d9, \u05d4\u05e7\u05e4\u05d3 \u05dc\u05d7\u05e4\u05e9 <strong>Up Star Digital<\/strong> \u05d1\u05e9\u05d1\u05d9\u05dc \u05d6\u05d4. \u05e2\u05dd \u05d6\u05d0\u05ea, \u05d6\u05db\u05d5\u05e8, \u05e9\u05d5\u05d1, \u05db\u05d9 \u05de\u05d0\u05de\u05e8\u05d9\u05dd \u05dc\u05d0 \u05ea\u05de\u05d9\u05d3 \u05de\u05e2\u05d5\u05d3\u05db\u05e0\u05d9\u05dd. \u05dc\u05db\u05df, \u05d0\u05dd \u05d0\u05ea\u05d4 \u05e6\u05e8\u05d9\u05da \u05ea\u05d5\u05db\u05df \u05de\u05e2\u05d5\u05d3\u05db\u05df, \u05d7\u05e4\u05e9 \u05d0\u05ea \u05d4\u05d0\u05ea\u05e8 \u05d4\u05e8\u05e9\u05de\u05d9.<\/p>\n<\/body><\/html>","protected":false},"excerpt":{"rendered":"<p>Aten\u00e7\u00e3o:\u00a0O Up Star Digital n\u00e3o solicita dinheiro para os seus usu\u00e1rios. Portanto, caso voc\u00ea esteja navegando no site e apare\u00e7a uma janela lhe solicitando isso, nos avise e feche o site imediatamente. Observa\u00e7\u00f5es:\u00a0O Up Star Digital \u00e9 um site informativo que deseja sempre fornecer conte\u00fado de qualidade aos seus usu\u00e1rios. Contudo, com a velocidade que [&hellip;]<\/p>\n","protected":false},"author":2,"featured_media":0,"parent":0,"menu_order":0,"comment_status":"closed","ping_status":"closed","template":"","meta":{"footnotes":""},"class_list":["post-896","page","type-page","status-publish","hentry"],"yoast_head":"<!-- This site is optimized with the Yoast SEO plugin v27.4 - https:\/\/yoast.com\/product\/yoast-seo-wordpress\/ -->\n<title>Disclaimer -<\/title>\n<meta name=\"robots\" content=\"index, follow, max-snippet:-1, max-image-preview:large, max-video-preview:-1\" \/>\n<link rel=\"canonical\" href=\"https:\/\/upstardigital.com\/he\/disclaimer\/\" \/>\n<meta property=\"og:locale\" content=\"he_IL\" \/>\n<meta property=\"og:type\" content=\"article\" \/>\n<meta property=\"og:title\" content=\"Disclaimer -\" \/>\n<meta property=\"og:description\" content=\"Aten\u00e7\u00e3o:\u00a0O Up Star Digital n\u00e3o solicita dinheiro para os seus usu\u00e1rios. Portanto, caso voc\u00ea esteja navegando no site e apare\u00e7a uma janela lhe solicitando isso, nos avise e feche o site imediatamente. Observa\u00e7\u00f5es:\u00a0O Up Star Digital \u00e9 um site informativo que deseja sempre fornecer conte\u00fado de qualidade aos seus usu\u00e1rios. Contudo, com a velocidade que [&hellip;]\" \/>\n<meta property=\"og:url\" content=\"https:\/\/upstardigital.com\/he\/disclaimer\/\" \/>\n<meta property=\"article:modified_time\" content=\"2024-08-01T16:11:58+00:00\" \/>\n<meta name=\"twitter:card\" content=\"summary_large_image\" \/>\n<meta name=\"twitter:label1\" content=\"Est. reading time\" \/>\n\t<meta name=\"twitter:data1\" content=\"1 minute\" \/>\n<script type=\"application\/ld+json\" class=\"yoast-schema-graph\">{\"@context\":\"https:\\\/\\\/schema.org\",\"@graph\":[{\"@type\":\"WebPage\",\"@id\":\"https:\\\/\\\/upstardigital.com\\\/disclaimer\\\/\",\"url\":\"https:\\\/\\\/upstardigital.com\\\/disclaimer\\\/\",\"name\":\"Disclaimer -\",\"isPartOf\":{\"@id\":\"https:\\\/\\\/upstardigital.com\\\/#website\"},\"datePublished\":\"2024-08-01T16:11:46+00:00\",\"dateModified\":\"2024-08-01T16:11:58+00:00\",\"breadcrumb\":{\"@id\":\"https:\\\/\\\/upstardigital.com\\\/disclaimer\\\/#breadcrumb\"},\"inLanguage\":\"he-IL\",\"potentialAction\":[{\"@type\":\"ReadAction\",\"target\":[\"https:\\\/\\\/upstardigital.com\\\/disclaimer\\\/\"]}]},{\"@type\":\"BreadcrumbList\",\"@id\":\"https:\\\/\\\/upstardigital.com\\\/disclaimer\\\/#breadcrumb\",\"itemListElement\":[{\"@type\":\"ListItem\",\"position\":1,\"name\":\"In\u00edcio\",\"item\":\"https:\\\/\\\/upstardigital.com\\\/\"},{\"@type\":\"ListItem\",\"position\":2,\"name\":\"Disclaimer\"}]},{\"@type\":\"WebSite\",\"@id\":\"https:\\\/\\\/upstardigital.com\\\/#website\",\"url\":\"https:\\\/\\\/upstardigital.com\\\/\",\"name\":\"\",\"description\":\"\",\"potentialAction\":[{\"@type\":\"SearchAction\",\"target\":{\"@type\":\"EntryPoint\",\"urlTemplate\":\"https:\\\/\\\/upstardigital.com\\\/?s={search_term_string}\"},\"query-input\":{\"@type\":\"PropertyValueSpecification\",\"valueRequired\":true,\"valueName\":\"search_term_string\"}}],\"inLanguage\":\"he-IL\"}]}<\/script>\n<!-- \/ Yoast SEO plugin. -->","yoast_head_json":{"title":"\u05db\u05ea\u05d1 \u05d5\u05d9\u05ea\u05d5\u05e8 -","robots":{"index":"index","follow":"follow","max-snippet":"max-snippet:-1","max-image-preview":"max-image-preview:large","max-video-preview":"max-video-preview:-1"},"canonical":"https:\/\/upstardigital.com\/he\/disclaimer\/","og_locale":"he_IL","og_type":"article","og_title":"Disclaimer -","og_description":"Aten\u00e7\u00e3o:\u00a0O Up Star Digital n\u00e3o solicita dinheiro para os seus usu\u00e1rios. Portanto, caso voc\u00ea esteja navegando no site e apare\u00e7a uma janela lhe solicitando isso, nos avise e feche o site imediatamente. Observa\u00e7\u00f5es:\u00a0O Up Star Digital \u00e9 um site informativo que deseja sempre fornecer conte\u00fado de qualidade aos seus usu\u00e1rios. Contudo, com a velocidade que [&hellip;]","og_url":"https:\/\/upstardigital.com\/he\/disclaimer\/","article_modified_time":"2024-08-01T16:11:58+00:00","twitter_card":"summary_large_image","twitter_misc":{"Est. reading time":"1 minute"},"schema":{"@context":"https:\/\/schema.org","@graph":[{"@type":"WebPage","@id":"https:\/\/upstardigital.com\/disclaimer\/","url":"https:\/\/upstardigital.com\/disclaimer\/","name":"\u05db\u05ea\u05d1 \u05d5\u05d9\u05ea\u05d5\u05e8 -","isPartOf":{"@id":"https:\/\/upstardigital.com\/#website"},"datePublished":"2024-08-01T16:11:46+00:00","dateModified":"2024-08-01T16:11:58+00:00","breadcrumb":{"@id":"https:\/\/upstardigital.com\/disclaimer\/#breadcrumb"},"inLanguage":"he-IL","potentialAction":[{"@type":"ReadAction","target":["https:\/\/upstardigital.com\/disclaimer\/"]}]},{"@type":"BreadcrumbList","@id":"https:\/\/upstardigital.com\/disclaimer\/#breadcrumb","itemListElement":[{"@type":"ListItem","position":1,"name":"In\u00edcio","item":"https:\/\/upstardigital.com\/"},{"@type":"ListItem","position":2,"name":"Disclaimer"}]},{"@type":"WebSite","@id":"https:\/\/upstardigital.com\/#website","url":"https:\/\/upstardigital.com\/","name":"","description":"","potentialAction":[{"@type":"SearchAction","target":{"@type":"EntryPoint","urlTemplate":"https:\/\/upstardigital.com\/?s={search_term_string}"},"query-input":{"@type":"PropertyValueSpecification","valueRequired":true,"valueName":"search_term_string"}}],"inLanguage":"he-IL"}]}},"_links":{"self":[{"href":"https:\/\/upstardigital.com\/he\/wp-json\/wp\/v2\/pages\/896","targetHints":{"allow":["GET"]}}],"collection":[{"href":"https:\/\/upstardigital.com\/he\/wp-json\/wp\/v2\/pages"}],"about":[{"href":"https:\/\/upstardigital.com\/he\/wp-json\/wp\/v2\/types\/page"}],"author":[{"embeddable":true,"href":"https:\/\/upstardigital.com\/he\/wp-json\/wp\/v2\/users\/2"}],"replies":[{"embeddable":true,"href":"https:\/\/upstardigital.com\/he\/wp-json\/wp\/v2\/comments?post=896"}],"version-history":[{"count":1,"href":"https:\/\/upstardigital.com\/he\/wp-json\/wp\/v2\/pages\/896\/revisions"}],"predecessor-version":[{"id":897,"href":"https:\/\/upstardigital.com\/he\/wp-json\/wp\/v2\/pages\/896\/revisions\/897"}],"wp:attachment":[{"href":"https:\/\/upstardigital.com\/he\/wp-json\/wp\/v2\/media?parent=896"}],"curies":[{"name":"wp","href":"https:\/\/api.w.org\/{rel}","templated":true}]}}