{"id":3,"date":"2023-06-19T10:34:28","date_gmt":"2023-06-19T13:34:28","guid":{"rendered":"https:\/\/upstardigital.com\/?page_id=3"},"modified":"2026-04-13T12:06:46","modified_gmt":"2026-04-13T15:06:46","slug":"politica-de-privacidade","status":"publish","type":"page","link":"https:\/\/upstardigital.com\/hu\/politica-de-privacidade\/","title":{"rendered":"Adatv\u00e9delmi szab\u00e1lyzat"},"content":{"rendered":"<html><body><p>Felhaszn\u00e1l\u00f3ink adatainak v\u00e9delme els\u0151dleges sz\u00e1munkra <strong>Up Star Digital<\/strong>. Ez az adatv\u00e9delmi szab\u00e1lyzat le\u00edrja, hogyan haszn\u00e1ljuk fel \u00e9s v\u00e9dj\u00fck a felhaszn\u00e1l\u00f3k \u00e1ltal weboldalunk haszn\u00e1lata sor\u00e1n megadott inform\u00e1ci\u00f3kat.<br><br>Os usu\u00e1rios podem desativar as publicidade personalizada acessando as configura\u00e7\u00e3o de an\u00fancios. Como alternativa pode orientar aos usu\u00e1rios o site <a href=\"http:\/\/www.aboutads.info\">www.aboutads.info<\/a> para desativar o uso do cookies de publicidade personalizada de terceiros.<\/p>\n\n\n\n<ol class=\"wp-block-list\">\n<li><strong>Adatbiztons\u00e1g ir\u00e1nti elk\u00f6telezetts\u00e9g:<\/strong>\u00a0Ez a c\u00e9g elk\u00f6telezett a felhaszn\u00e1l\u00f3i adatainak biztons\u00e1ga mellett. Speci\u00e1lis biztons\u00e1gi int\u00e9zked\u00e9seket alkalmazunk, hogy megv\u00e9dj\u00fck az inform\u00e1ci\u00f3kat a jogosulatlan hozz\u00e1f\u00e9r\u00e9st\u0151l vagy nyilv\u00e1noss\u00e1gra hozatalt\u00f3l.<\/li>\n\n\n\n<li><strong>Adatv\u00e9delmi ir\u00e1nyelvek friss\u00edt\u00e9sei:<\/strong>\u00a0Ez az adatv\u00e9delmi szab\u00e1lyzat id\u0151r\u0151l id\u0151re friss\u00edthet\u0151 vagy m\u00f3dos\u00edthat\u00f3. Javasoljuk, hogy a felhaszn\u00e1l\u00f3k rendszeresen n\u00e9zz\u00e9k \u00e1t ezt az oldalt, hogy t\u00e1j\u00e9koz\u00f3djanak az esetleges v\u00e1ltoz\u00e1sokr\u00f3l. Azzal, hogy az ilyen m\u00f3dos\u00edt\u00e1sok ut\u00e1n tov\u00e1bbra is haszn\u00e1lja az oldalt, elfogadja a friss\u00edtett felt\u00e9teleket.<\/li>\n\n\n\n<li><strong>\u00d6sszegy\u0171jt\u00f6tt inform\u00e1ci\u00f3:<\/strong>\u00a0Weboldalunk olyan szem\u00e9lyes adatokat gy\u0171jthet, mint a n\u00e9v, el\u00e9rhet\u0151s\u00e9g, e-mail c\u00edm \u00e9s demogr\u00e1fiai adatok. Ezeket az inform\u00e1ci\u00f3kat csak akkor gy\u0171jtj\u00fck, ha az k\u00e9r\u00e9sek feldolgoz\u00e1s\u00e1hoz vagy a felhaszn\u00e1l\u00f3knak ny\u00fajtott szem\u00e9lyre szabott szolg\u00e1ltat\u00e1sokhoz sz\u00fcks\u00e9ges.<\/li>\n\n\n\n<li><strong>Inform\u00e1ci\u00f3 felhaszn\u00e1l\u00e1sa:<\/strong>\u00a0Az \u00f6sszegy\u0171jt\u00f6tt inform\u00e1ci\u00f3kat arra haszn\u00e1ljuk, hogy a lehet\u0151 legjobb szolg\u00e1ltat\u00e1st ny\u00fajtsuk felhaszn\u00e1l\u00f3ink sz\u00e1m\u00e1ra, bele\u00e9rtve a felhaszn\u00e1l\u00f3i nyilv\u00e1ntart\u00e1sok vezet\u00e9s\u00e9t, a term\u00e9kek \u00e9s szolg\u00e1ltat\u00e1sok fejleszt\u00e9s\u00e9t, valamint a b\u00f6ng\u00e9sz\u00e9si \u00e9lm\u00e9ny szem\u00e9lyre szab\u00e1s\u00e1t.<\/li>\n\n\n\n<li><strong>Cookie-k:<\/strong>\u00a0Cookie-kat haszn\u00e1lunk, hogy jav\u00edtsuk a felhaszn\u00e1l\u00f3i \u00e9lm\u00e9nyt \u00e9s szem\u00e9lyre szabjuk a weboldal tartalm\u00e1t a felhaszn\u00e1l\u00f3i preferenci\u00e1knak megfelel\u0151en. A cookie-k a felhaszn\u00e1l\u00f3 sz\u00e1m\u00edt\u00f3g\u00e9p\u00e9n t\u00e1rolt kis sz\u00f6veges f\u00e1jlok, amelyek lehet\u0151v\u00e9 teszik a fontos inform\u00e1ci\u00f3k felismer\u00e9s\u00e9t \u00e9s megjegyez\u00e9s\u00e9t. A felhaszn\u00e1l\u00f3k a b\u00f6ng\u00e9sz\u0151 be\u00e1ll\u00edt\u00e1saiban d\u00f6nthetnek a cookie-k elfogad\u00e1s\u00e1r\u00f3l vagy elutas\u00edt\u00e1s\u00e1r\u00f3l, de ez hat\u00e1ssal lehet a weboldal m\u0171k\u00f6d\u00e9s\u00e9re.<\/li>\n\n\n\n<li><strong>Linkek harmadik felekhez:<\/strong>\u00a0Weboldalunk tartalmazhat hivatkoz\u00e1sokat m\u00e1s \u00e9rdekes webhelyekre. Ha azonban a felhaszn\u00e1l\u00f3 r\u00e1kattint az egyik ilyen hivatkoz\u00e1sra, \u00e9s elhagyja webhely\u00fcnket, t\u00f6bb\u00e9 nem tudjuk ir\u00e1ny\u00edtani azt a webhelyet, amelyre \u00e1tir\u00e1ny\u00edtj\u00e1k. Ez\u00e9rt nem v\u00e1llalunk felel\u0151ss\u00e9get ezen harmadik felek webhelyeinek adatv\u00e9delmi vagy adatv\u00e9delmi felt\u00e9telei\u00e9rt, \u00e9s azt javasoljuk, hogy a felhaszn\u00e1l\u00f3k szem\u00e9lyes adatok megad\u00e1sa el\u0151tt tanulm\u00e1nyozz\u00e1k ezen webhelyek adatv\u00e9delmi szab\u00e1lyzat\u00e1t.<\/li>\n<\/ol>\n\n\n\n<h2 class=\"wp-block-heading\"><strong>Direitos do Usu\u00e1rio<\/strong><\/h2>\n\n\n\n<p>Nos termos da legisla\u00e7\u00e3o aplic\u00e1vel, especialmente a Lei Geral de Prote\u00e7\u00e3o de Dados (LGPD \u2013 Lei n\u00ba 13.709\/2018), garantimos aos usu\u00e1rios do nosso site os seguintes direitos relacionados aos seus dados pessoais:<\/p>\n\n\n\n<h3 class=\"wp-block-heading\"><strong>1. Confirma\u00e7\u00e3o e Acesso aos Dados<\/strong><\/h3>\n\n\n\n<p>O usu\u00e1rio pode solicitar a confirma\u00e7\u00e3o da exist\u00eancia de tratamento de seus dados pessoais, bem como acessar todas as informa\u00e7\u00f5es que mantemos sobre ele.<\/p>\n\n\n\n<h3 class=\"wp-block-heading\"><strong>2. Corre\u00e7\u00e3o de Dados Incompletos, Inexatos ou Desatualizados<\/strong><\/h3>\n\n\n\n<p>O usu\u00e1rio tem o direito de solicitar a corre\u00e7\u00e3o ou atualiza\u00e7\u00e3o de seus dados pessoais sempre que identificar inconsist\u00eancias.<\/p>\n\n\n\n<h3 class=\"wp-block-heading\"><strong>3. Anonimiza\u00e7\u00e3o, Bloqueio ou Elimina\u00e7\u00e3o de Dados<\/strong><\/h3>\n\n\n\n<p>O usu\u00e1rio pode solicitar a anonimiza\u00e7\u00e3o, bloqueio ou exclus\u00e3o de dados que sejam desnecess\u00e1rios, excessivos ou tratados em desconformidade com a legisla\u00e7\u00e3o vigente.<\/p>\n\n\n\n<h3 class=\"wp-block-heading\"><strong>4. Portabilidade dos Dados<\/strong><\/h3>\n\n\n\n<p>Mediante requisi\u00e7\u00e3o expressa, o usu\u00e1rio poder\u00e1 solicitar a portabilidade dos seus dados pessoais para outro fornecedor de servi\u00e7o ou produto, conforme regulamenta\u00e7\u00e3o da autoridade competente.<\/p>\n\n\n\n<h3 class=\"wp-block-heading\"><strong>5. Elimina\u00e7\u00e3o dos Dados Pessoais Tratados com Consentimento<\/strong><\/h3>\n\n\n\n<p>O usu\u00e1rio pode solicitar a exclus\u00e3o dos dados pessoais tratados com base no seu consentimento, exceto nos casos em que a reten\u00e7\u00e3o seja obrigat\u00f3ria por lei.<\/p>\n\n\n\n<h3 class=\"wp-block-heading\"><strong>6. Informa\u00e7\u00e3o sobre Compartilhamento de Dados<\/strong><\/h3>\n\n\n\n<p>O usu\u00e1rio tem o direito de ser informado sobre as entidades p\u00fablicas e privadas com as quais seus dados pessoais foram compartilhados.<\/p>\n\n\n\n<h3 class=\"wp-block-heading\"><strong>7. Revoga\u00e7\u00e3o do Consentimento<\/strong><\/h3>\n\n\n\n<p>O usu\u00e1rio pode, a qualquer momento, revogar o consentimento previamente concedido para o tratamento de seus dados, mediante solicita\u00e7\u00e3o simples e gratuita.<\/p>\n\n\n\n<h3 class=\"wp-block-heading\"><strong>8. Oposi\u00e7\u00e3o ao Tratamento de Dados<\/strong><\/h3>\n\n\n\n<p>O usu\u00e1rio pode se opor ao tratamento de seus dados pessoais quando houver descumprimento da legisla\u00e7\u00e3o aplic\u00e1vel.<\/p>\n\n\n\n<h3 class=\"wp-block-heading\"><strong>9. Solicita\u00e7\u00e3o de Revis\u00e3o de Decis\u00f5es Automatizadas<\/strong><\/h3>\n\n\n\n<p>O usu\u00e1rio tem o direito de solicitar a revis\u00e3o de decis\u00f5es tomadas exclusivamente com base em tratamento automatizado de dados pessoais, quando tais decis\u00f5es afetarem seus interesses.<\/p>\n<\/body><\/html>","protected":false},"excerpt":{"rendered":"<p>A privacidade dos nossos usu\u00e1rios \u00e9 uma prioridade para o Up Star Digital. Esta Pol\u00edtica de Privacidade descreve como utilizamos e protegemos as informa\u00e7\u00f5es fornecidas pelos usu\u00e1rios ao utilizar nosso site. Os usu\u00e1rios podem desativar as publicidade personalizada acessando as configura\u00e7\u00e3o de an\u00fancios. Como alternativa pode orientar aos usu\u00e1rios o site www.aboutads.info para desativar o [&hellip;]<\/p>\n","protected":false},"author":3,"featured_media":0,"parent":0,"menu_order":0,"comment_status":"closed","ping_status":"closed","template":"","meta":{"footnotes":""},"class_list":["post-3","page","type-page","status-publish","hentry"],"yoast_head":"<!-- This site is optimized with the Yoast SEO plugin v27.3 - https:\/\/yoast.com\/product\/yoast-seo-wordpress\/ -->\n<title>Pol\u00edtica de Privacidade -<\/title>\n<meta name=\"robots\" content=\"index, follow, max-snippet:-1, max-image-preview:large, max-video-preview:-1\" \/>\n<link rel=\"canonical\" href=\"https:\/\/upstardigital.com\/hu\/politica-de-privacidade\/\" \/>\n<meta property=\"og:locale\" content=\"hu_HU\" \/>\n<meta property=\"og:type\" content=\"article\" \/>\n<meta property=\"og:title\" content=\"Pol\u00edtica de Privacidade -\" \/>\n<meta property=\"og:description\" content=\"A privacidade dos nossos usu\u00e1rios \u00e9 uma prioridade para o Up Star Digital. Esta Pol\u00edtica de Privacidade descreve como utilizamos e protegemos as informa\u00e7\u00f5es fornecidas pelos usu\u00e1rios ao utilizar nosso site. Os usu\u00e1rios podem desativar as publicidade personalizada acessando as configura\u00e7\u00e3o de an\u00fancios. Como alternativa pode orientar aos usu\u00e1rios o site www.aboutads.info para desativar o [&hellip;]\" \/>\n<meta property=\"og:url\" content=\"https:\/\/upstardigital.com\/hu\/politica-de-privacidade\/\" \/>\n<meta property=\"article:modified_time\" content=\"2026-04-13T15:06:46+00:00\" \/>\n<meta name=\"twitter:card\" content=\"summary_large_image\" \/>\n<meta name=\"twitter:label1\" content=\"Est. reading time\" \/>\n\t<meta name=\"twitter:data1\" content=\"4 minutes\" \/>\n<script type=\"application\/ld+json\" class=\"yoast-schema-graph\">{\"@context\":\"https:\\\/\\\/schema.org\",\"@graph\":[{\"@type\":\"WebPage\",\"@id\":\"https:\\\/\\\/upstardigital.com\\\/politica-de-privacidade\\\/\",\"url\":\"https:\\\/\\\/upstardigital.com\\\/politica-de-privacidade\\\/\",\"name\":\"Pol\u00edtica de Privacidade -\",\"isPartOf\":{\"@id\":\"https:\\\/\\\/upstardigital.com\\\/#website\"},\"datePublished\":\"2023-06-19T13:34:28+00:00\",\"dateModified\":\"2026-04-13T15:06:46+00:00\",\"breadcrumb\":{\"@id\":\"https:\\\/\\\/upstardigital.com\\\/politica-de-privacidade\\\/#breadcrumb\"},\"inLanguage\":\"hu-HU\",\"potentialAction\":[{\"@type\":\"ReadAction\",\"target\":[\"https:\\\/\\\/upstardigital.com\\\/politica-de-privacidade\\\/\"]}]},{\"@type\":\"BreadcrumbList\",\"@id\":\"https:\\\/\\\/upstardigital.com\\\/politica-de-privacidade\\\/#breadcrumb\",\"itemListElement\":[{\"@type\":\"ListItem\",\"position\":1,\"name\":\"In\u00edcio\",\"item\":\"https:\\\/\\\/upstardigital.com\\\/\"},{\"@type\":\"ListItem\",\"position\":2,\"name\":\"Pol\u00edtica de Privacidade\"}]},{\"@type\":\"WebSite\",\"@id\":\"https:\\\/\\\/upstardigital.com\\\/#website\",\"url\":\"https:\\\/\\\/upstardigital.com\\\/\",\"name\":\"\",\"description\":\"\",\"potentialAction\":[{\"@type\":\"SearchAction\",\"target\":{\"@type\":\"EntryPoint\",\"urlTemplate\":\"https:\\\/\\\/upstardigital.com\\\/?s={search_term_string}\"},\"query-input\":{\"@type\":\"PropertyValueSpecification\",\"valueRequired\":true,\"valueName\":\"search_term_string\"}}],\"inLanguage\":\"hu-HU\"}]}<\/script>\n<!-- \/ Yoast SEO plugin. -->","yoast_head_json":{"title":"Adatv\u00e9delmi szab\u00e1lyzat -","robots":{"index":"index","follow":"follow","max-snippet":"max-snippet:-1","max-image-preview":"max-image-preview:large","max-video-preview":"max-video-preview:-1"},"canonical":"https:\/\/upstardigital.com\/hu\/politica-de-privacidade\/","og_locale":"hu_HU","og_type":"article","og_title":"Pol\u00edtica de Privacidade -","og_description":"A privacidade dos nossos usu\u00e1rios \u00e9 uma prioridade para o Up Star Digital. Esta Pol\u00edtica de Privacidade descreve como utilizamos e protegemos as informa\u00e7\u00f5es fornecidas pelos usu\u00e1rios ao utilizar nosso site. Os usu\u00e1rios podem desativar as publicidade personalizada acessando as configura\u00e7\u00e3o de an\u00fancios. Como alternativa pode orientar aos usu\u00e1rios o site www.aboutads.info para desativar o [&hellip;]","og_url":"https:\/\/upstardigital.com\/hu\/politica-de-privacidade\/","article_modified_time":"2026-04-13T15:06:46+00:00","twitter_card":"summary_large_image","twitter_misc":{"Est. reading time":"4 minutes"},"schema":{"@context":"https:\/\/schema.org","@graph":[{"@type":"WebPage","@id":"https:\/\/upstardigital.com\/politica-de-privacidade\/","url":"https:\/\/upstardigital.com\/politica-de-privacidade\/","name":"Adatv\u00e9delmi szab\u00e1lyzat -","isPartOf":{"@id":"https:\/\/upstardigital.com\/#website"},"datePublished":"2023-06-19T13:34:28+00:00","dateModified":"2026-04-13T15:06:46+00:00","breadcrumb":{"@id":"https:\/\/upstardigital.com\/politica-de-privacidade\/#breadcrumb"},"inLanguage":"hu-HU","potentialAction":[{"@type":"ReadAction","target":["https:\/\/upstardigital.com\/politica-de-privacidade\/"]}]},{"@type":"BreadcrumbList","@id":"https:\/\/upstardigital.com\/politica-de-privacidade\/#breadcrumb","itemListElement":[{"@type":"ListItem","position":1,"name":"In\u00edcio","item":"https:\/\/upstardigital.com\/"},{"@type":"ListItem","position":2,"name":"Pol\u00edtica de Privacidade"}]},{"@type":"WebSite","@id":"https:\/\/upstardigital.com\/#website","url":"https:\/\/upstardigital.com\/","name":"","description":"","potentialAction":[{"@type":"SearchAction","target":{"@type":"EntryPoint","urlTemplate":"https:\/\/upstardigital.com\/?s={search_term_string}"},"query-input":{"@type":"PropertyValueSpecification","valueRequired":true,"valueName":"search_term_string"}}],"inLanguage":"hu-HU"}]}},"_links":{"self":[{"href":"https:\/\/upstardigital.com\/hu\/wp-json\/wp\/v2\/pages\/3","targetHints":{"allow":["GET"]}}],"collection":[{"href":"https:\/\/upstardigital.com\/hu\/wp-json\/wp\/v2\/pages"}],"about":[{"href":"https:\/\/upstardigital.com\/hu\/wp-json\/wp\/v2\/types\/page"}],"author":[{"embeddable":true,"href":"https:\/\/upstardigital.com\/hu\/wp-json\/wp\/v2\/users\/3"}],"replies":[{"embeddable":true,"href":"https:\/\/upstardigital.com\/hu\/wp-json\/wp\/v2\/comments?post=3"}],"version-history":[{"count":6,"href":"https:\/\/upstardigital.com\/hu\/wp-json\/wp\/v2\/pages\/3\/revisions"}],"predecessor-version":[{"id":1657,"href":"https:\/\/upstardigital.com\/hu\/wp-json\/wp\/v2\/pages\/3\/revisions\/1657"}],"wp:attachment":[{"href":"https:\/\/upstardigital.com\/hu\/wp-json\/wp\/v2\/media?parent=3"}],"curies":[{"name":"wp","href":"https:\/\/api.w.org\/{rel}","templated":true}]}}