{"id":896,"date":"2024-08-01T13:11:46","date_gmt":"2024-08-01T16:11:46","guid":{"rendered":"https:\/\/upstardigital.com\/?page_id=896"},"modified":"2024-08-01T13:11:58","modified_gmt":"2024-08-01T16:11:58","slug":"disclaimer","status":"publish","type":"page","link":"https:\/\/upstardigital.com\/id\/disclaimer\/","title":{"rendered":"Penafian"},"content":{"rendered":"<html><body><p><strong>Perhatian:<\/strong>\u00a0HAI <strong>Bintang Atas Digital<\/strong> tidak meminta uang dari penggunanya. Oleh karena itu, jika Anda menjelajahi situs web dan muncul jendela yang meminta Anda melakukannya, harap beri tahu kami dan segera tutup situs web tersebut.<\/p>\n\n\n\n<p><strong>Catatan:<\/strong>\u00a0HAI <strong>Bintang Atas Digital<\/strong> merupakan website informatif yang selalu ingin memberikan konten berkualitas kepada penggunanya. Namun, seiring dengan cepatnya perubahan informasi, beberapa artikel mungkin sudah ketinggalan zaman.<\/p>\n\n\n\n<p>Meskipun kami berusaha untuk selalu memperbarui situs web kami, kami tidak bertanggung jawab jika ada sesuatu yang berbeda dari situs web lain.<\/p>\n\n\n\n<p><strong>Mitra:<\/strong>\u00a0Sumber pendapatan utama untuk <strong>Bintang Atas Digital<\/strong> adalah melalui iklan. Melalui mitra periklanan, situs memperoleh bagian dari keuntungan. Namun harus dijelaskan bahwa kami tidak bertanggung jawab atas iklan yang muncul di website ini.<\/p>\n\n\n\n<p><strong>Pertimbangan:<\/strong>\u00a0Jika Anda membutuhkan informasi berkualitas, pastikan untuk mencarinya <strong>Bintang Atas Digital<\/strong> untuk itu. Namun perlu diingat sekali lagi bahwa artikel tidak selalu update. Oleh karena itu, jika Anda membutuhkan konten terupdate, carilah situs resminya.<\/p>\n<\/body><\/html>","protected":false},"excerpt":{"rendered":"<p>Aten\u00e7\u00e3o:\u00a0O Up Star Digital n\u00e3o solicita dinheiro para os seus usu\u00e1rios. Portanto, caso voc\u00ea esteja navegando no site e apare\u00e7a uma janela lhe solicitando isso, nos avise e feche o site imediatamente. Observa\u00e7\u00f5es:\u00a0O Up Star Digital \u00e9 um site informativo que deseja sempre fornecer conte\u00fado de qualidade aos seus usu\u00e1rios. Contudo, com a velocidade que [&hellip;]<\/p>\n","protected":false},"author":2,"featured_media":0,"parent":0,"menu_order":0,"comment_status":"closed","ping_status":"closed","template":"","meta":{"footnotes":""},"class_list":["post-896","page","type-page","status-publish","hentry"],"yoast_head":"<!-- This site is optimized with the Yoast SEO plugin v27.4 - https:\/\/yoast.com\/product\/yoast-seo-wordpress\/ -->\n<title>Disclaimer -<\/title>\n<meta name=\"robots\" content=\"index, follow, max-snippet:-1, max-image-preview:large, max-video-preview:-1\" \/>\n<link rel=\"canonical\" href=\"https:\/\/upstardigital.com\/id\/disclaimer\/\" \/>\n<meta property=\"og:locale\" content=\"id_ID\" \/>\n<meta property=\"og:type\" content=\"article\" \/>\n<meta property=\"og:title\" content=\"Disclaimer -\" \/>\n<meta property=\"og:description\" content=\"Aten\u00e7\u00e3o:\u00a0O Up Star Digital n\u00e3o solicita dinheiro para os seus usu\u00e1rios. Portanto, caso voc\u00ea esteja navegando no site e apare\u00e7a uma janela lhe solicitando isso, nos avise e feche o site imediatamente. Observa\u00e7\u00f5es:\u00a0O Up Star Digital \u00e9 um site informativo que deseja sempre fornecer conte\u00fado de qualidade aos seus usu\u00e1rios. Contudo, com a velocidade que [&hellip;]\" \/>\n<meta property=\"og:url\" content=\"https:\/\/upstardigital.com\/id\/disclaimer\/\" \/>\n<meta property=\"article:modified_time\" content=\"2024-08-01T16:11:58+00:00\" \/>\n<meta name=\"twitter:card\" content=\"summary_large_image\" \/>\n<meta name=\"twitter:label1\" content=\"Est. reading time\" \/>\n\t<meta name=\"twitter:data1\" content=\"1 minute\" \/>\n<script type=\"application\/ld+json\" class=\"yoast-schema-graph\">{\"@context\":\"https:\\\/\\\/schema.org\",\"@graph\":[{\"@type\":\"WebPage\",\"@id\":\"https:\\\/\\\/upstardigital.com\\\/disclaimer\\\/\",\"url\":\"https:\\\/\\\/upstardigital.com\\\/disclaimer\\\/\",\"name\":\"Disclaimer -\",\"isPartOf\":{\"@id\":\"https:\\\/\\\/upstardigital.com\\\/#website\"},\"datePublished\":\"2024-08-01T16:11:46+00:00\",\"dateModified\":\"2024-08-01T16:11:58+00:00\",\"breadcrumb\":{\"@id\":\"https:\\\/\\\/upstardigital.com\\\/disclaimer\\\/#breadcrumb\"},\"inLanguage\":\"id-ID\",\"potentialAction\":[{\"@type\":\"ReadAction\",\"target\":[\"https:\\\/\\\/upstardigital.com\\\/disclaimer\\\/\"]}]},{\"@type\":\"BreadcrumbList\",\"@id\":\"https:\\\/\\\/upstardigital.com\\\/disclaimer\\\/#breadcrumb\",\"itemListElement\":[{\"@type\":\"ListItem\",\"position\":1,\"name\":\"In\u00edcio\",\"item\":\"https:\\\/\\\/upstardigital.com\\\/\"},{\"@type\":\"ListItem\",\"position\":2,\"name\":\"Disclaimer\"}]},{\"@type\":\"WebSite\",\"@id\":\"https:\\\/\\\/upstardigital.com\\\/#website\",\"url\":\"https:\\\/\\\/upstardigital.com\\\/\",\"name\":\"\",\"description\":\"\",\"potentialAction\":[{\"@type\":\"SearchAction\",\"target\":{\"@type\":\"EntryPoint\",\"urlTemplate\":\"https:\\\/\\\/upstardigital.com\\\/?s={search_term_string}\"},\"query-input\":{\"@type\":\"PropertyValueSpecification\",\"valueRequired\":true,\"valueName\":\"search_term_string\"}}],\"inLanguage\":\"id-ID\"}]}<\/script>\n<!-- \/ Yoast SEO plugin. -->","yoast_head_json":{"title":"Penafian -","robots":{"index":"index","follow":"follow","max-snippet":"max-snippet:-1","max-image-preview":"max-image-preview:large","max-video-preview":"max-video-preview:-1"},"canonical":"https:\/\/upstardigital.com\/id\/disclaimer\/","og_locale":"id_ID","og_type":"article","og_title":"Disclaimer -","og_description":"Aten\u00e7\u00e3o:\u00a0O Up Star Digital n\u00e3o solicita dinheiro para os seus usu\u00e1rios. Portanto, caso voc\u00ea esteja navegando no site e apare\u00e7a uma janela lhe solicitando isso, nos avise e feche o site imediatamente. Observa\u00e7\u00f5es:\u00a0O Up Star Digital \u00e9 um site informativo que deseja sempre fornecer conte\u00fado de qualidade aos seus usu\u00e1rios. Contudo, com a velocidade que [&hellip;]","og_url":"https:\/\/upstardigital.com\/id\/disclaimer\/","article_modified_time":"2024-08-01T16:11:58+00:00","twitter_card":"summary_large_image","twitter_misc":{"Est. reading time":"1 minute"},"schema":{"@context":"https:\/\/schema.org","@graph":[{"@type":"WebPage","@id":"https:\/\/upstardigital.com\/disclaimer\/","url":"https:\/\/upstardigital.com\/disclaimer\/","name":"Penafian -","isPartOf":{"@id":"https:\/\/upstardigital.com\/#website"},"datePublished":"2024-08-01T16:11:46+00:00","dateModified":"2024-08-01T16:11:58+00:00","breadcrumb":{"@id":"https:\/\/upstardigital.com\/disclaimer\/#breadcrumb"},"inLanguage":"id-ID","potentialAction":[{"@type":"ReadAction","target":["https:\/\/upstardigital.com\/disclaimer\/"]}]},{"@type":"BreadcrumbList","@id":"https:\/\/upstardigital.com\/disclaimer\/#breadcrumb","itemListElement":[{"@type":"ListItem","position":1,"name":"In\u00edcio","item":"https:\/\/upstardigital.com\/"},{"@type":"ListItem","position":2,"name":"Disclaimer"}]},{"@type":"WebSite","@id":"https:\/\/upstardigital.com\/#website","url":"https:\/\/upstardigital.com\/","name":"","description":"","potentialAction":[{"@type":"SearchAction","target":{"@type":"EntryPoint","urlTemplate":"https:\/\/upstardigital.com\/?s={search_term_string}"},"query-input":{"@type":"PropertyValueSpecification","valueRequired":true,"valueName":"search_term_string"}}],"inLanguage":"id-ID"}]}},"_links":{"self":[{"href":"https:\/\/upstardigital.com\/id\/wp-json\/wp\/v2\/pages\/896","targetHints":{"allow":["GET"]}}],"collection":[{"href":"https:\/\/upstardigital.com\/id\/wp-json\/wp\/v2\/pages"}],"about":[{"href":"https:\/\/upstardigital.com\/id\/wp-json\/wp\/v2\/types\/page"}],"author":[{"embeddable":true,"href":"https:\/\/upstardigital.com\/id\/wp-json\/wp\/v2\/users\/2"}],"replies":[{"embeddable":true,"href":"https:\/\/upstardigital.com\/id\/wp-json\/wp\/v2\/comments?post=896"}],"version-history":[{"count":1,"href":"https:\/\/upstardigital.com\/id\/wp-json\/wp\/v2\/pages\/896\/revisions"}],"predecessor-version":[{"id":897,"href":"https:\/\/upstardigital.com\/id\/wp-json\/wp\/v2\/pages\/896\/revisions\/897"}],"wp:attachment":[{"href":"https:\/\/upstardigital.com\/id\/wp-json\/wp\/v2\/media?parent=896"}],"curies":[{"name":"wp","href":"https:\/\/api.w.org\/{rel}","templated":true}]}}