{"id":2,"date":"2023-06-19T10:34:28","date_gmt":"2023-06-19T13:34:28","guid":{"rendered":"https:\/\/upstardigital.com\/?page_id=2"},"modified":"2023-06-19T20:59:39","modified_gmt":"2023-06-19T23:59:39","slug":"sobre-nos","status":"publish","type":"page","link":"https:\/\/upstardigital.com\/it\/sobre-nos\/","title":{"rendered":"Chi siamo"},"content":{"rendered":"<html><body><p>Questa \u00e8 una pagina di esempio. \u00c8 diverso da un post di blog perch\u00e9 rimarr\u00e0 in un unico posto e apparir\u00e0 nella navigazione del tuo sito sulla maggior parte dei temi. Molte persone iniziano con una pagina che le presenta ai potenziali visitatori del sito web. Potrebbe dire qualcosa del genere:<\/p>\n\n\n\n<blockquote class=\"wp-block-quote is-layout-flow wp-block-quote-is-layout-flow\"><p>Ciao! Di giorno lavoro come fattorino in bicicletta, di notte aspirante attore, e questo \u00e8 il mio sito web. Vivo a San Paolo, ho un grosso cane chiamato Rex e mi piace bere la caipirinha (e la pioggia).<\/p><\/blockquote>\n\n\n\n<p>\u2026ou alguma coisa assim:<\/p>\n\n\n\n<blockquote class=\"wp-block-quote is-layout-flow wp-block-quote-is-layout-flow\"><p>La XYZ Miniatures Company \u00e8 stata fondata nel 1971 e da allora fornisce al pubblico miniature di qualit\u00e0. Situata nella citt\u00e0 di Itu, XYZ impiega pi\u00f9 di 2.000 persone e fa grandi cose per la comunit\u00e0 della citt\u00e0.<\/p><\/blockquote>\n\n\n\n<p>Come nuovo utente WordPress, dovresti andare a <a href=\"https:\/\/upstardigital.com\/wp-admin\/\">pannello<\/a> per eliminare quella pagina e creare nuove pagine per i tuoi contenuti. Divertiti!<\/p>\n<\/body><\/html>","protected":false},"excerpt":{"rendered":"<p>Esta \u00e9 uma p\u00e1gina de exemplo. \u00c9 diferente de um post no blog porque ela permanecer\u00e1 em um lugar e aparecer\u00e1 na navega\u00e7\u00e3o do seu site na maioria dos temas. Muitas pessoas come\u00e7am com uma p\u00e1gina que as apresenta a poss\u00edveis visitantes do site. Ela pode dizer algo assim: Ol\u00e1! Eu sou um mensageiro de [&hellip;]<\/p>\n","protected":false},"author":3,"featured_media":0,"parent":0,"menu_order":0,"comment_status":"closed","ping_status":"closed","template":"","meta":{"footnotes":""},"class_list":["post-2","page","type-page","status-publish","hentry"],"yoast_head":"<!-- This site is optimized with the Yoast SEO plugin v27.3 - https:\/\/yoast.com\/product\/yoast-seo-wordpress\/ -->\n<title>Sobre N\u00f3s -<\/title>\n<meta name=\"robots\" content=\"index, follow, max-snippet:-1, max-image-preview:large, max-video-preview:-1\" \/>\n<link rel=\"canonical\" href=\"https:\/\/upstardigital.com\/it\/sobre-nos\/\" \/>\n<meta property=\"og:locale\" content=\"it_IT\" \/>\n<meta property=\"og:type\" content=\"article\" \/>\n<meta property=\"og:title\" content=\"Sobre N\u00f3s -\" \/>\n<meta property=\"og:description\" content=\"Esta \u00e9 uma p\u00e1gina de exemplo. \u00c9 diferente de um post no blog porque ela permanecer\u00e1 em um lugar e aparecer\u00e1 na navega\u00e7\u00e3o do seu site na maioria dos temas. Muitas pessoas come\u00e7am com uma p\u00e1gina que as apresenta a poss\u00edveis visitantes do site. Ela pode dizer algo assim: Ol\u00e1! Eu sou um mensageiro de [&hellip;]\" \/>\n<meta property=\"og:url\" content=\"https:\/\/upstardigital.com\/it\/sobre-nos\/\" \/>\n<meta property=\"article:modified_time\" content=\"2023-06-19T23:59:39+00:00\" \/>\n<meta name=\"twitter:card\" content=\"summary_large_image\" \/>\n<meta name=\"twitter:label1\" content=\"Est. reading time\" \/>\n\t<meta name=\"twitter:data1\" content=\"1 minute\" \/>\n<script type=\"application\/ld+json\" class=\"yoast-schema-graph\">{\"@context\":\"https:\\\/\\\/schema.org\",\"@graph\":[{\"@type\":\"WebPage\",\"@id\":\"https:\\\/\\\/upstardigital.com\\\/sobre-nos\\\/\",\"url\":\"https:\\\/\\\/upstardigital.com\\\/sobre-nos\\\/\",\"name\":\"Sobre N\u00f3s -\",\"isPartOf\":{\"@id\":\"https:\\\/\\\/upstardigital.com\\\/#website\"},\"datePublished\":\"2023-06-19T13:34:28+00:00\",\"dateModified\":\"2023-06-19T23:59:39+00:00\",\"breadcrumb\":{\"@id\":\"https:\\\/\\\/upstardigital.com\\\/sobre-nos\\\/#breadcrumb\"},\"inLanguage\":\"it-IT\",\"potentialAction\":[{\"@type\":\"ReadAction\",\"target\":[\"https:\\\/\\\/upstardigital.com\\\/sobre-nos\\\/\"]}]},{\"@type\":\"BreadcrumbList\",\"@id\":\"https:\\\/\\\/upstardigital.com\\\/sobre-nos\\\/#breadcrumb\",\"itemListElement\":[{\"@type\":\"ListItem\",\"position\":1,\"name\":\"In\u00edcio\",\"item\":\"https:\\\/\\\/upstardigital.com\\\/\"},{\"@type\":\"ListItem\",\"position\":2,\"name\":\"Sobre N\u00f3s\"}]},{\"@type\":\"WebSite\",\"@id\":\"https:\\\/\\\/upstardigital.com\\\/#website\",\"url\":\"https:\\\/\\\/upstardigital.com\\\/\",\"name\":\"\",\"description\":\"\",\"potentialAction\":[{\"@type\":\"SearchAction\",\"target\":{\"@type\":\"EntryPoint\",\"urlTemplate\":\"https:\\\/\\\/upstardigital.com\\\/?s={search_term_string}\"},\"query-input\":{\"@type\":\"PropertyValueSpecification\",\"valueRequired\":true,\"valueName\":\"search_term_string\"}}],\"inLanguage\":\"it-IT\"}]}<\/script>\n<!-- \/ Yoast SEO plugin. -->","yoast_head_json":{"title":"Chi siamo -","robots":{"index":"index","follow":"follow","max-snippet":"max-snippet:-1","max-image-preview":"max-image-preview:large","max-video-preview":"max-video-preview:-1"},"canonical":"https:\/\/upstardigital.com\/it\/sobre-nos\/","og_locale":"it_IT","og_type":"article","og_title":"Sobre N\u00f3s -","og_description":"Esta \u00e9 uma p\u00e1gina de exemplo. \u00c9 diferente de um post no blog porque ela permanecer\u00e1 em um lugar e aparecer\u00e1 na navega\u00e7\u00e3o do seu site na maioria dos temas. Muitas pessoas come\u00e7am com uma p\u00e1gina que as apresenta a poss\u00edveis visitantes do site. Ela pode dizer algo assim: Ol\u00e1! Eu sou um mensageiro de [&hellip;]","og_url":"https:\/\/upstardigital.com\/it\/sobre-nos\/","article_modified_time":"2023-06-19T23:59:39+00:00","twitter_card":"summary_large_image","twitter_misc":{"Est. reading time":"1 minute"},"schema":{"@context":"https:\/\/schema.org","@graph":[{"@type":"WebPage","@id":"https:\/\/upstardigital.com\/sobre-nos\/","url":"https:\/\/upstardigital.com\/sobre-nos\/","name":"Chi siamo -","isPartOf":{"@id":"https:\/\/upstardigital.com\/#website"},"datePublished":"2023-06-19T13:34:28+00:00","dateModified":"2023-06-19T23:59:39+00:00","breadcrumb":{"@id":"https:\/\/upstardigital.com\/sobre-nos\/#breadcrumb"},"inLanguage":"it-IT","potentialAction":[{"@type":"ReadAction","target":["https:\/\/upstardigital.com\/sobre-nos\/"]}]},{"@type":"BreadcrumbList","@id":"https:\/\/upstardigital.com\/sobre-nos\/#breadcrumb","itemListElement":[{"@type":"ListItem","position":1,"name":"In\u00edcio","item":"https:\/\/upstardigital.com\/"},{"@type":"ListItem","position":2,"name":"Sobre N\u00f3s"}]},{"@type":"WebSite","@id":"https:\/\/upstardigital.com\/#website","url":"https:\/\/upstardigital.com\/","name":"","description":"","potentialAction":[{"@type":"SearchAction","target":{"@type":"EntryPoint","urlTemplate":"https:\/\/upstardigital.com\/?s={search_term_string}"},"query-input":{"@type":"PropertyValueSpecification","valueRequired":true,"valueName":"search_term_string"}}],"inLanguage":"it-IT"}]}},"_links":{"self":[{"href":"https:\/\/upstardigital.com\/it\/wp-json\/wp\/v2\/pages\/2","targetHints":{"allow":["GET"]}}],"collection":[{"href":"https:\/\/upstardigital.com\/it\/wp-json\/wp\/v2\/pages"}],"about":[{"href":"https:\/\/upstardigital.com\/it\/wp-json\/wp\/v2\/types\/page"}],"author":[{"embeddable":true,"href":"https:\/\/upstardigital.com\/it\/wp-json\/wp\/v2\/users\/3"}],"replies":[{"embeddable":true,"href":"https:\/\/upstardigital.com\/it\/wp-json\/wp\/v2\/comments?post=2"}],"version-history":[{"count":1,"href":"https:\/\/upstardigital.com\/it\/wp-json\/wp\/v2\/pages\/2\/revisions"}],"predecessor-version":[{"id":411,"href":"https:\/\/upstardigital.com\/it\/wp-json\/wp\/v2\/pages\/2\/revisions\/411"}],"wp:attachment":[{"href":"https:\/\/upstardigital.com\/it\/wp-json\/wp\/v2\/media?parent=2"}],"curies":[{"name":"wp","href":"https:\/\/api.w.org\/{rel}","templated":true}]}}