{"id":896,"date":"2024-08-01T13:11:46","date_gmt":"2024-08-01T16:11:46","guid":{"rendered":"https:\/\/upstardigital.com\/?page_id=896"},"modified":"2024-08-01T13:11:58","modified_gmt":"2024-08-01T16:11:58","slug":"disclaimer","status":"publish","type":"page","link":"https:\/\/upstardigital.com\/it_eu\/disclaimer\/","title":{"rendered":"Disclaimer"},"content":{"rendered":"<html><body><p><strong>Attenzione:<\/strong>\u00a0IL <strong>Up Star digitale<\/strong> non richiede denaro ai suoi utenti. Pertanto, se stai navigando nel sito e appare una finestra che ti chiede di farlo, comunicacelo e chiudi immediatamente il sito.<\/p>\n\n\n\n<p><strong>Note:<\/strong>\u00a0IL <strong>Up Star digitale<\/strong> \u00e8 un sito Web informativo che desidera sempre fornire contenuti di qualit\u00e0 ai propri utenti. Tuttavia, con la velocit\u00e0 con cui cambiano le informazioni, alcuni articoli potrebbero non essere aggiornati.<\/p>\n\n\n\n<p>Anche se ci sforziamo di mantenere aggiornato il nostro sito web, non siamo responsabili se qualcosa differisce da altri siti web.<\/p>\n\n\n\n<p><strong>Partner:<\/strong>\u00a0La principale fonte di reddito per <strong>Up Star digitale<\/strong> \u00e8 attraverso la pubblicit\u00e0. Attraverso i partner pubblicitari, il sito guadagna una quota dei profitti. Tuttavia, \u00e8 necessario chiarire che non siamo responsabili per gli annunci pubblicitari visualizzati su questo sito.<\/p>\n\n\n\n<p><strong>Considerazioni:<\/strong>\u00a0Se hai bisogno di informazioni di qualit\u00e0, assicurati di cercare <strong>Up Star digitale<\/strong> per quello. Tuttavia, tieni presente, ancora una volta, che gli articoli non sono sempre aggiornati. Pertanto, se hai bisogno di contenuti aggiornati, cerca il sito ufficiale.<\/p>\n<\/body><\/html>","protected":false},"excerpt":{"rendered":"<p>Aten\u00e7\u00e3o:\u00a0O Up Star Digital n\u00e3o solicita dinheiro para os seus usu\u00e1rios. Portanto, caso voc\u00ea esteja navegando no site e apare\u00e7a uma janela lhe solicitando isso, nos avise e feche o site imediatamente. Observa\u00e7\u00f5es:\u00a0O Up Star Digital \u00e9 um site informativo que deseja sempre fornecer conte\u00fado de qualidade aos seus usu\u00e1rios. Contudo, com a velocidade que [&hellip;]<\/p>\n","protected":false},"author":2,"featured_media":0,"parent":0,"menu_order":0,"comment_status":"closed","ping_status":"closed","template":"","meta":{"footnotes":""},"class_list":["post-896","page","type-page","status-publish","hentry"],"yoast_head":"<!-- This site is optimized with the Yoast SEO plugin v27.3 - https:\/\/yoast.com\/product\/yoast-seo-wordpress\/ -->\n<title>Disclaimer -<\/title>\n<meta name=\"robots\" content=\"index, follow, max-snippet:-1, max-image-preview:large, max-video-preview:-1\" \/>\n<link rel=\"canonical\" href=\"https:\/\/upstardigital.com\/it_eu\/disclaimer\/\" \/>\n<meta property=\"og:locale\" content=\"it_IT\" \/>\n<meta property=\"og:type\" content=\"article\" \/>\n<meta property=\"og:title\" content=\"Disclaimer -\" \/>\n<meta property=\"og:description\" content=\"Aten\u00e7\u00e3o:\u00a0O Up Star Digital n\u00e3o solicita dinheiro para os seus usu\u00e1rios. Portanto, caso voc\u00ea esteja navegando no site e apare\u00e7a uma janela lhe solicitando isso, nos avise e feche o site imediatamente. Observa\u00e7\u00f5es:\u00a0O Up Star Digital \u00e9 um site informativo que deseja sempre fornecer conte\u00fado de qualidade aos seus usu\u00e1rios. Contudo, com a velocidade que [&hellip;]\" \/>\n<meta property=\"og:url\" content=\"https:\/\/upstardigital.com\/it_eu\/disclaimer\/\" \/>\n<meta property=\"article:modified_time\" content=\"2024-08-01T16:11:58+00:00\" \/>\n<meta name=\"twitter:card\" content=\"summary_large_image\" \/>\n<meta name=\"twitter:label1\" content=\"Est. reading time\" \/>\n\t<meta name=\"twitter:data1\" content=\"1 minute\" \/>\n<script type=\"application\/ld+json\" class=\"yoast-schema-graph\">{\"@context\":\"https:\\\/\\\/schema.org\",\"@graph\":[{\"@type\":\"WebPage\",\"@id\":\"https:\\\/\\\/upstardigital.com\\\/disclaimer\\\/\",\"url\":\"https:\\\/\\\/upstardigital.com\\\/disclaimer\\\/\",\"name\":\"Disclaimer -\",\"isPartOf\":{\"@id\":\"https:\\\/\\\/upstardigital.com\\\/#website\"},\"datePublished\":\"2024-08-01T16:11:46+00:00\",\"dateModified\":\"2024-08-01T16:11:58+00:00\",\"breadcrumb\":{\"@id\":\"https:\\\/\\\/upstardigital.com\\\/disclaimer\\\/#breadcrumb\"},\"inLanguage\":\"it-eu\",\"potentialAction\":[{\"@type\":\"ReadAction\",\"target\":[\"https:\\\/\\\/upstardigital.com\\\/disclaimer\\\/\"]}]},{\"@type\":\"BreadcrumbList\",\"@id\":\"https:\\\/\\\/upstardigital.com\\\/disclaimer\\\/#breadcrumb\",\"itemListElement\":[{\"@type\":\"ListItem\",\"position\":1,\"name\":\"In\u00edcio\",\"item\":\"https:\\\/\\\/upstardigital.com\\\/\"},{\"@type\":\"ListItem\",\"position\":2,\"name\":\"Disclaimer\"}]},{\"@type\":\"WebSite\",\"@id\":\"https:\\\/\\\/upstardigital.com\\\/#website\",\"url\":\"https:\\\/\\\/upstardigital.com\\\/\",\"name\":\"\",\"description\":\"\",\"potentialAction\":[{\"@type\":\"SearchAction\",\"target\":{\"@type\":\"EntryPoint\",\"urlTemplate\":\"https:\\\/\\\/upstardigital.com\\\/?s={search_term_string}\"},\"query-input\":{\"@type\":\"PropertyValueSpecification\",\"valueRequired\":true,\"valueName\":\"search_term_string\"}}],\"inLanguage\":\"it-eu\"}]}<\/script>\n<!-- \/ Yoast SEO plugin. -->","yoast_head_json":{"title":"Disclaimer -","robots":{"index":"index","follow":"follow","max-snippet":"max-snippet:-1","max-image-preview":"max-image-preview:large","max-video-preview":"max-video-preview:-1"},"canonical":"https:\/\/upstardigital.com\/it_eu\/disclaimer\/","og_locale":"it_IT","og_type":"article","og_title":"Disclaimer -","og_description":"Aten\u00e7\u00e3o:\u00a0O Up Star Digital n\u00e3o solicita dinheiro para os seus usu\u00e1rios. Portanto, caso voc\u00ea esteja navegando no site e apare\u00e7a uma janela lhe solicitando isso, nos avise e feche o site imediatamente. Observa\u00e7\u00f5es:\u00a0O Up Star Digital \u00e9 um site informativo que deseja sempre fornecer conte\u00fado de qualidade aos seus usu\u00e1rios. Contudo, com a velocidade que [&hellip;]","og_url":"https:\/\/upstardigital.com\/it_eu\/disclaimer\/","article_modified_time":"2024-08-01T16:11:58+00:00","twitter_card":"summary_large_image","twitter_misc":{"Est. reading time":"1 minute"},"schema":{"@context":"https:\/\/schema.org","@graph":[{"@type":"WebPage","@id":"https:\/\/upstardigital.com\/disclaimer\/","url":"https:\/\/upstardigital.com\/disclaimer\/","name":"Disclaimer -","isPartOf":{"@id":"https:\/\/upstardigital.com\/#website"},"datePublished":"2024-08-01T16:11:46+00:00","dateModified":"2024-08-01T16:11:58+00:00","breadcrumb":{"@id":"https:\/\/upstardigital.com\/disclaimer\/#breadcrumb"},"inLanguage":"it-eu","potentialAction":[{"@type":"ReadAction","target":["https:\/\/upstardigital.com\/disclaimer\/"]}]},{"@type":"BreadcrumbList","@id":"https:\/\/upstardigital.com\/disclaimer\/#breadcrumb","itemListElement":[{"@type":"ListItem","position":1,"name":"In\u00edcio","item":"https:\/\/upstardigital.com\/"},{"@type":"ListItem","position":2,"name":"Disclaimer"}]},{"@type":"WebSite","@id":"https:\/\/upstardigital.com\/#website","url":"https:\/\/upstardigital.com\/","name":"","description":"","potentialAction":[{"@type":"SearchAction","target":{"@type":"EntryPoint","urlTemplate":"https:\/\/upstardigital.com\/?s={search_term_string}"},"query-input":{"@type":"PropertyValueSpecification","valueRequired":true,"valueName":"search_term_string"}}],"inLanguage":"it-eu"}]}},"_links":{"self":[{"href":"https:\/\/upstardigital.com\/it_eu\/wp-json\/wp\/v2\/pages\/896","targetHints":{"allow":["GET"]}}],"collection":[{"href":"https:\/\/upstardigital.com\/it_eu\/wp-json\/wp\/v2\/pages"}],"about":[{"href":"https:\/\/upstardigital.com\/it_eu\/wp-json\/wp\/v2\/types\/page"}],"author":[{"embeddable":true,"href":"https:\/\/upstardigital.com\/it_eu\/wp-json\/wp\/v2\/users\/2"}],"replies":[{"embeddable":true,"href":"https:\/\/upstardigital.com\/it_eu\/wp-json\/wp\/v2\/comments?post=896"}],"version-history":[{"count":1,"href":"https:\/\/upstardigital.com\/it_eu\/wp-json\/wp\/v2\/pages\/896\/revisions"}],"predecessor-version":[{"id":897,"href":"https:\/\/upstardigital.com\/it_eu\/wp-json\/wp\/v2\/pages\/896\/revisions\/897"}],"wp:attachment":[{"href":"https:\/\/upstardigital.com\/it_eu\/wp-json\/wp\/v2\/media?parent=896"}],"curies":[{"name":"wp","href":"https:\/\/api.w.org\/{rel}","templated":true}]}}