{"id":892,"date":"2024-08-01T13:05:54","date_gmt":"2024-08-01T16:05:54","guid":{"rendered":"https:\/\/upstardigital.com\/?page_id=892"},"modified":"2024-08-01T13:05:54","modified_gmt":"2024-08-01T16:05:54","slug":"quem-somos","status":"publish","type":"page","link":"https:\/\/upstardigital.com\/pt\/quem-somos\/","title":{"rendered":"Quem somos"},"content":{"rendered":"<html><body><p>Bem-vindo ao <strong>Up Star Digital<\/strong>! Antes de prosseguir com a utiliza\u00e7\u00e3o deste site, \u00e9 importante que voc\u00ea leia atentamente os termos de uso abaixo. Ao acessar ou utilizar este site, voc\u00ea concorda em respeitar e estar vinculado a estes termos. Se voc\u00ea n\u00e3o concorda com estes termos, por favor, n\u00e3o utilize o site.<\/p>\n\n\n\n<ol class=\"wp-block-list\">\n<li><strong>Objetivo do Up Star Digital:<\/strong>\u00a0Somos uma plataforma dedicada a fornecer conte\u00fado de qualidade e conhecimento para nossos usu\u00e1rios. Nossa miss\u00e3o \u00e9 utilizar a tecnologia de forma eficaz para levar informa\u00e7\u00f5es valiosas e relevantes para todas as partes do mundo.<\/li>\n\n\n\n<li><strong>Equipe Qualificada:<\/strong>\u00a0Nosso site \u00e9 gerenciado por uma equipe de redatores experientes e qualificados, com conhecimento aprofundado sobre os temas e categorias abordados em nossas publica\u00e7\u00f5es. Nosso objetivo \u00e9 garantir que o conte\u00fado que oferecemos seja informativo, preciso e de alta qualidade.<\/li>\n\n\n\n<li><strong>Conte\u00fado Diversificado:<\/strong>\u00a0Ao acessar nosso site, voc\u00ea ter\u00e1 a oportunidade de adquirir conhecimento em uma variedade de temas, tanto a n\u00edvel nacional quanto internacional. Nosso objetivo \u00e9 fornecer informa\u00e7\u00f5es que sejam relevantes e interessantes para nossos usu\u00e1rios em diferentes \u00e1reas de interesse.<\/li>\n\n\n\n<li><strong>Responsabilidade do Usu\u00e1rio:<\/strong>\u00a0O uso de qualquer informa\u00e7\u00e3o ou material neste site \u00e9 de responsabilidade do usu\u00e1rio. N\u00e3o garantimos a precis\u00e3o, atualidade, integridade ou adequa\u00e7\u00e3o das informa\u00e7\u00f5es e materiais encontrados ou oferecidos neste site para qualquer finalidade espec\u00edfica.<\/li>\n\n\n\n<li><strong>Modifica\u00e7\u00f5es nos Termos de Uso:<\/strong>\u00a0Podemos revisar estes termos de uso a qualquer momento sem aviso pr\u00e9vio. Ao usar este site, voc\u00ea concorda em ficar vinculado \u00e0 vers\u00e3o atual dos termos de uso.<\/li>\n<\/ol>\n\n\n\n<p>Ao acessar ou utilizar este site, voc\u00ea concorda com estes termos de uso. Se voc\u00ea tiver alguma d\u00favida ou preocupa\u00e7\u00e3o sobre estes termos, entre em contato conosco. Agradecemos por visitar o <strong>Up Star Digital<\/strong>!<\/p>\n<\/body><\/html>","protected":false},"excerpt":{"rendered":"<p>Bem-vindo ao Up Star Digital! Antes de prosseguir com a utiliza\u00e7\u00e3o deste site, \u00e9 importante que voc\u00ea leia atentamente os termos de uso abaixo. Ao acessar ou utilizar este site, voc\u00ea concorda em respeitar e estar vinculado a estes termos. Se voc\u00ea n\u00e3o concorda com estes termos, por favor, n\u00e3o utilize o site. Ao acessar [&hellip;]<\/p>\n","protected":false},"author":2,"featured_media":0,"parent":0,"menu_order":0,"comment_status":"closed","ping_status":"closed","template":"","meta":{"footnotes":""},"class_list":["post-892","page","type-page","status-publish","hentry"],"yoast_head":"<!-- This site is optimized with the Yoast SEO plugin v27.3 - https:\/\/yoast.com\/product\/yoast-seo-wordpress\/ -->\n<title>Quem somos -<\/title>\n<meta name=\"robots\" content=\"index, follow, max-snippet:-1, max-image-preview:large, max-video-preview:-1\" \/>\n<link rel=\"canonical\" href=\"https:\/\/upstardigital.com\/pt\/quem-somos\/\" \/>\n<meta property=\"og:locale\" content=\"pt_PT\" \/>\n<meta property=\"og:type\" content=\"article\" \/>\n<meta property=\"og:title\" content=\"Quem somos -\" \/>\n<meta property=\"og:description\" content=\"Bem-vindo ao Up Star Digital! Antes de prosseguir com a utiliza\u00e7\u00e3o deste site, \u00e9 importante que voc\u00ea leia atentamente os termos de uso abaixo. Ao acessar ou utilizar este site, voc\u00ea concorda em respeitar e estar vinculado a estes termos. Se voc\u00ea n\u00e3o concorda com estes termos, por favor, n\u00e3o utilize o site. Ao acessar [&hellip;]\" \/>\n<meta property=\"og:url\" content=\"https:\/\/upstardigital.com\/pt\/quem-somos\/\" \/>\n<meta name=\"twitter:card\" content=\"summary_large_image\" \/>\n<meta name=\"twitter:label1\" content=\"Est. reading time\" \/>\n\t<meta name=\"twitter:data1\" content=\"2 minutes\" \/>\n<script type=\"application\/ld+json\" class=\"yoast-schema-graph\">{\"@context\":\"https:\\\/\\\/schema.org\",\"@graph\":[{\"@type\":\"WebPage\",\"@id\":\"https:\\\/\\\/upstardigital.com\\\/quem-somos\\\/\",\"url\":\"https:\\\/\\\/upstardigital.com\\\/quem-somos\\\/\",\"name\":\"Quem somos -\",\"isPartOf\":{\"@id\":\"https:\\\/\\\/upstardigital.com\\\/#website\"},\"datePublished\":\"2024-08-01T16:05:54+00:00\",\"breadcrumb\":{\"@id\":\"https:\\\/\\\/upstardigital.com\\\/quem-somos\\\/#breadcrumb\"},\"inLanguage\":\"pt-br\",\"potentialAction\":[{\"@type\":\"ReadAction\",\"target\":[\"https:\\\/\\\/upstardigital.com\\\/quem-somos\\\/\"]}]},{\"@type\":\"BreadcrumbList\",\"@id\":\"https:\\\/\\\/upstardigital.com\\\/quem-somos\\\/#breadcrumb\",\"itemListElement\":[{\"@type\":\"ListItem\",\"position\":1,\"name\":\"In\u00edcio\",\"item\":\"https:\\\/\\\/upstardigital.com\\\/\"},{\"@type\":\"ListItem\",\"position\":2,\"name\":\"Quem somos\"}]},{\"@type\":\"WebSite\",\"@id\":\"https:\\\/\\\/upstardigital.com\\\/#website\",\"url\":\"https:\\\/\\\/upstardigital.com\\\/\",\"name\":\"\",\"description\":\"\",\"potentialAction\":[{\"@type\":\"SearchAction\",\"target\":{\"@type\":\"EntryPoint\",\"urlTemplate\":\"https:\\\/\\\/upstardigital.com\\\/?s={search_term_string}\"},\"query-input\":{\"@type\":\"PropertyValueSpecification\",\"valueRequired\":true,\"valueName\":\"search_term_string\"}}],\"inLanguage\":\"pt-br\"}]}<\/script>\n<!-- \/ Yoast SEO plugin. -->","yoast_head_json":{"title":"Quem somos -","robots":{"index":"index","follow":"follow","max-snippet":"max-snippet:-1","max-image-preview":"max-image-preview:large","max-video-preview":"max-video-preview:-1"},"canonical":"https:\/\/upstardigital.com\/pt\/quem-somos\/","og_locale":"pt_PT","og_type":"article","og_title":"Quem somos -","og_description":"Bem-vindo ao Up Star Digital! Antes de prosseguir com a utiliza\u00e7\u00e3o deste site, \u00e9 importante que voc\u00ea leia atentamente os termos de uso abaixo. Ao acessar ou utilizar este site, voc\u00ea concorda em respeitar e estar vinculado a estes termos. Se voc\u00ea n\u00e3o concorda com estes termos, por favor, n\u00e3o utilize o site. Ao acessar [&hellip;]","og_url":"https:\/\/upstardigital.com\/pt\/quem-somos\/","twitter_card":"summary_large_image","twitter_misc":{"Est. reading time":"2 minutes"},"schema":{"@context":"https:\/\/schema.org","@graph":[{"@type":"WebPage","@id":"https:\/\/upstardigital.com\/quem-somos\/","url":"https:\/\/upstardigital.com\/quem-somos\/","name":"Quem somos -","isPartOf":{"@id":"https:\/\/upstardigital.com\/#website"},"datePublished":"2024-08-01T16:05:54+00:00","breadcrumb":{"@id":"https:\/\/upstardigital.com\/quem-somos\/#breadcrumb"},"inLanguage":"pt-br","potentialAction":[{"@type":"ReadAction","target":["https:\/\/upstardigital.com\/quem-somos\/"]}]},{"@type":"BreadcrumbList","@id":"https:\/\/upstardigital.com\/quem-somos\/#breadcrumb","itemListElement":[{"@type":"ListItem","position":1,"name":"In\u00edcio","item":"https:\/\/upstardigital.com\/"},{"@type":"ListItem","position":2,"name":"Quem somos"}]},{"@type":"WebSite","@id":"https:\/\/upstardigital.com\/#website","url":"https:\/\/upstardigital.com\/","name":"","description":"","potentialAction":[{"@type":"SearchAction","target":{"@type":"EntryPoint","urlTemplate":"https:\/\/upstardigital.com\/?s={search_term_string}"},"query-input":{"@type":"PropertyValueSpecification","valueRequired":true,"valueName":"search_term_string"}}],"inLanguage":"pt-br"}]}},"_links":{"self":[{"href":"https:\/\/upstardigital.com\/pt\/wp-json\/wp\/v2\/pages\/892","targetHints":{"allow":["GET"]}}],"collection":[{"href":"https:\/\/upstardigital.com\/pt\/wp-json\/wp\/v2\/pages"}],"about":[{"href":"https:\/\/upstardigital.com\/pt\/wp-json\/wp\/v2\/types\/page"}],"author":[{"embeddable":true,"href":"https:\/\/upstardigital.com\/pt\/wp-json\/wp\/v2\/users\/2"}],"replies":[{"embeddable":true,"href":"https:\/\/upstardigital.com\/pt\/wp-json\/wp\/v2\/comments?post=892"}],"version-history":[{"count":1,"href":"https:\/\/upstardigital.com\/pt\/wp-json\/wp\/v2\/pages\/892\/revisions"}],"predecessor-version":[{"id":893,"href":"https:\/\/upstardigital.com\/pt\/wp-json\/wp\/v2\/pages\/892\/revisions\/893"}],"wp:attachment":[{"href":"https:\/\/upstardigital.com\/pt\/wp-json\/wp\/v2\/media?parent=892"}],"curies":[{"name":"wp","href":"https:\/\/api.w.org\/{rel}","templated":true}]}}