{"id":2,"date":"2023-06-19T10:34:28","date_gmt":"2023-06-19T13:34:28","guid":{"rendered":"https:\/\/upstardigital.com\/?page_id=2"},"modified":"2023-06-19T20:59:39","modified_gmt":"2023-06-19T23:59:39","slug":"sobre-nos","status":"publish","type":"page","link":"https:\/\/upstardigital.com\/ru_eu\/sobre-nos\/","title":{"rendered":"\u041e \u043d\u0430\u0441"},"content":{"rendered":"<html><body><p>\u042d\u0442\u043e \u043f\u0440\u0438\u043c\u0435\u0440 \u0441\u0442\u0440\u0430\u043d\u0438\u0446\u044b. \u041e\u043d \u043e\u0442\u043b\u0438\u0447\u0430\u0435\u0442\u0441\u044f \u043e\u0442 \u043f\u0443\u0431\u043b\u0438\u043a\u0430\u0446\u0438\u0438 \u0432 \u0431\u043b\u043e\u0433\u0435, \u043f\u043e\u0441\u043a\u043e\u043b\u044c\u043a\u0443 \u043e\u0441\u0442\u0430\u0435\u0442\u0441\u044f \u0432 \u043e\u0434\u043d\u043e\u043c \u043c\u0435\u0441\u0442\u0435 \u0438 \u043e\u0442\u043e\u0431\u0440\u0430\u0436\u0430\u0435\u0442\u0441\u044f \u0432 \u043d\u0430\u0432\u0438\u0433\u0430\u0446\u0438\u0438 \u0432\u0430\u0448\u0435\u0433\u043e \u0441\u0430\u0439\u0442\u0430 \u043f\u043e \u0431\u043e\u043b\u044c\u0448\u0438\u043d\u0441\u0442\u0432\u0443 \u0442\u0435\u043c. \u041c\u043d\u043e\u0433\u0438\u0435 \u043b\u044e\u0434\u0438 \u043d\u0430\u0447\u0438\u043d\u0430\u044e\u0442 \u0441\u043e \u0441\u0442\u0440\u0430\u043d\u0438\u0446\u044b, \u043a\u043e\u0442\u043e\u0440\u0430\u044f \u043f\u0440\u0435\u0434\u0441\u0442\u0430\u0432\u043b\u044f\u0435\u0442 \u0438\u0445 \u043f\u043e\u0442\u0435\u043d\u0446\u0438\u0430\u043b\u044c\u043d\u044b\u043c \u043f\u043e\u0441\u0435\u0442\u0438\u0442\u0435\u043b\u044f\u043c \u0441\u0430\u0439\u0442\u0430. \u041e\u043d\u0430 \u043c\u043e\u0433\u043b\u0430 \u0431\u044b \u0441\u043a\u0430\u0437\u0430\u0442\u044c \u0447\u0442\u043e-\u0442\u043e \u0432\u0440\u043e\u0434\u0435 \u044d\u0442\u043e\u0433\u043e:<\/p>\n\n\n\n<blockquote class=\"wp-block-quote is-layout-flow wp-block-quote-is-layout-flow\"><p>\u041f\u0440\u0438\u0432\u0435\u0442! \u0414\u043d\u0435\u043c \u044f \u043f\u043e\u0441\u044b\u043b\u044c\u043d\u044b\u0439 \u043d\u0430 \u0432\u0435\u043b\u043e\u0441\u0438\u043f\u0435\u0434\u0435, \u0430 \u043d\u043e\u0447\u044c\u044e \u043d\u0430\u0447\u0438\u043d\u0430\u044e\u0449\u0438\u0439 \u0430\u043a\u0442\u0435\u0440, \u0438 \u044d\u0442\u043e \u043c\u043e\u0439 \u0441\u0430\u0439\u0442. \u042f \u0436\u0438\u0432\u0443 \u0432 \u0421\u0430\u043d-\u041f\u0430\u0443\u043b\u0443, \u0443 \u043c\u0435\u043d\u044f \u0435\u0441\u0442\u044c \u0431\u043e\u043b\u044c\u0448\u0430\u044f \u0441\u043e\u0431\u0430\u043a\u0430 \u043f\u043e \u0438\u043c\u0435\u043d\u0438 \u0420\u0435\u043a\u0441, \u0438 \u044f \u043b\u044e\u0431\u043b\u044e \u043f\u0438\u0442\u044c \u043a\u0430\u0439\u043f\u0438\u0440\u0438\u043d\u044c\u044e (\u0438 \u0442\u0440\u043e\u043f\u0438\u0447\u0435\u0441\u043a\u0438\u0439 \u0434\u0443\u0448).<\/p><\/blockquote>\n\n\n\n<p>\u2026ou alguma coisa assim:<\/p>\n\n\n\n<blockquote class=\"wp-block-quote is-layout-flow wp-block-quote-is-layout-flow\"><p>\u041a\u043e\u043c\u043f\u0430\u043d\u0438\u044f XYZ Miniatures \u0431\u044b\u043b\u0430 \u043e\u0441\u043d\u043e\u0432\u0430\u043d\u0430 \u0432 1971 \u0433\u043e\u0434\u0443 \u0438 \u0441 \u0442\u0435\u0445 \u043f\u043e\u0440 \u043f\u043e\u0441\u0442\u0430\u0432\u043b\u044f\u0435\u0442 \u043d\u0430\u0441\u0435\u043b\u0435\u043d\u0438\u044e \u043a\u0430\u0447\u0435\u0441\u0442\u0432\u0435\u043d\u043d\u044b\u0435 \u043c\u0438\u043d\u0438\u0430\u0442\u044e\u0440\u044b. \u0412 \u043a\u043e\u043c\u043f\u0430\u043d\u0438\u0438 XYZ, \u0440\u0430\u0441\u043f\u043e\u043b\u043e\u0436\u0435\u043d\u043d\u043e\u0439 \u0432 \u0433\u043e\u0440\u043e\u0434\u0435 \u0418\u0442\u0443, \u0440\u0430\u0431\u043e\u0442\u0430\u044e\u0442 \u0431\u043e\u043b\u0435\u0435 2000 \u0447\u0435\u043b\u043e\u0432\u0435\u043a, \u0438 \u043e\u043d\u0430 \u0434\u0435\u043b\u0430\u0435\u0442 \u043c\u043d\u043e\u0433\u043e \u043f\u043e\u043b\u0435\u0437\u043d\u043e\u0433\u043e \u0434\u043b\u044f \u043c\u0435\u0441\u0442\u043d\u043e\u0433\u043e \u043d\u0430\u0441\u0435\u043b\u0435\u043d\u0438\u044f.<\/p><\/blockquote>\n\n\n\n<p>\u041a\u0430\u043a \u043d\u043e\u0432\u044b\u0439 \u043f\u043e\u043b\u044c\u0437\u043e\u0432\u0430\u0442\u0435\u043b\u044c WordPress, \u0432\u0430\u043c \u0441\u043b\u0435\u0434\u0443\u0435\u0442 \u043f\u0435\u0440\u0435\u0439\u0442\u0438 \u043d\u0430 <a href=\"https:\/\/upstardigital.com\/wp-admin\/\">\u043f\u0430\u043d\u0435\u043b\u044c<\/a> \u0443\u0434\u0430\u043b\u0438\u0442\u044c \u044d\u0442\u0443 \u0441\u0442\u0440\u0430\u043d\u0438\u0446\u0443 \u0438 \u0441\u043e\u0437\u0434\u0430\u0442\u044c \u043d\u043e\u0432\u044b\u0435 \u0441\u0442\u0440\u0430\u043d\u0438\u0446\u044b \u0434\u043b\u044f \u0432\u0430\u0448\u0435\u0433\u043e \u043a\u043e\u043d\u0442\u0435\u043d\u0442\u0430. \u0412\u0435\u0441\u0435\u043b\u0438\u0442\u044c\u0441\u044f!<\/p>\n<\/body><\/html>","protected":false},"excerpt":{"rendered":"<p>Esta \u00e9 uma p\u00e1gina de exemplo. \u00c9 diferente de um post no blog porque ela permanecer\u00e1 em um lugar e aparecer\u00e1 na navega\u00e7\u00e3o do seu site na maioria dos temas. Muitas pessoas come\u00e7am com uma p\u00e1gina que as apresenta a poss\u00edveis visitantes do site. Ela pode dizer algo assim: Ol\u00e1! Eu sou um mensageiro de [&hellip;]<\/p>\n","protected":false},"author":3,"featured_media":0,"parent":0,"menu_order":0,"comment_status":"closed","ping_status":"closed","template":"","meta":{"footnotes":""},"class_list":["post-2","page","type-page","status-publish","hentry"],"yoast_head":"<!-- This site is optimized with the Yoast SEO plugin v27.3 - https:\/\/yoast.com\/product\/yoast-seo-wordpress\/ -->\n<title>Sobre N\u00f3s -<\/title>\n<meta name=\"robots\" content=\"index, follow, max-snippet:-1, max-image-preview:large, max-video-preview:-1\" \/>\n<link rel=\"canonical\" href=\"https:\/\/upstardigital.com\/ru_eu\/sobre-nos\/\" \/>\n<meta property=\"og:locale\" content=\"ru_RU\" \/>\n<meta property=\"og:type\" content=\"article\" \/>\n<meta property=\"og:title\" content=\"Sobre N\u00f3s -\" \/>\n<meta property=\"og:description\" content=\"Esta \u00e9 uma p\u00e1gina de exemplo. \u00c9 diferente de um post no blog porque ela permanecer\u00e1 em um lugar e aparecer\u00e1 na navega\u00e7\u00e3o do seu site na maioria dos temas. Muitas pessoas come\u00e7am com uma p\u00e1gina que as apresenta a poss\u00edveis visitantes do site. Ela pode dizer algo assim: Ol\u00e1! Eu sou um mensageiro de [&hellip;]\" \/>\n<meta property=\"og:url\" content=\"https:\/\/upstardigital.com\/ru_eu\/sobre-nos\/\" \/>\n<meta property=\"article:modified_time\" content=\"2023-06-19T23:59:39+00:00\" \/>\n<meta name=\"twitter:card\" content=\"summary_large_image\" \/>\n<meta name=\"twitter:label1\" content=\"Est. reading time\" \/>\n\t<meta name=\"twitter:data1\" content=\"1 minute\" \/>\n<script type=\"application\/ld+json\" class=\"yoast-schema-graph\">{\"@context\":\"https:\\\/\\\/schema.org\",\"@graph\":[{\"@type\":\"WebPage\",\"@id\":\"https:\\\/\\\/upstardigital.com\\\/sobre-nos\\\/\",\"url\":\"https:\\\/\\\/upstardigital.com\\\/sobre-nos\\\/\",\"name\":\"Sobre N\u00f3s -\",\"isPartOf\":{\"@id\":\"https:\\\/\\\/upstardigital.com\\\/#website\"},\"datePublished\":\"2023-06-19T13:34:28+00:00\",\"dateModified\":\"2023-06-19T23:59:39+00:00\",\"breadcrumb\":{\"@id\":\"https:\\\/\\\/upstardigital.com\\\/sobre-nos\\\/#breadcrumb\"},\"inLanguage\":\"ru-eu\",\"potentialAction\":[{\"@type\":\"ReadAction\",\"target\":[\"https:\\\/\\\/upstardigital.com\\\/sobre-nos\\\/\"]}]},{\"@type\":\"BreadcrumbList\",\"@id\":\"https:\\\/\\\/upstardigital.com\\\/sobre-nos\\\/#breadcrumb\",\"itemListElement\":[{\"@type\":\"ListItem\",\"position\":1,\"name\":\"In\u00edcio\",\"item\":\"https:\\\/\\\/upstardigital.com\\\/\"},{\"@type\":\"ListItem\",\"position\":2,\"name\":\"Sobre N\u00f3s\"}]},{\"@type\":\"WebSite\",\"@id\":\"https:\\\/\\\/upstardigital.com\\\/#website\",\"url\":\"https:\\\/\\\/upstardigital.com\\\/\",\"name\":\"\",\"description\":\"\",\"potentialAction\":[{\"@type\":\"SearchAction\",\"target\":{\"@type\":\"EntryPoint\",\"urlTemplate\":\"https:\\\/\\\/upstardigital.com\\\/?s={search_term_string}\"},\"query-input\":{\"@type\":\"PropertyValueSpecification\",\"valueRequired\":true,\"valueName\":\"search_term_string\"}}],\"inLanguage\":\"ru-eu\"}]}<\/script>\n<!-- \/ Yoast SEO plugin. -->","yoast_head_json":{"title":"\u041e \u043d\u0430\u0441 -","robots":{"index":"index","follow":"follow","max-snippet":"max-snippet:-1","max-image-preview":"max-image-preview:large","max-video-preview":"max-video-preview:-1"},"canonical":"https:\/\/upstardigital.com\/ru_eu\/sobre-nos\/","og_locale":"ru_RU","og_type":"article","og_title":"Sobre N\u00f3s -","og_description":"Esta \u00e9 uma p\u00e1gina de exemplo. \u00c9 diferente de um post no blog porque ela permanecer\u00e1 em um lugar e aparecer\u00e1 na navega\u00e7\u00e3o do seu site na maioria dos temas. Muitas pessoas come\u00e7am com uma p\u00e1gina que as apresenta a poss\u00edveis visitantes do site. Ela pode dizer algo assim: Ol\u00e1! Eu sou um mensageiro de [&hellip;]","og_url":"https:\/\/upstardigital.com\/ru_eu\/sobre-nos\/","article_modified_time":"2023-06-19T23:59:39+00:00","twitter_card":"summary_large_image","twitter_misc":{"Est. reading time":"1 minute"},"schema":{"@context":"https:\/\/schema.org","@graph":[{"@type":"WebPage","@id":"https:\/\/upstardigital.com\/sobre-nos\/","url":"https:\/\/upstardigital.com\/sobre-nos\/","name":"\u041e \u043d\u0430\u0441 -","isPartOf":{"@id":"https:\/\/upstardigital.com\/#website"},"datePublished":"2023-06-19T13:34:28+00:00","dateModified":"2023-06-19T23:59:39+00:00","breadcrumb":{"@id":"https:\/\/upstardigital.com\/sobre-nos\/#breadcrumb"},"inLanguage":"ru-eu","potentialAction":[{"@type":"ReadAction","target":["https:\/\/upstardigital.com\/sobre-nos\/"]}]},{"@type":"BreadcrumbList","@id":"https:\/\/upstardigital.com\/sobre-nos\/#breadcrumb","itemListElement":[{"@type":"ListItem","position":1,"name":"In\u00edcio","item":"https:\/\/upstardigital.com\/"},{"@type":"ListItem","position":2,"name":"Sobre N\u00f3s"}]},{"@type":"WebSite","@id":"https:\/\/upstardigital.com\/#website","url":"https:\/\/upstardigital.com\/","name":"","description":"","potentialAction":[{"@type":"SearchAction","target":{"@type":"EntryPoint","urlTemplate":"https:\/\/upstardigital.com\/?s={search_term_string}"},"query-input":{"@type":"PropertyValueSpecification","valueRequired":true,"valueName":"search_term_string"}}],"inLanguage":"ru-eu"}]}},"_links":{"self":[{"href":"https:\/\/upstardigital.com\/ru_eu\/wp-json\/wp\/v2\/pages\/2","targetHints":{"allow":["GET"]}}],"collection":[{"href":"https:\/\/upstardigital.com\/ru_eu\/wp-json\/wp\/v2\/pages"}],"about":[{"href":"https:\/\/upstardigital.com\/ru_eu\/wp-json\/wp\/v2\/types\/page"}],"author":[{"embeddable":true,"href":"https:\/\/upstardigital.com\/ru_eu\/wp-json\/wp\/v2\/users\/3"}],"replies":[{"embeddable":true,"href":"https:\/\/upstardigital.com\/ru_eu\/wp-json\/wp\/v2\/comments?post=2"}],"version-history":[{"count":1,"href":"https:\/\/upstardigital.com\/ru_eu\/wp-json\/wp\/v2\/pages\/2\/revisions"}],"predecessor-version":[{"id":411,"href":"https:\/\/upstardigital.com\/ru_eu\/wp-json\/wp\/v2\/pages\/2\/revisions\/411"}],"wp:attachment":[{"href":"https:\/\/upstardigital.com\/ru_eu\/wp-json\/wp\/v2\/media?parent=2"}],"curies":[{"name":"WP","href":"https:\/\/api.w.org\/{rel}","templated":true}]}}