{"id":896,"date":"2024-08-01T13:11:46","date_gmt":"2024-08-01T16:11:46","guid":{"rendered":"https:\/\/upstardigital.com\/?page_id=896"},"modified":"2024-08-01T13:11:58","modified_gmt":"2024-08-01T16:11:58","slug":"disclaimer","status":"publish","type":"page","link":"https:\/\/upstardigital.com\/ru_eu\/disclaimer\/","title":{"rendered":"\u041e\u0442\u043a\u0430\u0437 \u043e\u0442 \u043e\u0442\u0432\u0435\u0442\u0441\u0442\u0432\u0435\u043d\u043d\u043e\u0441\u0442\u0438"},"content":{"rendered":"<html><body><p><strong>\u0412\u043d\u0438\u043c\u0430\u043d\u0438\u0435:<\/strong>\u00a0\u0422\u041e <strong>\u0412\u0432\u0435\u0440\u0445 \u0417\u0432\u0435\u0437\u0434\u0430 \u0426\u0438\u0444\u0440\u043e\u0432\u043e\u0439<\/strong> \u043d\u0435 \u0442\u0440\u0435\u0431\u0443\u0435\u0442 \u0434\u0435\u043d\u0435\u0433 \u043e\u0442 \u0441\u0432\u043e\u0438\u0445 \u043f\u043e\u043b\u044c\u0437\u043e\u0432\u0430\u0442\u0435\u043b\u0435\u0439. \u041f\u043e\u044d\u0442\u043e\u043c\u0443, \u0435\u0441\u043b\u0438 \u0432\u044b \u043f\u0440\u043e\u0441\u043c\u0430\u0442\u0440\u0438\u0432\u0430\u0435\u0442\u0435 \u0432\u0435\u0431-\u0441\u0430\u0439\u0442 \u0438 \u043f\u043e\u044f\u0432\u043b\u044f\u0435\u0442\u0441\u044f \u043e\u043a\u043d\u043e \u0441 \u043f\u0440\u043e\u0441\u044c\u0431\u043e\u0439 \u0441\u0434\u0435\u043b\u0430\u0442\u044c \u044d\u0442\u043e, \u0441\u043e\u043e\u0431\u0449\u0438\u0442\u0435 \u043d\u0430\u043c \u043e\u0431 \u044d\u0442\u043e\u043c \u0438 \u043d\u0435\u043c\u0435\u0434\u043b\u0435\u043d\u043d\u043e \u0437\u0430\u043a\u0440\u043e\u0439\u0442\u0435 \u0432\u0435\u0431-\u0441\u0430\u0439\u0442.<\/p>\n\n\n\n<p><strong>\u041f\u0440\u0438\u043c\u0435\u0447\u0430\u043d\u0438\u044f:<\/strong>\u00a0\u0422\u041e <strong>\u0412\u0432\u0435\u0440\u0445 \u0417\u0432\u0435\u0437\u0434\u0430 \u0426\u0438\u0444\u0440\u043e\u0432\u043e\u0439<\/strong> \u2014 \u044d\u0442\u043e \u0438\u043d\u0444\u043e\u0440\u043c\u0430\u0442\u0438\u0432\u043d\u044b\u0439 \u0432\u0435\u0431-\u0441\u0430\u0439\u0442, \u043a\u043e\u0442\u043e\u0440\u044b\u0439 \u0432\u0441\u0435\u0433\u0434\u0430 \u0441\u0442\u0440\u0435\u043c\u0438\u0442\u0441\u044f \u043f\u0440\u0435\u0434\u043e\u0441\u0442\u0430\u0432\u043b\u044f\u0442\u044c \u0441\u0432\u043e\u0438\u043c \u043f\u043e\u043b\u044c\u0437\u043e\u0432\u0430\u0442\u0435\u043b\u044f\u043c \u043a\u0430\u0447\u0435\u0441\u0442\u0432\u0435\u043d\u043d\u044b\u0439 \u043a\u043e\u043d\u0442\u0435\u043d\u0442. \u041e\u0434\u043d\u0430\u043a\u043e \u0438\u0437-\u0437\u0430 \u0441\u043a\u043e\u0440\u043e\u0441\u0442\u0438 \u0438\u0437\u043c\u0435\u043d\u0435\u043d\u0438\u044f \u0438\u043d\u0444\u043e\u0440\u043c\u0430\u0446\u0438\u0438 \u043d\u0435\u043a\u043e\u0442\u043e\u0440\u044b\u0435 \u0441\u0442\u0430\u0442\u044c\u0438 \u043c\u043e\u0433\u0443\u0442 \u0443\u0441\u0442\u0430\u0440\u0435\u0442\u044c.<\/p>\n\n\n\n<p>\u0425\u043e\u0442\u044f \u043c\u044b \u0441\u0442\u0440\u0435\u043c\u0438\u043c\u0441\u044f \u043f\u043e\u0434\u0434\u0435\u0440\u0436\u0438\u0432\u0430\u0442\u044c \u043d\u0430\u0448 \u0432\u0435\u0431-\u0441\u0430\u0439\u0442 \u0432 \u0430\u043a\u0442\u0443\u0430\u043b\u044c\u043d\u043e\u043c \u0441\u043e\u0441\u0442\u043e\u044f\u043d\u0438\u0438, \u043c\u044b \u043d\u0435 \u043d\u0435\u0441\u0435\u043c \u043e\u0442\u0432\u0435\u0442\u0441\u0442\u0432\u0435\u043d\u043d\u043e\u0441\u0442\u0438, \u0435\u0441\u043b\u0438 \u0447\u0442\u043e-\u0442\u043e \u043e\u0442\u043b\u0438\u0447\u0430\u0435\u0442\u0441\u044f \u043e\u0442 \u0434\u0440\u0443\u0433\u0438\u0445 \u0432\u0435\u0431-\u0441\u0430\u0439\u0442\u043e\u0432.<\/p>\n\n\n\n<p><strong>\u041f\u0430\u0440\u0442\u043d\u0435\u0440\u044b:<\/strong>\u00a0\u041e\u0441\u043d\u043e\u0432\u043d\u043e\u0439 \u0438\u0441\u0442\u043e\u0447\u043d\u0438\u043a \u0434\u043e\u0445\u043e\u0434\u0430 \u0434\u043b\u044f <strong>\u0412\u0432\u0435\u0440\u0445 \u0417\u0432\u0435\u0437\u0434\u0430 \u0426\u0438\u0444\u0440\u043e\u0432\u043e\u0439<\/strong> \u043f\u0440\u043e\u0438\u0441\u0445\u043e\u0434\u0438\u0442 \u0447\u0435\u0440\u0435\u0437 \u0440\u0435\u043a\u043b\u0430\u043c\u0443. \u0427\u0435\u0440\u0435\u0437 \u0440\u0435\u043a\u043b\u0430\u043c\u043d\u044b\u0445 \u043f\u0430\u0440\u0442\u043d\u0435\u0440\u043e\u0432 \u0441\u0430\u0439\u0442 \u043f\u043e\u043b\u0443\u0447\u0430\u0435\u0442 \u0434\u043e\u043b\u044e \u043f\u0440\u0438\u0431\u044b\u043b\u0438. \u041e\u0434\u043d\u0430\u043a\u043e \u043d\u0435\u043e\u0431\u0445\u043e\u0434\u0438\u043c\u043e \u043f\u043e\u044f\u0441\u043d\u0438\u0442\u044c, \u0447\u0442\u043e \u043c\u044b \u043d\u0435 \u043d\u0435\u0441\u0435\u043c \u043e\u0442\u0432\u0435\u0442\u0441\u0442\u0432\u0435\u043d\u043d\u043e\u0441\u0442\u0438 \u0437\u0430 \u0440\u0435\u043a\u043b\u0430\u043c\u0443, \u043f\u043e\u044f\u0432\u043b\u044f\u044e\u0449\u0443\u044e\u0441\u044f \u043d\u0430 \u044d\u0442\u043e\u043c \u0441\u0430\u0439\u0442\u0435.<\/p>\n\n\n\n<p><strong>\u0421\u043e\u043e\u0431\u0440\u0430\u0436\u0435\u043d\u0438\u044f:<\/strong>\u00a0\u0415\u0441\u043b\u0438 \u0432\u0430\u043c \u043d\u0443\u0436\u043d\u0430 \u043a\u0430\u0447\u0435\u0441\u0442\u0432\u0435\u043d\u043d\u0430\u044f \u0438\u043d\u0444\u043e\u0440\u043c\u0430\u0446\u0438\u044f, \u043e\u0431\u044f\u0437\u0430\u0442\u0435\u043b\u044c\u043d\u043e \u0438\u0449\u0438\u0442\u0435 <strong>\u0412\u0432\u0435\u0440\u0445 \u0417\u0432\u0435\u0437\u0434\u0430 \u0426\u0438\u0444\u0440\u043e\u0432\u043e\u0439<\/strong> \u0434\u043b\u044f \u044d\u0442\u043e\u0433\u043e. \u041e\u0434\u043d\u0430\u043a\u043e \u0438\u043c\u0435\u0439\u0442\u0435 \u0432 \u0432\u0438\u0434\u0443, \u043e\u043f\u044f\u0442\u044c \u0436\u0435, \u0447\u0442\u043e \u0441\u0442\u0430\u0442\u044c\u0438 \u043d\u0435 \u0432\u0441\u0435\u0433\u0434\u0430 \u043e\u0431\u043d\u043e\u0432\u043b\u044f\u044e\u0442\u0441\u044f. \u041f\u043e\u044d\u0442\u043e\u043c\u0443, \u0435\u0441\u043b\u0438 \u0432\u0430\u043c \u043d\u0443\u0436\u0435\u043d \u043e\u0431\u043d\u043e\u0432\u043b\u0435\u043d\u043d\u044b\u0439 \u043a\u043e\u043d\u0442\u0435\u043d\u0442, \u0438\u0449\u0438\u0442\u0435 \u043e\u0444\u0438\u0446\u0438\u0430\u043b\u044c\u043d\u044b\u0439 \u0441\u0430\u0439\u0442.<\/p>\n<\/body><\/html>","protected":false},"excerpt":{"rendered":"<p>Aten\u00e7\u00e3o:\u00a0O Up Star Digital n\u00e3o solicita dinheiro para os seus usu\u00e1rios. Portanto, caso voc\u00ea esteja navegando no site e apare\u00e7a uma janela lhe solicitando isso, nos avise e feche o site imediatamente. Observa\u00e7\u00f5es:\u00a0O Up Star Digital \u00e9 um site informativo que deseja sempre fornecer conte\u00fado de qualidade aos seus usu\u00e1rios. Contudo, com a velocidade que [&hellip;]<\/p>\n","protected":false},"author":2,"featured_media":0,"parent":0,"menu_order":0,"comment_status":"closed","ping_status":"closed","template":"","meta":{"footnotes":""},"class_list":["post-896","page","type-page","status-publish","hentry"],"yoast_head":"<!-- This site is optimized with the Yoast SEO plugin v27.4 - https:\/\/yoast.com\/product\/yoast-seo-wordpress\/ -->\n<title>Disclaimer -<\/title>\n<meta name=\"robots\" content=\"index, follow, max-snippet:-1, max-image-preview:large, max-video-preview:-1\" \/>\n<link rel=\"canonical\" href=\"https:\/\/upstardigital.com\/ru_eu\/disclaimer\/\" \/>\n<meta property=\"og:locale\" content=\"ru_RU\" \/>\n<meta property=\"og:type\" content=\"article\" \/>\n<meta property=\"og:title\" content=\"Disclaimer -\" \/>\n<meta property=\"og:description\" content=\"Aten\u00e7\u00e3o:\u00a0O Up Star Digital n\u00e3o solicita dinheiro para os seus usu\u00e1rios. Portanto, caso voc\u00ea esteja navegando no site e apare\u00e7a uma janela lhe solicitando isso, nos avise e feche o site imediatamente. Observa\u00e7\u00f5es:\u00a0O Up Star Digital \u00e9 um site informativo que deseja sempre fornecer conte\u00fado de qualidade aos seus usu\u00e1rios. Contudo, com a velocidade que [&hellip;]\" \/>\n<meta property=\"og:url\" content=\"https:\/\/upstardigital.com\/ru_eu\/disclaimer\/\" \/>\n<meta property=\"article:modified_time\" content=\"2024-08-01T16:11:58+00:00\" \/>\n<meta name=\"twitter:card\" content=\"summary_large_image\" \/>\n<meta name=\"twitter:label1\" content=\"Est. reading time\" \/>\n\t<meta name=\"twitter:data1\" content=\"1 minute\" \/>\n<script type=\"application\/ld+json\" class=\"yoast-schema-graph\">{\"@context\":\"https:\\\/\\\/schema.org\",\"@graph\":[{\"@type\":\"WebPage\",\"@id\":\"https:\\\/\\\/upstardigital.com\\\/disclaimer\\\/\",\"url\":\"https:\\\/\\\/upstardigital.com\\\/disclaimer\\\/\",\"name\":\"Disclaimer -\",\"isPartOf\":{\"@id\":\"https:\\\/\\\/upstardigital.com\\\/#website\"},\"datePublished\":\"2024-08-01T16:11:46+00:00\",\"dateModified\":\"2024-08-01T16:11:58+00:00\",\"breadcrumb\":{\"@id\":\"https:\\\/\\\/upstardigital.com\\\/disclaimer\\\/#breadcrumb\"},\"inLanguage\":\"ru-eu\",\"potentialAction\":[{\"@type\":\"ReadAction\",\"target\":[\"https:\\\/\\\/upstardigital.com\\\/disclaimer\\\/\"]}]},{\"@type\":\"BreadcrumbList\",\"@id\":\"https:\\\/\\\/upstardigital.com\\\/disclaimer\\\/#breadcrumb\",\"itemListElement\":[{\"@type\":\"ListItem\",\"position\":1,\"name\":\"In\u00edcio\",\"item\":\"https:\\\/\\\/upstardigital.com\\\/\"},{\"@type\":\"ListItem\",\"position\":2,\"name\":\"Disclaimer\"}]},{\"@type\":\"WebSite\",\"@id\":\"https:\\\/\\\/upstardigital.com\\\/#website\",\"url\":\"https:\\\/\\\/upstardigital.com\\\/\",\"name\":\"\",\"description\":\"\",\"potentialAction\":[{\"@type\":\"SearchAction\",\"target\":{\"@type\":\"EntryPoint\",\"urlTemplate\":\"https:\\\/\\\/upstardigital.com\\\/?s={search_term_string}\"},\"query-input\":{\"@type\":\"PropertyValueSpecification\",\"valueRequired\":true,\"valueName\":\"search_term_string\"}}],\"inLanguage\":\"ru-eu\"}]}<\/script>\n<!-- \/ Yoast SEO plugin. -->","yoast_head_json":{"title":"\u041e\u0442\u043a\u0430\u0437 \u043e\u0442 \u043e\u0442\u0432\u0435\u0442\u0441\u0442\u0432\u0435\u043d\u043d\u043e\u0441\u0442\u0438 -","robots":{"index":"index","follow":"follow","max-snippet":"max-snippet:-1","max-image-preview":"max-image-preview:large","max-video-preview":"max-video-preview:-1"},"canonical":"https:\/\/upstardigital.com\/ru_eu\/disclaimer\/","og_locale":"ru_RU","og_type":"article","og_title":"Disclaimer -","og_description":"Aten\u00e7\u00e3o:\u00a0O Up Star Digital n\u00e3o solicita dinheiro para os seus usu\u00e1rios. Portanto, caso voc\u00ea esteja navegando no site e apare\u00e7a uma janela lhe solicitando isso, nos avise e feche o site imediatamente. Observa\u00e7\u00f5es:\u00a0O Up Star Digital \u00e9 um site informativo que deseja sempre fornecer conte\u00fado de qualidade aos seus usu\u00e1rios. Contudo, com a velocidade que [&hellip;]","og_url":"https:\/\/upstardigital.com\/ru_eu\/disclaimer\/","article_modified_time":"2024-08-01T16:11:58+00:00","twitter_card":"summary_large_image","twitter_misc":{"Est. reading time":"1 minute"},"schema":{"@context":"https:\/\/schema.org","@graph":[{"@type":"WebPage","@id":"https:\/\/upstardigital.com\/disclaimer\/","url":"https:\/\/upstardigital.com\/disclaimer\/","name":"\u041e\u0442\u043a\u0430\u0437 \u043e\u0442 \u043e\u0442\u0432\u0435\u0442\u0441\u0442\u0432\u0435\u043d\u043d\u043e\u0441\u0442\u0438 -","isPartOf":{"@id":"https:\/\/upstardigital.com\/#website"},"datePublished":"2024-08-01T16:11:46+00:00","dateModified":"2024-08-01T16:11:58+00:00","breadcrumb":{"@id":"https:\/\/upstardigital.com\/disclaimer\/#breadcrumb"},"inLanguage":"ru-eu","potentialAction":[{"@type":"ReadAction","target":["https:\/\/upstardigital.com\/disclaimer\/"]}]},{"@type":"BreadcrumbList","@id":"https:\/\/upstardigital.com\/disclaimer\/#breadcrumb","itemListElement":[{"@type":"ListItem","position":1,"name":"In\u00edcio","item":"https:\/\/upstardigital.com\/"},{"@type":"ListItem","position":2,"name":"Disclaimer"}]},{"@type":"WebSite","@id":"https:\/\/upstardigital.com\/#website","url":"https:\/\/upstardigital.com\/","name":"","description":"","potentialAction":[{"@type":"SearchAction","target":{"@type":"EntryPoint","urlTemplate":"https:\/\/upstardigital.com\/?s={search_term_string}"},"query-input":{"@type":"PropertyValueSpecification","valueRequired":true,"valueName":"search_term_string"}}],"inLanguage":"ru-eu"}]}},"_links":{"self":[{"href":"https:\/\/upstardigital.com\/ru_eu\/wp-json\/wp\/v2\/pages\/896","targetHints":{"allow":["GET"]}}],"collection":[{"href":"https:\/\/upstardigital.com\/ru_eu\/wp-json\/wp\/v2\/pages"}],"about":[{"href":"https:\/\/upstardigital.com\/ru_eu\/wp-json\/wp\/v2\/types\/page"}],"author":[{"embeddable":true,"href":"https:\/\/upstardigital.com\/ru_eu\/wp-json\/wp\/v2\/users\/2"}],"replies":[{"embeddable":true,"href":"https:\/\/upstardigital.com\/ru_eu\/wp-json\/wp\/v2\/comments?post=896"}],"version-history":[{"count":1,"href":"https:\/\/upstardigital.com\/ru_eu\/wp-json\/wp\/v2\/pages\/896\/revisions"}],"predecessor-version":[{"id":897,"href":"https:\/\/upstardigital.com\/ru_eu\/wp-json\/wp\/v2\/pages\/896\/revisions\/897"}],"wp:attachment":[{"href":"https:\/\/upstardigital.com\/ru_eu\/wp-json\/wp\/v2\/media?parent=896"}],"curies":[{"name":"WP","href":"https:\/\/api.w.org\/{rel}","templated":true}]}}