{"id":2,"date":"2023-06-19T10:34:28","date_gmt":"2023-06-19T13:34:28","guid":{"rendered":"https:\/\/upstardigital.com\/?page_id=2"},"modified":"2023-06-19T20:59:39","modified_gmt":"2023-06-19T23:59:39","slug":"sobre-nos","status":"publish","type":"page","link":"https:\/\/upstardigital.com\/sk_eu\/sobre-nos\/","title":{"rendered":"O n\u00e1s"},"content":{"rendered":"<html><body><p>Toto je pr\u00edklad str\u00e1nky. L\u00ed\u0161i sa od blogov\u00e9ho pr\u00edspevku, preto\u017ee zostane na jednom mieste a zobraz\u00ed sa v navig\u00e1cii va\u0161ej lokality pri v\u00e4\u010d\u0161ine t\u00e9m. Mnoho \u013eud\u00ed za\u010d\u00edna na str\u00e1nke, ktor\u00e1 ich predstav\u00ed potenci\u00e1lnym n\u00e1v\u0161tevn\u00edkom webu. Mohla by poveda\u0165 nie\u010do tak\u00e9to:<\/p>\n\n\n\n<blockquote class=\"wp-block-quote is-layout-flow wp-block-quote-is-layout-flow\"><p>Dobr\u00fd de\u0148! Cez de\u0148 som posol na bicykli, v noci cti\u017eiadostiv\u00fd herec a toto je moja webov\u00e1 str\u00e1nka. B\u00fdvam v S\u00e3o Paulo, m\u00e1m ve\u013ek\u00e9ho psa Rexa a r\u00e1d pijem caipirinhu (a da\u017e\u010fov\u00e9 sprchy).<\/p><\/blockquote>\n\n\n\n<p>\u2026ou alguma coisa assim:<\/p>\n\n\n\n<blockquote class=\"wp-block-quote is-layout-flow wp-block-quote-is-layout-flow\"><p>Spolo\u010dnos\u0165 XYZ Miniatures Company bola zalo\u017een\u00e1 v roku 1971 a odvtedy poskytuje verejnosti kvalitn\u00e9 miniat\u00fary. XYZ sa nach\u00e1dza v meste Itu a zamestn\u00e1va viac ako 2000 \u013eud\u00ed a rob\u00ed skvel\u00e9 veci pre mestsk\u00fa komunitu.<\/p><\/blockquote>\n\n\n\n<p>Ako nov\u00fd pou\u017e\u00edvate\u013e WordPress by ste mali prejs\u0165 na <a href=\"https:\/\/upstardigital.com\/wp-admin\/\">panel<\/a> odstr\u00e1ni\u0165 dan\u00fa str\u00e1nku a vytvori\u0165 nov\u00e9 str\u00e1nky pre v\u00e1\u0161 obsah. Pr\u00edjemn\u00fa z\u00e1bavu!<\/p>\n<\/body><\/html>","protected":false},"excerpt":{"rendered":"<p>Esta \u00e9 uma p\u00e1gina de exemplo. \u00c9 diferente de um post no blog porque ela permanecer\u00e1 em um lugar e aparecer\u00e1 na navega\u00e7\u00e3o do seu site na maioria dos temas. Muitas pessoas come\u00e7am com uma p\u00e1gina que as apresenta a poss\u00edveis visitantes do site. Ela pode dizer algo assim: Ol\u00e1! Eu sou um mensageiro de [&hellip;]<\/p>\n","protected":false},"author":3,"featured_media":0,"parent":0,"menu_order":0,"comment_status":"closed","ping_status":"closed","template":"","meta":{"footnotes":""},"class_list":["post-2","page","type-page","status-publish","hentry"],"yoast_head":"<!-- This site is optimized with the Yoast SEO plugin v27.3 - https:\/\/yoast.com\/product\/yoast-seo-wordpress\/ -->\n<title>Sobre N\u00f3s -<\/title>\n<meta name=\"robots\" content=\"index, follow, max-snippet:-1, max-image-preview:large, max-video-preview:-1\" \/>\n<link rel=\"canonical\" href=\"https:\/\/upstardigital.com\/sk_eu\/sobre-nos\/\" \/>\n<meta property=\"og:locale\" content=\"sk_SK\" \/>\n<meta property=\"og:type\" content=\"article\" \/>\n<meta property=\"og:title\" content=\"Sobre N\u00f3s -\" \/>\n<meta property=\"og:description\" content=\"Esta \u00e9 uma p\u00e1gina de exemplo. \u00c9 diferente de um post no blog porque ela permanecer\u00e1 em um lugar e aparecer\u00e1 na navega\u00e7\u00e3o do seu site na maioria dos temas. Muitas pessoas come\u00e7am com uma p\u00e1gina que as apresenta a poss\u00edveis visitantes do site. Ela pode dizer algo assim: Ol\u00e1! Eu sou um mensageiro de [&hellip;]\" \/>\n<meta property=\"og:url\" content=\"https:\/\/upstardigital.com\/sk_eu\/sobre-nos\/\" \/>\n<meta property=\"article:modified_time\" content=\"2023-06-19T23:59:39+00:00\" \/>\n<meta name=\"twitter:card\" content=\"summary_large_image\" \/>\n<meta name=\"twitter:label1\" content=\"Est. reading time\" \/>\n\t<meta name=\"twitter:data1\" content=\"1 minute\" \/>\n<script type=\"application\/ld+json\" class=\"yoast-schema-graph\">{\"@context\":\"https:\\\/\\\/schema.org\",\"@graph\":[{\"@type\":\"WebPage\",\"@id\":\"https:\\\/\\\/upstardigital.com\\\/sobre-nos\\\/\",\"url\":\"https:\\\/\\\/upstardigital.com\\\/sobre-nos\\\/\",\"name\":\"Sobre N\u00f3s -\",\"isPartOf\":{\"@id\":\"https:\\\/\\\/upstardigital.com\\\/#website\"},\"datePublished\":\"2023-06-19T13:34:28+00:00\",\"dateModified\":\"2023-06-19T23:59:39+00:00\",\"breadcrumb\":{\"@id\":\"https:\\\/\\\/upstardigital.com\\\/sobre-nos\\\/#breadcrumb\"},\"inLanguage\":\"sk-eu\",\"potentialAction\":[{\"@type\":\"ReadAction\",\"target\":[\"https:\\\/\\\/upstardigital.com\\\/sobre-nos\\\/\"]}]},{\"@type\":\"BreadcrumbList\",\"@id\":\"https:\\\/\\\/upstardigital.com\\\/sobre-nos\\\/#breadcrumb\",\"itemListElement\":[{\"@type\":\"ListItem\",\"position\":1,\"name\":\"In\u00edcio\",\"item\":\"https:\\\/\\\/upstardigital.com\\\/\"},{\"@type\":\"ListItem\",\"position\":2,\"name\":\"Sobre N\u00f3s\"}]},{\"@type\":\"WebSite\",\"@id\":\"https:\\\/\\\/upstardigital.com\\\/#website\",\"url\":\"https:\\\/\\\/upstardigital.com\\\/\",\"name\":\"\",\"description\":\"\",\"potentialAction\":[{\"@type\":\"SearchAction\",\"target\":{\"@type\":\"EntryPoint\",\"urlTemplate\":\"https:\\\/\\\/upstardigital.com\\\/?s={search_term_string}\"},\"query-input\":{\"@type\":\"PropertyValueSpecification\",\"valueRequired\":true,\"valueName\":\"search_term_string\"}}],\"inLanguage\":\"sk-eu\"}]}<\/script>\n<!-- \/ Yoast SEO plugin. -->","yoast_head_json":{"title":"O n\u00e1s -","robots":{"index":"index","follow":"follow","max-snippet":"max-snippet:-1","max-image-preview":"max-image-preview:large","max-video-preview":"max-video-preview:-1"},"canonical":"https:\/\/upstardigital.com\/sk_eu\/sobre-nos\/","og_locale":"sk_SK","og_type":"article","og_title":"Sobre N\u00f3s -","og_description":"Esta \u00e9 uma p\u00e1gina de exemplo. \u00c9 diferente de um post no blog porque ela permanecer\u00e1 em um lugar e aparecer\u00e1 na navega\u00e7\u00e3o do seu site na maioria dos temas. Muitas pessoas come\u00e7am com uma p\u00e1gina que as apresenta a poss\u00edveis visitantes do site. Ela pode dizer algo assim: Ol\u00e1! Eu sou um mensageiro de [&hellip;]","og_url":"https:\/\/upstardigital.com\/sk_eu\/sobre-nos\/","article_modified_time":"2023-06-19T23:59:39+00:00","twitter_card":"summary_large_image","twitter_misc":{"Est. reading time":"1 minute"},"schema":{"@context":"https:\/\/schema.org","@graph":[{"@type":"WebPage","@id":"https:\/\/upstardigital.com\/sobre-nos\/","url":"https:\/\/upstardigital.com\/sobre-nos\/","name":"O n\u00e1s -","isPartOf":{"@id":"https:\/\/upstardigital.com\/#website"},"datePublished":"2023-06-19T13:34:28+00:00","dateModified":"2023-06-19T23:59:39+00:00","breadcrumb":{"@id":"https:\/\/upstardigital.com\/sobre-nos\/#breadcrumb"},"inLanguage":"sk-eu","potentialAction":[{"@type":"ReadAction","target":["https:\/\/upstardigital.com\/sobre-nos\/"]}]},{"@type":"BreadcrumbList","@id":"https:\/\/upstardigital.com\/sobre-nos\/#breadcrumb","itemListElement":[{"@type":"ListItem","position":1,"name":"In\u00edcio","item":"https:\/\/upstardigital.com\/"},{"@type":"ListItem","position":2,"name":"Sobre N\u00f3s"}]},{"@type":"WebSite","@id":"https:\/\/upstardigital.com\/#website","url":"https:\/\/upstardigital.com\/","name":"","description":"","potentialAction":[{"@type":"SearchAction","target":{"@type":"EntryPoint","urlTemplate":"https:\/\/upstardigital.com\/?s={search_term_string}"},"query-input":{"@type":"PropertyValueSpecification","valueRequired":true,"valueName":"search_term_string"}}],"inLanguage":"sk-eu"}]}},"_links":{"self":[{"href":"https:\/\/upstardigital.com\/sk_eu\/wp-json\/wp\/v2\/pages\/2","targetHints":{"allow":["GET"]}}],"collection":[{"href":"https:\/\/upstardigital.com\/sk_eu\/wp-json\/wp\/v2\/pages"}],"about":[{"href":"https:\/\/upstardigital.com\/sk_eu\/wp-json\/wp\/v2\/types\/page"}],"author":[{"embeddable":true,"href":"https:\/\/upstardigital.com\/sk_eu\/wp-json\/wp\/v2\/users\/3"}],"replies":[{"embeddable":true,"href":"https:\/\/upstardigital.com\/sk_eu\/wp-json\/wp\/v2\/comments?post=2"}],"version-history":[{"count":1,"href":"https:\/\/upstardigital.com\/sk_eu\/wp-json\/wp\/v2\/pages\/2\/revisions"}],"predecessor-version":[{"id":411,"href":"https:\/\/upstardigital.com\/sk_eu\/wp-json\/wp\/v2\/pages\/2\/revisions\/411"}],"wp:attachment":[{"href":"https:\/\/upstardigital.com\/sk_eu\/wp-json\/wp\/v2\/media?parent=2"}],"curies":[{"name":"wp","href":"https:\/\/api.w.org\/{rel}","templated":true}]}}