{"id":892,"date":"2024-08-01T13:05:54","date_gmt":"2024-08-01T16:05:54","guid":{"rendered":"https:\/\/upstardigital.com\/?page_id=892"},"modified":"2026-04-13T11:54:20","modified_gmt":"2026-04-13T14:54:20","slug":"quem-somos","status":"publish","type":"page","link":"https:\/\/upstardigital.com\/sk_eu\/quem-somos\/","title":{"rendered":"Kto sme"},"content":{"rendered":"<html><body><p><\/p>\n\n\n\n<ol class=\"wp-block-list\">\n<li><strong>Digit\u00e1lny cie\u013e Up Star:<\/strong>\u00a0Sme platforma zameran\u00e1 na poskytovanie kvalitn\u00e9ho obsahu a znalost\u00ed na\u0161im pou\u017e\u00edvate\u013eom. Na\u0161\u00edm poslan\u00edm je efekt\u00edvne vyu\u017e\u00edva\u0165 technol\u00f3gie na poskytovanie cenn\u00fdch a relevantn\u00fdch inform\u00e1ci\u00ed do v\u0161etk\u00fdch \u010dast\u00ed sveta.<\/li>\n\n\n\n<li><strong>Kvalifikovan\u00fd t\u00edm:<\/strong>\u00a0Na\u0161u webov\u00fa str\u00e1nku spravuje t\u00edm sk\u00fasen\u00fdch a kvalifikovan\u00fdch autorov s h\u013abkov\u00fdmi znalos\u0165ami t\u00e9m a kateg\u00f3ri\u00ed zahrnut\u00fdch v na\u0161ich publik\u00e1ci\u00e1ch. Na\u0161\u00edm cie\u013eom je zabezpe\u010di\u0165, aby obsah, ktor\u00fd poskytujeme, bol informat\u00edvny, presn\u00fd a kvalitn\u00fd.<\/li>\n\n\n\n<li><strong>R\u00f4znorod\u00fd obsah:<\/strong>\u00a0Vstupom na na\u0161u webov\u00fa str\u00e1nku budete ma\u0165 pr\u00edle\u017eitos\u0165 z\u00edska\u0165 vedomosti o r\u00f4znych t\u00e9mach, a to na n\u00e1rodnej aj medzin\u00e1rodnej \u00farovni. Na\u0161\u00edm cie\u013eom je poskytova\u0165 inform\u00e1cie, ktor\u00e9 s\u00fa relevantn\u00e9 a zauj\u00edmav\u00e9 pre na\u0161ich pou\u017e\u00edvate\u013eov v r\u00f4znych oblastiach z\u00e1ujmu.<\/li>\n\n\n\n<li><strong>Zodpovednos\u0165 u\u017e\u00edvate\u013ea:<\/strong>\u00a0Pou\u017e\u00edvanie ak\u00fdchko\u013evek inform\u00e1ci\u00ed alebo materi\u00e1lov na tejto webovej str\u00e1nke je na vlastn\u00e9 riziko pou\u017e\u00edvate\u013ea. Nezaru\u010dujeme presnos\u0165, aktu\u00e1lnos\u0165, \u00faplnos\u0165 alebo vhodnos\u0165 inform\u00e1ci\u00ed a materi\u00e1lov n\u00e1jden\u00fdch alebo pon\u00fakan\u00fdch na tejto webovej str\u00e1nke na ak\u00fdko\u013evek konkr\u00e9tny \u00fa\u010del.<\/li>\n<\/ol>\n\n\n\n<p>Vstupom na t\u00fato webov\u00fa str\u00e1nku alebo jej pou\u017e\u00edvan\u00edm s\u00fahlas\u00edte s t\u00fdmito podmienkami pou\u017e\u00edvania. Ak m\u00e1te ak\u00e9ko\u013evek ot\u00e1zky alebo obavy t\u00fdkaj\u00face sa t\u00fdchto podmienok, kontaktujte n\u00e1s. \u010eakujeme za n\u00e1v\u0161tevu <strong>Up Star Digital<\/strong>!<\/p>\n\n\n\n<p><\/p>\n<\/body><\/html>","protected":false},"excerpt":{"rendered":"<p>Ao acessar ou utilizar este site, voc\u00ea concorda com estes termos de uso. Se voc\u00ea tiver alguma d\u00favida ou preocupa\u00e7\u00e3o sobre estes termos, entre em contato conosco. Agradecemos por visitar o Up Star Digital!<\/p>","protected":false},"author":2,"featured_media":0,"parent":0,"menu_order":0,"comment_status":"closed","ping_status":"closed","template":"","meta":{"footnotes":""},"class_list":["post-892","page","type-page","status-publish","hentry"],"yoast_head":"<!-- This site is optimized with the Yoast SEO plugin v27.4 - https:\/\/yoast.com\/product\/yoast-seo-wordpress\/ -->\n<title>Quem somos -<\/title>\n<meta name=\"robots\" content=\"index, follow, max-snippet:-1, max-image-preview:large, max-video-preview:-1\" \/>\n<link rel=\"canonical\" href=\"https:\/\/upstardigital.com\/sk_eu\/quem-somos\/\" \/>\n<meta property=\"og:locale\" content=\"sk_SK\" \/>\n<meta property=\"og:type\" content=\"article\" \/>\n<meta property=\"og:title\" content=\"Quem somos -\" \/>\n<meta property=\"og:description\" content=\"Ao acessar ou utilizar este site, voc\u00ea concorda com estes termos de uso. Se voc\u00ea tiver alguma d\u00favida ou preocupa\u00e7\u00e3o sobre estes termos, entre em contato conosco. Agradecemos por visitar o Up Star Digital!\" \/>\n<meta property=\"og:url\" content=\"https:\/\/upstardigital.com\/sk_eu\/quem-somos\/\" \/>\n<meta property=\"article:modified_time\" content=\"2026-04-13T14:54:20+00:00\" \/>\n<meta name=\"twitter:card\" content=\"summary_large_image\" \/>\n<meta name=\"twitter:label1\" content=\"Est. reading time\" \/>\n\t<meta name=\"twitter:data1\" content=\"2 minutes\" \/>\n<script type=\"application\/ld+json\" class=\"yoast-schema-graph\">{\"@context\":\"https:\\\/\\\/schema.org\",\"@graph\":[{\"@type\":\"WebPage\",\"@id\":\"https:\\\/\\\/upstardigital.com\\\/quem-somos\\\/\",\"url\":\"https:\\\/\\\/upstardigital.com\\\/quem-somos\\\/\",\"name\":\"Quem somos -\",\"isPartOf\":{\"@id\":\"https:\\\/\\\/upstardigital.com\\\/#website\"},\"datePublished\":\"2024-08-01T16:05:54+00:00\",\"dateModified\":\"2026-04-13T14:54:20+00:00\",\"breadcrumb\":{\"@id\":\"https:\\\/\\\/upstardigital.com\\\/quem-somos\\\/#breadcrumb\"},\"inLanguage\":\"sk-eu\",\"potentialAction\":[{\"@type\":\"ReadAction\",\"target\":[\"https:\\\/\\\/upstardigital.com\\\/quem-somos\\\/\"]}]},{\"@type\":\"BreadcrumbList\",\"@id\":\"https:\\\/\\\/upstardigital.com\\\/quem-somos\\\/#breadcrumb\",\"itemListElement\":[{\"@type\":\"ListItem\",\"position\":1,\"name\":\"In\u00edcio\",\"item\":\"https:\\\/\\\/upstardigital.com\\\/\"},{\"@type\":\"ListItem\",\"position\":2,\"name\":\"Quem somos\"}]},{\"@type\":\"WebSite\",\"@id\":\"https:\\\/\\\/upstardigital.com\\\/#website\",\"url\":\"https:\\\/\\\/upstardigital.com\\\/\",\"name\":\"\",\"description\":\"\",\"potentialAction\":[{\"@type\":\"SearchAction\",\"target\":{\"@type\":\"EntryPoint\",\"urlTemplate\":\"https:\\\/\\\/upstardigital.com\\\/?s={search_term_string}\"},\"query-input\":{\"@type\":\"PropertyValueSpecification\",\"valueRequired\":true,\"valueName\":\"search_term_string\"}}],\"inLanguage\":\"sk-eu\"}]}<\/script>\n<!-- \/ Yoast SEO plugin. -->","yoast_head_json":{"title":"Kto sme -","robots":{"index":"index","follow":"follow","max-snippet":"max-snippet:-1","max-image-preview":"max-image-preview:large","max-video-preview":"max-video-preview:-1"},"canonical":"https:\/\/upstardigital.com\/sk_eu\/quem-somos\/","og_locale":"sk_SK","og_type":"article","og_title":"Quem somos -","og_description":"Ao acessar ou utilizar este site, voc\u00ea concorda com estes termos de uso. Se voc\u00ea tiver alguma d\u00favida ou preocupa\u00e7\u00e3o sobre estes termos, entre em contato conosco. Agradecemos por visitar o Up Star Digital!","og_url":"https:\/\/upstardigital.com\/sk_eu\/quem-somos\/","article_modified_time":"2026-04-13T14:54:20+00:00","twitter_card":"summary_large_image","twitter_misc":{"Est. reading time":"2 minutes"},"schema":{"@context":"https:\/\/schema.org","@graph":[{"@type":"WebPage","@id":"https:\/\/upstardigital.com\/quem-somos\/","url":"https:\/\/upstardigital.com\/quem-somos\/","name":"Kto sme -","isPartOf":{"@id":"https:\/\/upstardigital.com\/#website"},"datePublished":"2024-08-01T16:05:54+00:00","dateModified":"2026-04-13T14:54:20+00:00","breadcrumb":{"@id":"https:\/\/upstardigital.com\/quem-somos\/#breadcrumb"},"inLanguage":"sk-eu","potentialAction":[{"@type":"ReadAction","target":["https:\/\/upstardigital.com\/quem-somos\/"]}]},{"@type":"BreadcrumbList","@id":"https:\/\/upstardigital.com\/quem-somos\/#breadcrumb","itemListElement":[{"@type":"ListItem","position":1,"name":"In\u00edcio","item":"https:\/\/upstardigital.com\/"},{"@type":"ListItem","position":2,"name":"Quem somos"}]},{"@type":"WebSite","@id":"https:\/\/upstardigital.com\/#website","url":"https:\/\/upstardigital.com\/","name":"","description":"","potentialAction":[{"@type":"SearchAction","target":{"@type":"EntryPoint","urlTemplate":"https:\/\/upstardigital.com\/?s={search_term_string}"},"query-input":{"@type":"PropertyValueSpecification","valueRequired":true,"valueName":"search_term_string"}}],"inLanguage":"sk-eu"}]}},"_links":{"self":[{"href":"https:\/\/upstardigital.com\/sk_eu\/wp-json\/wp\/v2\/pages\/892","targetHints":{"allow":["GET"]}}],"collection":[{"href":"https:\/\/upstardigital.com\/sk_eu\/wp-json\/wp\/v2\/pages"}],"about":[{"href":"https:\/\/upstardigital.com\/sk_eu\/wp-json\/wp\/v2\/types\/page"}],"author":[{"embeddable":true,"href":"https:\/\/upstardigital.com\/sk_eu\/wp-json\/wp\/v2\/users\/2"}],"replies":[{"embeddable":true,"href":"https:\/\/upstardigital.com\/sk_eu\/wp-json\/wp\/v2\/comments?post=892"}],"version-history":[{"count":2,"href":"https:\/\/upstardigital.com\/sk_eu\/wp-json\/wp\/v2\/pages\/892\/revisions"}],"predecessor-version":[{"id":1652,"href":"https:\/\/upstardigital.com\/sk_eu\/wp-json\/wp\/v2\/pages\/892\/revisions\/1652"}],"wp:attachment":[{"href":"https:\/\/upstardigital.com\/sk_eu\/wp-json\/wp\/v2\/media?parent=892"}],"curies":[{"name":"wp","href":"https:\/\/api.w.org\/{rel}","templated":true}]}}