{"id":892,"date":"2024-08-01T13:05:54","date_gmt":"2024-08-01T16:05:54","guid":{"rendered":"https:\/\/upstardigital.com\/?page_id=892"},"modified":"2026-04-13T11:54:20","modified_gmt":"2026-04-13T14:54:20","slug":"quem-somos","status":"publish","type":"page","link":"https:\/\/upstardigital.com\/sl_eu\/quem-somos\/","title":{"rendered":"Kdo smo"},"content":{"rendered":"<html><body><p><\/p>\n\n\n\n<ol class=\"wp-block-list\">\n<li><strong>Digitalni cilj Up Star:<\/strong>\u00a0Smo platforma, namenjena zagotavljanju kakovostnih vsebin in znanja na\u0161im uporabnikom. Na\u0161e poslanstvo je u\u010dinkovito uporabljati tehnologijo za prenos dragocenih in ustreznih informacij v vse dele sveta.<\/li>\n\n\n\n<li><strong>Kvalificirana ekipa:<\/strong>\u00a0Na\u0161e spletno mesto upravlja ekipa izku\u0161enih in usposobljenih piscev s poglobljenim poznavanjem tem in kategorij, ki jih pokrivajo na\u0161e publikacije. Na\u0161 cilj je zagotoviti, da je vsebina, ki jo ponujamo, informativna, to\u010dna in visoke kakovosti.<\/li>\n\n\n\n<li><strong>Raznolika vsebina:<\/strong>\u00a0Z dostopom do na\u0161e spletne strani boste imeli prilo\u017enost pridobiti znanja o razli\u010dnih temah, tako doma kot v tujini. Na\u0161 cilj je zagotoviti informacije, ki so relevantne in zanimive za na\u0161e uporabnike na razli\u010dnih podro\u010djih zanimanja.<\/li>\n\n\n\n<li><strong>Odgovornost uporabnika:<\/strong>\u00a0Uporaba kakr\u0161nih koli informacij ali materialov na tej spletni strani je na lastno odgovornost uporabnika. Ne jam\u010dimo za to\u010dnost, pravo\u010dasnost, popolnost ali primernost informacij in materialov, ki jih najdemo ali ponudimo na tem spletnem mestu za kateri koli poseben namen.<\/li>\n<\/ol>\n\n\n\n<p>Z dostopom ali uporabo te spletne strani se strinjate s temi pogoji uporabe. \u010ce imate kakr\u0161na koli vpra\u0161anja ali pomisleke glede teh pogojev, se obrnite na nas. Hvala za obisk <strong>Up Star Digital<\/strong>!<\/p>\n\n\n\n<p><\/p>\n<\/body><\/html>","protected":false},"excerpt":{"rendered":"<p>Ao acessar ou utilizar este site, voc\u00ea concorda com estes termos de uso. Se voc\u00ea tiver alguma d\u00favida ou preocupa\u00e7\u00e3o sobre estes termos, entre em contato conosco. Agradecemos por visitar o Up Star Digital!<\/p>","protected":false},"author":2,"featured_media":0,"parent":0,"menu_order":0,"comment_status":"closed","ping_status":"closed","template":"","meta":{"footnotes":""},"class_list":["post-892","page","type-page","status-publish","hentry"],"yoast_head":"<!-- This site is optimized with the Yoast SEO plugin v27.3 - https:\/\/yoast.com\/product\/yoast-seo-wordpress\/ -->\n<title>Quem somos -<\/title>\n<meta name=\"robots\" content=\"index, follow, max-snippet:-1, max-image-preview:large, max-video-preview:-1\" \/>\n<link rel=\"canonical\" href=\"https:\/\/upstardigital.com\/sl_eu\/quem-somos\/\" \/>\n<meta property=\"og:locale\" content=\"en_US\" \/>\n<meta property=\"og:type\" content=\"article\" \/>\n<meta property=\"og:title\" content=\"Quem somos -\" \/>\n<meta property=\"og:description\" content=\"Ao acessar ou utilizar este site, voc\u00ea concorda com estes termos de uso. Se voc\u00ea tiver alguma d\u00favida ou preocupa\u00e7\u00e3o sobre estes termos, entre em contato conosco. Agradecemos por visitar o Up Star Digital!\" \/>\n<meta property=\"og:url\" content=\"https:\/\/upstardigital.com\/sl_eu\/quem-somos\/\" \/>\n<meta property=\"article:modified_time\" content=\"2026-04-13T14:54:20+00:00\" \/>\n<meta name=\"twitter:card\" content=\"summary_large_image\" \/>\n<meta name=\"twitter:label1\" content=\"Est. reading time\" \/>\n\t<meta name=\"twitter:data1\" content=\"2 minutes\" \/>\n<script type=\"application\/ld+json\" class=\"yoast-schema-graph\">{\"@context\":\"https:\\\/\\\/schema.org\",\"@graph\":[{\"@type\":\"WebPage\",\"@id\":\"https:\\\/\\\/upstardigital.com\\\/quem-somos\\\/\",\"url\":\"https:\\\/\\\/upstardigital.com\\\/quem-somos\\\/\",\"name\":\"Quem somos -\",\"isPartOf\":{\"@id\":\"https:\\\/\\\/upstardigital.com\\\/#website\"},\"datePublished\":\"2024-08-01T16:05:54+00:00\",\"dateModified\":\"2026-04-13T14:54:20+00:00\",\"breadcrumb\":{\"@id\":\"https:\\\/\\\/upstardigital.com\\\/quem-somos\\\/#breadcrumb\"},\"inLanguage\":\"sl-eu\",\"potentialAction\":[{\"@type\":\"ReadAction\",\"target\":[\"https:\\\/\\\/upstardigital.com\\\/quem-somos\\\/\"]}]},{\"@type\":\"BreadcrumbList\",\"@id\":\"https:\\\/\\\/upstardigital.com\\\/quem-somos\\\/#breadcrumb\",\"itemListElement\":[{\"@type\":\"ListItem\",\"position\":1,\"name\":\"In\u00edcio\",\"item\":\"https:\\\/\\\/upstardigital.com\\\/\"},{\"@type\":\"ListItem\",\"position\":2,\"name\":\"Quem somos\"}]},{\"@type\":\"WebSite\",\"@id\":\"https:\\\/\\\/upstardigital.com\\\/#website\",\"url\":\"https:\\\/\\\/upstardigital.com\\\/\",\"name\":\"\",\"description\":\"\",\"potentialAction\":[{\"@type\":\"SearchAction\",\"target\":{\"@type\":\"EntryPoint\",\"urlTemplate\":\"https:\\\/\\\/upstardigital.com\\\/?s={search_term_string}\"},\"query-input\":{\"@type\":\"PropertyValueSpecification\",\"valueRequired\":true,\"valueName\":\"search_term_string\"}}],\"inLanguage\":\"sl-eu\"}]}<\/script>\n<!-- \/ Yoast SEO plugin. -->","yoast_head_json":{"title":"Kdo smo -","robots":{"index":"index","follow":"follow","max-snippet":"max-snippet:-1","max-image-preview":"max-image-preview:large","max-video-preview":"max-video-preview:-1"},"canonical":"https:\/\/upstardigital.com\/sl_eu\/quem-somos\/","og_locale":"en_US","og_type":"article","og_title":"Quem somos -","og_description":"Ao acessar ou utilizar este site, voc\u00ea concorda com estes termos de uso. Se voc\u00ea tiver alguma d\u00favida ou preocupa\u00e7\u00e3o sobre estes termos, entre em contato conosco. Agradecemos por visitar o Up Star Digital!","og_url":"https:\/\/upstardigital.com\/sl_eu\/quem-somos\/","article_modified_time":"2026-04-13T14:54:20+00:00","twitter_card":"summary_large_image","twitter_misc":{"Est. reading time":"2 minutes"},"schema":{"@context":"https:\/\/schema.org","@graph":[{"@type":"WebPage","@id":"https:\/\/upstardigital.com\/quem-somos\/","url":"https:\/\/upstardigital.com\/quem-somos\/","name":"Kdo smo -","isPartOf":{"@id":"https:\/\/upstardigital.com\/#website"},"datePublished":"2024-08-01T16:05:54+00:00","dateModified":"2026-04-13T14:54:20+00:00","breadcrumb":{"@id":"https:\/\/upstardigital.com\/quem-somos\/#breadcrumb"},"inLanguage":"sl-eu","potentialAction":[{"@type":"ReadAction","target":["https:\/\/upstardigital.com\/quem-somos\/"]}]},{"@type":"BreadcrumbList","@id":"https:\/\/upstardigital.com\/quem-somos\/#breadcrumb","itemListElement":[{"@type":"ListItem","position":1,"name":"In\u00edcio","item":"https:\/\/upstardigital.com\/"},{"@type":"ListItem","position":2,"name":"Quem somos"}]},{"@type":"WebSite","@id":"https:\/\/upstardigital.com\/#website","url":"https:\/\/upstardigital.com\/","name":"","description":"","potentialAction":[{"@type":"SearchAction","target":{"@type":"EntryPoint","urlTemplate":"https:\/\/upstardigital.com\/?s={search_term_string}"},"query-input":{"@type":"PropertyValueSpecification","valueRequired":true,"valueName":"search_term_string"}}],"inLanguage":"sl-eu"}]}},"_links":{"self":[{"href":"https:\/\/upstardigital.com\/sl_eu\/wp-json\/wp\/v2\/pages\/892","targetHints":{"allow":["GET"]}}],"collection":[{"href":"https:\/\/upstardigital.com\/sl_eu\/wp-json\/wp\/v2\/pages"}],"about":[{"href":"https:\/\/upstardigital.com\/sl_eu\/wp-json\/wp\/v2\/types\/page"}],"author":[{"embeddable":true,"href":"https:\/\/upstardigital.com\/sl_eu\/wp-json\/wp\/v2\/users\/2"}],"replies":[{"embeddable":true,"href":"https:\/\/upstardigital.com\/sl_eu\/wp-json\/wp\/v2\/comments?post=892"}],"version-history":[{"count":2,"href":"https:\/\/upstardigital.com\/sl_eu\/wp-json\/wp\/v2\/pages\/892\/revisions"}],"predecessor-version":[{"id":1652,"href":"https:\/\/upstardigital.com\/sl_eu\/wp-json\/wp\/v2\/pages\/892\/revisions\/1652"}],"wp:attachment":[{"href":"https:\/\/upstardigital.com\/sl_eu\/wp-json\/wp\/v2\/media?parent=892"}],"curies":[{"name":"wp","href":"https:\/\/api.w.org\/{rel}","templated":true}]}}