{"id":896,"date":"2024-08-01T13:11:46","date_gmt":"2024-08-01T16:11:46","guid":{"rendered":"https:\/\/upstardigital.com\/?page_id=896"},"modified":"2024-08-01T13:11:58","modified_gmt":"2024-08-01T16:11:58","slug":"disclaimer","status":"publish","type":"page","link":"https:\/\/upstardigital.com\/sl_eu\/disclaimer\/","title":{"rendered":"Zavrnitev odgovornosti"},"content":{"rendered":"<html><body><p><strong>Pozor:<\/strong>\u00a0THE <strong>Up Star Digital<\/strong> ne zahteva denarja od svojih uporabnikov. \u010ce torej brskate po spletnem mestu in se prika\u017ee okno, ki vas poziva, da to storite, nas obvestite in spletno mesto takoj zaprite.<\/p>\n\n\n\n<p><strong>Opombe:<\/strong>\u00a0THE <strong>Up Star Digital<\/strong> je informativno spletno mesto, ki \u017eeli svojim uporabnikom vedno zagotoviti kakovostno vsebino. Vendar pa so zaradi hitrosti spreminjanja informacij nekateri \u010dlanki morda zastareli.<\/p>\n\n\n\n<p>\u010ceprav se trudimo, da bi bilo na\u0161e spletno mesto posodobljeno, ne odgovarjamo, \u010de se kaj razlikuje od drugih spletnih mest.<\/p>\n\n\n\n<p><strong>Partnerji:<\/strong>\u00a0Glavni vir dohodka za <strong>Up Star Digital<\/strong> je prek ogla\u0161evanja. Prek ogla\u0161evalskih partnerjev spletno mesto zaslu\u017ei dele\u017e dobi\u010dka. Vendar mora biti jasno, da nismo odgovorni za oglase, ki se pojavljajo na tej spletni strani.<\/p>\n\n\n\n<p><strong>Premisleki:<\/strong>\u00a0\u010ce potrebujete kakovostne informacije, jih poi\u0161\u010dite <strong>Up Star Digital<\/strong> za to. Vendar ne pozabite, da \u010dlanki niso vedno posodobljeni. Zato, \u010de potrebujete posodobljeno vsebino, poi\u0161\u010dite uradno spletno stran.<\/p>\n<\/body><\/html>","protected":false},"excerpt":{"rendered":"<p>Aten\u00e7\u00e3o:\u00a0O Up Star Digital n\u00e3o solicita dinheiro para os seus usu\u00e1rios. Portanto, caso voc\u00ea esteja navegando no site e apare\u00e7a uma janela lhe solicitando isso, nos avise e feche o site imediatamente. Observa\u00e7\u00f5es:\u00a0O Up Star Digital \u00e9 um site informativo que deseja sempre fornecer conte\u00fado de qualidade aos seus usu\u00e1rios. Contudo, com a velocidade que [&hellip;]<\/p>\n","protected":false},"author":2,"featured_media":0,"parent":0,"menu_order":0,"comment_status":"closed","ping_status":"closed","template":"","meta":{"footnotes":""},"class_list":["post-896","page","type-page","status-publish","hentry"],"yoast_head":"<!-- This site is optimized with the Yoast SEO plugin v27.4 - https:\/\/yoast.com\/product\/yoast-seo-wordpress\/ -->\n<title>Disclaimer -<\/title>\n<meta name=\"robots\" content=\"index, follow, max-snippet:-1, max-image-preview:large, max-video-preview:-1\" \/>\n<link rel=\"canonical\" href=\"https:\/\/upstardigital.com\/sl_eu\/disclaimer\/\" \/>\n<meta property=\"og:locale\" content=\"en_US\" \/>\n<meta property=\"og:type\" content=\"article\" \/>\n<meta property=\"og:title\" content=\"Disclaimer -\" \/>\n<meta property=\"og:description\" content=\"Aten\u00e7\u00e3o:\u00a0O Up Star Digital n\u00e3o solicita dinheiro para os seus usu\u00e1rios. Portanto, caso voc\u00ea esteja navegando no site e apare\u00e7a uma janela lhe solicitando isso, nos avise e feche o site imediatamente. Observa\u00e7\u00f5es:\u00a0O Up Star Digital \u00e9 um site informativo que deseja sempre fornecer conte\u00fado de qualidade aos seus usu\u00e1rios. Contudo, com a velocidade que [&hellip;]\" \/>\n<meta property=\"og:url\" content=\"https:\/\/upstardigital.com\/sl_eu\/disclaimer\/\" \/>\n<meta property=\"article:modified_time\" content=\"2024-08-01T16:11:58+00:00\" \/>\n<meta name=\"twitter:card\" content=\"summary_large_image\" \/>\n<meta name=\"twitter:label1\" content=\"Est. reading time\" \/>\n\t<meta name=\"twitter:data1\" content=\"1 minute\" \/>\n<script type=\"application\/ld+json\" class=\"yoast-schema-graph\">{\"@context\":\"https:\\\/\\\/schema.org\",\"@graph\":[{\"@type\":\"WebPage\",\"@id\":\"https:\\\/\\\/upstardigital.com\\\/disclaimer\\\/\",\"url\":\"https:\\\/\\\/upstardigital.com\\\/disclaimer\\\/\",\"name\":\"Disclaimer -\",\"isPartOf\":{\"@id\":\"https:\\\/\\\/upstardigital.com\\\/#website\"},\"datePublished\":\"2024-08-01T16:11:46+00:00\",\"dateModified\":\"2024-08-01T16:11:58+00:00\",\"breadcrumb\":{\"@id\":\"https:\\\/\\\/upstardigital.com\\\/disclaimer\\\/#breadcrumb\"},\"inLanguage\":\"sl-eu\",\"potentialAction\":[{\"@type\":\"ReadAction\",\"target\":[\"https:\\\/\\\/upstardigital.com\\\/disclaimer\\\/\"]}]},{\"@type\":\"BreadcrumbList\",\"@id\":\"https:\\\/\\\/upstardigital.com\\\/disclaimer\\\/#breadcrumb\",\"itemListElement\":[{\"@type\":\"ListItem\",\"position\":1,\"name\":\"In\u00edcio\",\"item\":\"https:\\\/\\\/upstardigital.com\\\/\"},{\"@type\":\"ListItem\",\"position\":2,\"name\":\"Disclaimer\"}]},{\"@type\":\"WebSite\",\"@id\":\"https:\\\/\\\/upstardigital.com\\\/#website\",\"url\":\"https:\\\/\\\/upstardigital.com\\\/\",\"name\":\"\",\"description\":\"\",\"potentialAction\":[{\"@type\":\"SearchAction\",\"target\":{\"@type\":\"EntryPoint\",\"urlTemplate\":\"https:\\\/\\\/upstardigital.com\\\/?s={search_term_string}\"},\"query-input\":{\"@type\":\"PropertyValueSpecification\",\"valueRequired\":true,\"valueName\":\"search_term_string\"}}],\"inLanguage\":\"sl-eu\"}]}<\/script>\n<!-- \/ Yoast SEO plugin. -->","yoast_head_json":{"title":"Zavrnitev odgovornosti -","robots":{"index":"index","follow":"follow","max-snippet":"max-snippet:-1","max-image-preview":"max-image-preview:large","max-video-preview":"max-video-preview:-1"},"canonical":"https:\/\/upstardigital.com\/sl_eu\/disclaimer\/","og_locale":"en_US","og_type":"article","og_title":"Disclaimer -","og_description":"Aten\u00e7\u00e3o:\u00a0O Up Star Digital n\u00e3o solicita dinheiro para os seus usu\u00e1rios. Portanto, caso voc\u00ea esteja navegando no site e apare\u00e7a uma janela lhe solicitando isso, nos avise e feche o site imediatamente. Observa\u00e7\u00f5es:\u00a0O Up Star Digital \u00e9 um site informativo que deseja sempre fornecer conte\u00fado de qualidade aos seus usu\u00e1rios. Contudo, com a velocidade que [&hellip;]","og_url":"https:\/\/upstardigital.com\/sl_eu\/disclaimer\/","article_modified_time":"2024-08-01T16:11:58+00:00","twitter_card":"summary_large_image","twitter_misc":{"Est. reading time":"1 minute"},"schema":{"@context":"https:\/\/schema.org","@graph":[{"@type":"WebPage","@id":"https:\/\/upstardigital.com\/disclaimer\/","url":"https:\/\/upstardigital.com\/disclaimer\/","name":"Zavrnitev odgovornosti -","isPartOf":{"@id":"https:\/\/upstardigital.com\/#website"},"datePublished":"2024-08-01T16:11:46+00:00","dateModified":"2024-08-01T16:11:58+00:00","breadcrumb":{"@id":"https:\/\/upstardigital.com\/disclaimer\/#breadcrumb"},"inLanguage":"sl-eu","potentialAction":[{"@type":"ReadAction","target":["https:\/\/upstardigital.com\/disclaimer\/"]}]},{"@type":"BreadcrumbList","@id":"https:\/\/upstardigital.com\/disclaimer\/#breadcrumb","itemListElement":[{"@type":"ListItem","position":1,"name":"In\u00edcio","item":"https:\/\/upstardigital.com\/"},{"@type":"ListItem","position":2,"name":"Disclaimer"}]},{"@type":"WebSite","@id":"https:\/\/upstardigital.com\/#website","url":"https:\/\/upstardigital.com\/","name":"","description":"","potentialAction":[{"@type":"SearchAction","target":{"@type":"EntryPoint","urlTemplate":"https:\/\/upstardigital.com\/?s={search_term_string}"},"query-input":{"@type":"PropertyValueSpecification","valueRequired":true,"valueName":"search_term_string"}}],"inLanguage":"sl-eu"}]}},"_links":{"self":[{"href":"https:\/\/upstardigital.com\/sl_eu\/wp-json\/wp\/v2\/pages\/896","targetHints":{"allow":["GET"]}}],"collection":[{"href":"https:\/\/upstardigital.com\/sl_eu\/wp-json\/wp\/v2\/pages"}],"about":[{"href":"https:\/\/upstardigital.com\/sl_eu\/wp-json\/wp\/v2\/types\/page"}],"author":[{"embeddable":true,"href":"https:\/\/upstardigital.com\/sl_eu\/wp-json\/wp\/v2\/users\/2"}],"replies":[{"embeddable":true,"href":"https:\/\/upstardigital.com\/sl_eu\/wp-json\/wp\/v2\/comments?post=896"}],"version-history":[{"count":1,"href":"https:\/\/upstardigital.com\/sl_eu\/wp-json\/wp\/v2\/pages\/896\/revisions"}],"predecessor-version":[{"id":897,"href":"https:\/\/upstardigital.com\/sl_eu\/wp-json\/wp\/v2\/pages\/896\/revisions\/897"}],"wp:attachment":[{"href":"https:\/\/upstardigital.com\/sl_eu\/wp-json\/wp\/v2\/media?parent=896"}],"curies":[{"name":"wp","href":"https:\/\/api.w.org\/{rel}","templated":true}]}}