{"id":2,"date":"2023-06-19T10:34:28","date_gmt":"2023-06-19T13:34:28","guid":{"rendered":"https:\/\/upstardigital.com\/?page_id=2"},"modified":"2023-06-19T20:59:39","modified_gmt":"2023-06-19T23:59:39","slug":"sobre-nos","status":"publish","type":"page","link":"https:\/\/upstardigital.com\/tr\/sobre-nos\/","title":{"rendered":"Hakk\u0131m\u0131zda"},"content":{"rendered":"<html><body><p>Bu bir \u00f6rnek sayfad\u0131r. Blog yaz\u0131s\u0131ndan farkl\u0131d\u0131r \u00e7\u00fcnk\u00fc tek bir yerde kal\u0131r ve \u00e7o\u011fu temada sitenizin navigasyonunda g\u00f6r\u00fcn\u00fcr. Bir\u00e7ok ki\u015fi, kendilerini potansiyel web sitesi ziyaret\u00e7ilerine tan\u0131tan bir sayfayla ba\u015flar. \u015e\u00f6yle bir \u015fey s\u00f6yleyebilir:<\/p>\n\n\n\n<blockquote class=\"wp-block-quote is-layout-flow wp-block-quote-is-layout-flow\"><p>Merhaba! G\u00fcnd\u00fczleri bisiklet kuryesiyim, geceleri ise hevesli oyuncuyum ve bu da benim web sitem. S\u00e3o Paulo&#039;da ya\u015f\u0131yorum, Rex ad\u0131nda b\u00fcy\u00fck bir k\u00f6pe\u011fim var ve caipirinha (ve ya\u011fmur du\u015fu) i\u00e7meyi seviyorum.<\/p><\/blockquote>\n\n\n\n<p>\u2026ou alguma coisa assim:<\/p>\n\n\n\n<blockquote class=\"wp-block-quote is-layout-flow wp-block-quote-is-layout-flow\"><p>XYZ Minyat\u00fcr \u015eirketi 1971 y\u0131l\u0131nda kuruldu ve o zamandan beri halka kaliteli minyat\u00fcrler sunuyor. Itu \u015fehrinde bulunan XYZ, 2.000&#039;den fazla ki\u015fiyi istihdam ediyor ve \u015fehrin toplumu i\u00e7in harika \u015feyler yap\u0131yor.<\/p><\/blockquote>\n\n\n\n<p>Yeni bir WordPress kullan\u0131c\u0131s\u0131 olarak \u015fu adrese gitmelisiniz: <a href=\"https:\/\/upstardigital.com\/wp-admin\/\">paneli<\/a> Bu sayfay\u0131 silmek ve i\u00e7eri\u011finiz i\u00e7in yeni sayfalar olu\u015fturmak i\u00e7in. \u0130yi e\u011flenceler!<\/p>\n<\/body><\/html>","protected":false},"excerpt":{"rendered":"<p>Esta \u00e9 uma p\u00e1gina de exemplo. \u00c9 diferente de um post no blog porque ela permanecer\u00e1 em um lugar e aparecer\u00e1 na navega\u00e7\u00e3o do seu site na maioria dos temas. Muitas pessoas come\u00e7am com uma p\u00e1gina que as apresenta a poss\u00edveis visitantes do site. Ela pode dizer algo assim: Ol\u00e1! Eu sou um mensageiro de [&hellip;]<\/p>\n","protected":false},"author":3,"featured_media":0,"parent":0,"menu_order":0,"comment_status":"closed","ping_status":"closed","template":"","meta":{"footnotes":""},"class_list":["post-2","page","type-page","status-publish","hentry"],"yoast_head":"<!-- This site is optimized with the Yoast SEO plugin v27.3 - https:\/\/yoast.com\/product\/yoast-seo-wordpress\/ -->\n<title>Sobre N\u00f3s -<\/title>\n<meta name=\"robots\" content=\"index, follow, max-snippet:-1, max-image-preview:large, max-video-preview:-1\" \/>\n<link rel=\"canonical\" href=\"https:\/\/upstardigital.com\/tr\/sobre-nos\/\" \/>\n<meta property=\"og:locale\" content=\"tr_TR\" \/>\n<meta property=\"og:type\" content=\"article\" \/>\n<meta property=\"og:title\" content=\"Sobre N\u00f3s -\" \/>\n<meta property=\"og:description\" content=\"Esta \u00e9 uma p\u00e1gina de exemplo. \u00c9 diferente de um post no blog porque ela permanecer\u00e1 em um lugar e aparecer\u00e1 na navega\u00e7\u00e3o do seu site na maioria dos temas. Muitas pessoas come\u00e7am com uma p\u00e1gina que as apresenta a poss\u00edveis visitantes do site. Ela pode dizer algo assim: Ol\u00e1! Eu sou um mensageiro de [&hellip;]\" \/>\n<meta property=\"og:url\" content=\"https:\/\/upstardigital.com\/tr\/sobre-nos\/\" \/>\n<meta property=\"article:modified_time\" content=\"2023-06-19T23:59:39+00:00\" \/>\n<meta name=\"twitter:card\" content=\"summary_large_image\" \/>\n<meta name=\"twitter:label1\" content=\"Est. reading time\" \/>\n\t<meta name=\"twitter:data1\" content=\"1 minute\" \/>\n<script type=\"application\/ld+json\" class=\"yoast-schema-graph\">{\"@context\":\"https:\\\/\\\/schema.org\",\"@graph\":[{\"@type\":\"WebPage\",\"@id\":\"https:\\\/\\\/upstardigital.com\\\/sobre-nos\\\/\",\"url\":\"https:\\\/\\\/upstardigital.com\\\/sobre-nos\\\/\",\"name\":\"Sobre N\u00f3s -\",\"isPartOf\":{\"@id\":\"https:\\\/\\\/upstardigital.com\\\/#website\"},\"datePublished\":\"2023-06-19T13:34:28+00:00\",\"dateModified\":\"2023-06-19T23:59:39+00:00\",\"breadcrumb\":{\"@id\":\"https:\\\/\\\/upstardigital.com\\\/sobre-nos\\\/#breadcrumb\"},\"inLanguage\":\"tr-TR\",\"potentialAction\":[{\"@type\":\"ReadAction\",\"target\":[\"https:\\\/\\\/upstardigital.com\\\/sobre-nos\\\/\"]}]},{\"@type\":\"BreadcrumbList\",\"@id\":\"https:\\\/\\\/upstardigital.com\\\/sobre-nos\\\/#breadcrumb\",\"itemListElement\":[{\"@type\":\"ListItem\",\"position\":1,\"name\":\"In\u00edcio\",\"item\":\"https:\\\/\\\/upstardigital.com\\\/\"},{\"@type\":\"ListItem\",\"position\":2,\"name\":\"Sobre N\u00f3s\"}]},{\"@type\":\"WebSite\",\"@id\":\"https:\\\/\\\/upstardigital.com\\\/#website\",\"url\":\"https:\\\/\\\/upstardigital.com\\\/\",\"name\":\"\",\"description\":\"\",\"potentialAction\":[{\"@type\":\"SearchAction\",\"target\":{\"@type\":\"EntryPoint\",\"urlTemplate\":\"https:\\\/\\\/upstardigital.com\\\/?s={search_term_string}\"},\"query-input\":{\"@type\":\"PropertyValueSpecification\",\"valueRequired\":true,\"valueName\":\"search_term_string\"}}],\"inLanguage\":\"tr-TR\"}]}<\/script>\n<!-- \/ Yoast SEO plugin. -->","yoast_head_json":{"title":"Hakk\u0131m\u0131zda -","robots":{"index":"index","follow":"follow","max-snippet":"max-snippet:-1","max-image-preview":"max-image-preview:large","max-video-preview":"max-video-preview:-1"},"canonical":"https:\/\/upstardigital.com\/tr\/sobre-nos\/","og_locale":"tr_TR","og_type":"article","og_title":"Sobre N\u00f3s -","og_description":"Esta \u00e9 uma p\u00e1gina de exemplo. \u00c9 diferente de um post no blog porque ela permanecer\u00e1 em um lugar e aparecer\u00e1 na navega\u00e7\u00e3o do seu site na maioria dos temas. Muitas pessoas come\u00e7am com uma p\u00e1gina que as apresenta a poss\u00edveis visitantes do site. Ela pode dizer algo assim: Ol\u00e1! Eu sou um mensageiro de [&hellip;]","og_url":"https:\/\/upstardigital.com\/tr\/sobre-nos\/","article_modified_time":"2023-06-19T23:59:39+00:00","twitter_card":"summary_large_image","twitter_misc":{"Est. reading time":"1 minute"},"schema":{"@context":"https:\/\/schema.org","@graph":[{"@type":"WebPage","@id":"https:\/\/upstardigital.com\/sobre-nos\/","url":"https:\/\/upstardigital.com\/sobre-nos\/","name":"Hakk\u0131m\u0131zda -","isPartOf":{"@id":"https:\/\/upstardigital.com\/#website"},"datePublished":"2023-06-19T13:34:28+00:00","dateModified":"2023-06-19T23:59:39+00:00","breadcrumb":{"@id":"https:\/\/upstardigital.com\/sobre-nos\/#breadcrumb"},"inLanguage":"tr-TR","potentialAction":[{"@type":"ReadAction","target":["https:\/\/upstardigital.com\/sobre-nos\/"]}]},{"@type":"BreadcrumbList","@id":"https:\/\/upstardigital.com\/sobre-nos\/#breadcrumb","itemListElement":[{"@type":"ListItem","position":1,"name":"In\u00edcio","item":"https:\/\/upstardigital.com\/"},{"@type":"ListItem","position":2,"name":"Sobre N\u00f3s"}]},{"@type":"WebSite","@id":"https:\/\/upstardigital.com\/#website","url":"https:\/\/upstardigital.com\/","name":"","description":"","potentialAction":[{"@type":"SearchAction","target":{"@type":"EntryPoint","urlTemplate":"https:\/\/upstardigital.com\/?s={search_term_string}"},"query-input":{"@type":"PropertyValueSpecification","valueRequired":true,"valueName":"search_term_string"}}],"inLanguage":"tr-TR"}]}},"_links":{"self":[{"href":"https:\/\/upstardigital.com\/tr\/wp-json\/wp\/v2\/pages\/2","targetHints":{"allow":["GET"]}}],"collection":[{"href":"https:\/\/upstardigital.com\/tr\/wp-json\/wp\/v2\/pages"}],"about":[{"href":"https:\/\/upstardigital.com\/tr\/wp-json\/wp\/v2\/types\/page"}],"author":[{"embeddable":true,"href":"https:\/\/upstardigital.com\/tr\/wp-json\/wp\/v2\/users\/3"}],"replies":[{"embeddable":true,"href":"https:\/\/upstardigital.com\/tr\/wp-json\/wp\/v2\/comments?post=2"}],"version-history":[{"count":1,"href":"https:\/\/upstardigital.com\/tr\/wp-json\/wp\/v2\/pages\/2\/revisions"}],"predecessor-version":[{"id":411,"href":"https:\/\/upstardigital.com\/tr\/wp-json\/wp\/v2\/pages\/2\/revisions\/411"}],"wp:attachment":[{"href":"https:\/\/upstardigital.com\/tr\/wp-json\/wp\/v2\/media?parent=2"}],"curies":[{"name":"wp","href":"https:\/\/api.w.org\/{rel}","templated":true}]}}