{"id":896,"date":"2024-08-01T13:11:46","date_gmt":"2024-08-01T16:11:46","guid":{"rendered":"https:\/\/upstardigital.com\/?page_id=896"},"modified":"2024-08-01T13:11:58","modified_gmt":"2024-08-01T16:11:58","slug":"disclaimer","status":"publish","type":"page","link":"https:\/\/upstardigital.com\/tr\/disclaimer\/","title":{"rendered":"Sorumluluk reddi beyan\u0131"},"content":{"rendered":"<html><body><p><strong>Dikkat:<\/strong>\u00a0\u00d6 <strong>Yukar\u0131 Y\u0131ld\u0131z Dijital<\/strong> kullan\u0131c\u0131lar\u0131ndan para talep etmez. Bu nedenle, web sitesinde gezinirken sizden bunu yapman\u0131z\u0131 isteyen bir pencere \u00e7\u0131karsa, l\u00fctfen bize haber verin ve web sitesini hemen kapat\u0131n.<\/p>\n\n\n\n<p><strong>Notlar:<\/strong>\u00a0\u00d6 <strong>Yukar\u0131 Y\u0131ld\u0131z Dijital<\/strong> kullan\u0131c\u0131lar\u0131na her zaman kaliteli i\u00e7erik sunmak isteyen bilgilendirici bir web sitesidir. Ancak bilgilerin h\u0131zla de\u011fi\u015fmesi nedeniyle baz\u0131 makaleler g\u00fcncelli\u011fini yitirebilir.<\/p>\n\n\n\n<p>Web sitemizi g\u00fcncel tutmaya \u00e7al\u0131\u015fsak da, di\u011fer web sitelerinden farkl\u0131l\u0131k g\u00f6steren bir durum olursa sorumluluk kabul etmiyoruz.<\/p>\n\n\n\n<p><strong>Ortaklar:<\/strong>\u00a0i\u00e7in ana gelir kayna\u011f\u0131 <strong>Yukar\u0131 Y\u0131ld\u0131z Dijital<\/strong> reklam yoluyla olur. Site, reklam ortaklar\u0131 arac\u0131l\u0131\u011f\u0131yla k\u00e2rdan pay al\u0131r. Ancak bu web sitesinde g\u00f6r\u00fcnen reklamlardan sorumlu olmad\u0131\u011f\u0131m\u0131z\u0131 a\u00e7\u0131k\u00e7a belirtmeliyiz.<\/p>\n\n\n\n<p><strong>Hususlar:<\/strong>\u00a0Kaliteli bilgiye ihtiyac\u0131n\u0131z varsa mutlaka aray\u0131n <strong>Yukar\u0131 Y\u0131ld\u0131z Dijital<\/strong> bunun i\u00e7in. Ancak makalelerin her zaman g\u00fcncellenmedi\u011fini bir kez daha unutmay\u0131n. Bu nedenle, g\u00fcncellenmi\u015f i\u00e7eri\u011fe ihtiyac\u0131n\u0131z varsa resmi web sitesini aray\u0131n.<\/p>\n<\/body><\/html>","protected":false},"excerpt":{"rendered":"<p>Aten\u00e7\u00e3o:\u00a0O Up Star Digital n\u00e3o solicita dinheiro para os seus usu\u00e1rios. Portanto, caso voc\u00ea esteja navegando no site e apare\u00e7a uma janela lhe solicitando isso, nos avise e feche o site imediatamente. Observa\u00e7\u00f5es:\u00a0O Up Star Digital \u00e9 um site informativo que deseja sempre fornecer conte\u00fado de qualidade aos seus usu\u00e1rios. Contudo, com a velocidade que [&hellip;]<\/p>\n","protected":false},"author":2,"featured_media":0,"parent":0,"menu_order":0,"comment_status":"closed","ping_status":"closed","template":"","meta":{"footnotes":""},"class_list":["post-896","page","type-page","status-publish","hentry"],"yoast_head":"<!-- This site is optimized with the Yoast SEO plugin v27.3 - https:\/\/yoast.com\/product\/yoast-seo-wordpress\/ -->\n<title>Disclaimer -<\/title>\n<meta name=\"robots\" content=\"index, follow, max-snippet:-1, max-image-preview:large, max-video-preview:-1\" \/>\n<link rel=\"canonical\" href=\"https:\/\/upstardigital.com\/tr\/disclaimer\/\" \/>\n<meta property=\"og:locale\" content=\"tr_TR\" \/>\n<meta property=\"og:type\" content=\"article\" \/>\n<meta property=\"og:title\" content=\"Disclaimer -\" \/>\n<meta property=\"og:description\" content=\"Aten\u00e7\u00e3o:\u00a0O Up Star Digital n\u00e3o solicita dinheiro para os seus usu\u00e1rios. Portanto, caso voc\u00ea esteja navegando no site e apare\u00e7a uma janela lhe solicitando isso, nos avise e feche o site imediatamente. Observa\u00e7\u00f5es:\u00a0O Up Star Digital \u00e9 um site informativo que deseja sempre fornecer conte\u00fado de qualidade aos seus usu\u00e1rios. Contudo, com a velocidade que [&hellip;]\" \/>\n<meta property=\"og:url\" content=\"https:\/\/upstardigital.com\/tr\/disclaimer\/\" \/>\n<meta property=\"article:modified_time\" content=\"2024-08-01T16:11:58+00:00\" \/>\n<meta name=\"twitter:card\" content=\"summary_large_image\" \/>\n<meta name=\"twitter:label1\" content=\"Est. reading time\" \/>\n\t<meta name=\"twitter:data1\" content=\"1 minute\" \/>\n<script type=\"application\/ld+json\" class=\"yoast-schema-graph\">{\"@context\":\"https:\\\/\\\/schema.org\",\"@graph\":[{\"@type\":\"WebPage\",\"@id\":\"https:\\\/\\\/upstardigital.com\\\/disclaimer\\\/\",\"url\":\"https:\\\/\\\/upstardigital.com\\\/disclaimer\\\/\",\"name\":\"Disclaimer -\",\"isPartOf\":{\"@id\":\"https:\\\/\\\/upstardigital.com\\\/#website\"},\"datePublished\":\"2024-08-01T16:11:46+00:00\",\"dateModified\":\"2024-08-01T16:11:58+00:00\",\"breadcrumb\":{\"@id\":\"https:\\\/\\\/upstardigital.com\\\/disclaimer\\\/#breadcrumb\"},\"inLanguage\":\"tr-TR\",\"potentialAction\":[{\"@type\":\"ReadAction\",\"target\":[\"https:\\\/\\\/upstardigital.com\\\/disclaimer\\\/\"]}]},{\"@type\":\"BreadcrumbList\",\"@id\":\"https:\\\/\\\/upstardigital.com\\\/disclaimer\\\/#breadcrumb\",\"itemListElement\":[{\"@type\":\"ListItem\",\"position\":1,\"name\":\"In\u00edcio\",\"item\":\"https:\\\/\\\/upstardigital.com\\\/\"},{\"@type\":\"ListItem\",\"position\":2,\"name\":\"Disclaimer\"}]},{\"@type\":\"WebSite\",\"@id\":\"https:\\\/\\\/upstardigital.com\\\/#website\",\"url\":\"https:\\\/\\\/upstardigital.com\\\/\",\"name\":\"\",\"description\":\"\",\"potentialAction\":[{\"@type\":\"SearchAction\",\"target\":{\"@type\":\"EntryPoint\",\"urlTemplate\":\"https:\\\/\\\/upstardigital.com\\\/?s={search_term_string}\"},\"query-input\":{\"@type\":\"PropertyValueSpecification\",\"valueRequired\":true,\"valueName\":\"search_term_string\"}}],\"inLanguage\":\"tr-TR\"}]}<\/script>\n<!-- \/ Yoast SEO plugin. -->","yoast_head_json":{"title":"Sorumluluk reddi beyan\u0131 -","robots":{"index":"index","follow":"follow","max-snippet":"max-snippet:-1","max-image-preview":"max-image-preview:large","max-video-preview":"max-video-preview:-1"},"canonical":"https:\/\/upstardigital.com\/tr\/disclaimer\/","og_locale":"tr_TR","og_type":"article","og_title":"Disclaimer -","og_description":"Aten\u00e7\u00e3o:\u00a0O Up Star Digital n\u00e3o solicita dinheiro para os seus usu\u00e1rios. Portanto, caso voc\u00ea esteja navegando no site e apare\u00e7a uma janela lhe solicitando isso, nos avise e feche o site imediatamente. Observa\u00e7\u00f5es:\u00a0O Up Star Digital \u00e9 um site informativo que deseja sempre fornecer conte\u00fado de qualidade aos seus usu\u00e1rios. Contudo, com a velocidade que [&hellip;]","og_url":"https:\/\/upstardigital.com\/tr\/disclaimer\/","article_modified_time":"2024-08-01T16:11:58+00:00","twitter_card":"summary_large_image","twitter_misc":{"Est. reading time":"1 minute"},"schema":{"@context":"https:\/\/schema.org","@graph":[{"@type":"WebPage","@id":"https:\/\/upstardigital.com\/disclaimer\/","url":"https:\/\/upstardigital.com\/disclaimer\/","name":"Sorumluluk reddi beyan\u0131 -","isPartOf":{"@id":"https:\/\/upstardigital.com\/#website"},"datePublished":"2024-08-01T16:11:46+00:00","dateModified":"2024-08-01T16:11:58+00:00","breadcrumb":{"@id":"https:\/\/upstardigital.com\/disclaimer\/#breadcrumb"},"inLanguage":"tr-TR","potentialAction":[{"@type":"ReadAction","target":["https:\/\/upstardigital.com\/disclaimer\/"]}]},{"@type":"BreadcrumbList","@id":"https:\/\/upstardigital.com\/disclaimer\/#breadcrumb","itemListElement":[{"@type":"ListItem","position":1,"name":"In\u00edcio","item":"https:\/\/upstardigital.com\/"},{"@type":"ListItem","position":2,"name":"Disclaimer"}]},{"@type":"WebSite","@id":"https:\/\/upstardigital.com\/#website","url":"https:\/\/upstardigital.com\/","name":"","description":"","potentialAction":[{"@type":"SearchAction","target":{"@type":"EntryPoint","urlTemplate":"https:\/\/upstardigital.com\/?s={search_term_string}"},"query-input":{"@type":"PropertyValueSpecification","valueRequired":true,"valueName":"search_term_string"}}],"inLanguage":"tr-TR"}]}},"_links":{"self":[{"href":"https:\/\/upstardigital.com\/tr\/wp-json\/wp\/v2\/pages\/896","targetHints":{"allow":["GET"]}}],"collection":[{"href":"https:\/\/upstardigital.com\/tr\/wp-json\/wp\/v2\/pages"}],"about":[{"href":"https:\/\/upstardigital.com\/tr\/wp-json\/wp\/v2\/types\/page"}],"author":[{"embeddable":true,"href":"https:\/\/upstardigital.com\/tr\/wp-json\/wp\/v2\/users\/2"}],"replies":[{"embeddable":true,"href":"https:\/\/upstardigital.com\/tr\/wp-json\/wp\/v2\/comments?post=896"}],"version-history":[{"count":1,"href":"https:\/\/upstardigital.com\/tr\/wp-json\/wp\/v2\/pages\/896\/revisions"}],"predecessor-version":[{"id":897,"href":"https:\/\/upstardigital.com\/tr\/wp-json\/wp\/v2\/pages\/896\/revisions\/897"}],"wp:attachment":[{"href":"https:\/\/upstardigital.com\/tr\/wp-json\/wp\/v2\/media?parent=896"}],"curies":[{"name":"wp","href":"https:\/\/api.w.org\/{rel}","templated":true}]}}